{"id":79064,"date":"2023-07-13T13:13:40","date_gmt":"2023-07-13T12:13:40","guid":{"rendered":"https:\/\/scramblestuff.com\/eu\/p\/kimono-label-tee-white\/"},"modified":"2024-06-24T23:25:42","modified_gmt":"2024-06-24T22:25:42","slug":"kimono-label-tee-white","status":"publish","type":"product","link":"https:\/\/scramblestuff.com\/eu\/es\/p\/kimono-label-tee-white\/","title":{"rendered":"Kimono Label Tee &#8211; White"},"content":{"rendered":"<p>Dise\u00f1amos un tratamiento tipogr\u00e1fico h\u00edbrido cl\u00e1sico, que combina la tipograf\u00eda occidental y japonesa en una etiqueta imaginaria para esta prenda relajada de 100% algod\u00f3n. El dise\u00f1o se repite en una impresi\u00f3n en el bolsillo delantero.<\/p>\n","protected":false},"excerpt":{"rendered":"<p>100% Algod\u00f3n Org\u00e1nico<br \/>\nEstampado Suave en Serigraf\u00eda<br \/>\nCorte Relajado<\/p>\n","protected":false},"featured_media":88066,"comment_status":"open","ping_status":"closed","template":"","meta":{"_editorskit_title_hidden":false,"_editorskit_reading_time":0,"_editorskit_is_block_options_detached":false,"_editorskit_block_options_position":"{}"},"product_brand":[],"product_cat":[210,190,27,186,232],"product_tag":[],"giftcard-category":[],"class_list":{"0":"post-79064","1":"product","2":"type-product","3":"status-publish","4":"has-post-thumbnail","6":"product_cat-camisetas","7":"product_cat-ropa-casual","8":"product_cat-sale","9":"product_cat-todos-los-productos","10":"product_cat-venta","12":"first","13":"outofstock","14":"taxable","15":"shipping-taxable","16":"purchasable","17":"product-type-variable"},"_links":{"self":[{"href":"https:\/\/scramblestuff.com\/eu\/es\/wp-json\/wp\/v2\/product\/79064","targetHints":{"allow":["GET"]}}],"collection":[{"href":"https:\/\/scramblestuff.com\/eu\/es\/wp-json\/wp\/v2\/product"}],"about":[{"href":"https:\/\/scramblestuff.com\/eu\/es\/wp-json\/wp\/v2\/types\/product"}],"replies":[{"embeddable":true,"href":"https:\/\/scramblestuff.com\/eu\/es\/wp-json\/wp\/v2\/comments?post=79064"}],"wp:featuredmedia":[{"embeddable":true,"href":"https:\/\/scramblestuff.com\/eu\/es\/wp-json\/wp\/v2\/media\/88066"}],"wp:attachment":[{"href":"https:\/\/scramblestuff.com\/eu\/es\/wp-json\/wp\/v2\/media?parent=79064"}],"wp:term":[{"taxonomy":"product_brand","embeddable":true,"href":"https:\/\/scramblestuff.com\/eu\/es\/wp-json\/wp\/v2\/product_brand?post=79064"},{"taxonomy":"product_cat","embeddable":true,"href":"https:\/\/scramblestuff.com\/eu\/es\/wp-json\/wp\/v2\/product_cat?post=79064"},{"taxonomy":"product_tag","embeddable":true,"href":"https:\/\/scramblestuff.com\/eu\/es\/wp-json\/wp\/v2\/product_tag?post=79064"},{"taxonomy":"giftcard-category","embeddable":true,"href":"https:\/\/scramblestuff.com\/eu\/es\/wp-json\/wp\/v2\/giftcard-category?post=79064"}],"curies":[{"name":"wp","href":"https:\/\/api.w.org\/{rel}","templated":true}]}}