{"id":79191,"date":"2023-09-19T13:46:23","date_gmt":"2023-09-19T12:46:23","guid":{"rendered":"https:\/\/scramblestuff.com\/eu\/p\/burning-tiger-rashguard\/"},"modified":"2025-10-20T10:03:56","modified_gmt":"2025-10-20T09:03:56","slug":"burning-tiger-rashguard","status":"publish","type":"product","link":"https:\/\/scramblestuff.com\/eu\/es\/p\/burning-tiger-rashguard\/","title":{"rendered":"Burning Tiger Rashguard"},"content":{"rendered":"<p>Usando nuestro popular ajuste \u201ct\u00e1ctico\u201d, esta camiseta tiene m\u00faltiples paneles, lo que significa que es c\u00f3moda y permite un rango completo de movimiento. Un peque\u00f1o secreto: lo mismo ocurre con cualquier otro material el\u00e1stico, pero eso es lo que hacen las marcas, inventan cosas que suenan bien. \u00a1Rango completo de movimiento! Wow. Como si no pudieras tener un rango completo de movimiento mientras llevas una camiseta o lo que sea.<br \/>\nPero lo principal es que los TIGRES que est\u00e1n ARDIENDO se ven ALUCINANTES.<\/p>\n","protected":false},"excerpt":{"rendered":"<p>Los tigres son geniales, al igual que el fuego<br \/>\nY as\u00ed, esta camiseta<br \/>\nDise\u00f1o premium de m\u00faltiples paneles<br \/>\nCaliente<\/p>\n","protected":false},"featured_media":87260,"comment_status":"open","ping_status":"closed","template":"","meta":{"_editorskit_title_hidden":false,"_editorskit_reading_time":0,"_editorskit_is_block_options_detached":false,"_editorskit_block_options_position":"{}"},"product_brand":[],"product_cat":[337,186],"product_tag":[566],"giftcard-category":[],"class_list":{"0":"post-79191","1":"product","2":"type-product","3":"status-publish","4":"has-post-thumbnail","6":"product_cat-rashguards-es","7":"product_cat-todos-los-productos","8":"product_tag-tigre-quemandose","10":"first","11":"outofstock","12":"taxable","13":"shipping-taxable","14":"purchasable","15":"product-type-variable"},"_links":{"self":[{"href":"https:\/\/scramblestuff.com\/eu\/es\/wp-json\/wp\/v2\/product\/79191","targetHints":{"allow":["GET"]}}],"collection":[{"href":"https:\/\/scramblestuff.com\/eu\/es\/wp-json\/wp\/v2\/product"}],"about":[{"href":"https:\/\/scramblestuff.com\/eu\/es\/wp-json\/wp\/v2\/types\/product"}],"replies":[{"embeddable":true,"href":"https:\/\/scramblestuff.com\/eu\/es\/wp-json\/wp\/v2\/comments?post=79191"}],"wp:featuredmedia":[{"embeddable":true,"href":"https:\/\/scramblestuff.com\/eu\/es\/wp-json\/wp\/v2\/media\/87260"}],"wp:attachment":[{"href":"https:\/\/scramblestuff.com\/eu\/es\/wp-json\/wp\/v2\/media?parent=79191"}],"wp:term":[{"taxonomy":"product_brand","embeddable":true,"href":"https:\/\/scramblestuff.com\/eu\/es\/wp-json\/wp\/v2\/product_brand?post=79191"},{"taxonomy":"product_cat","embeddable":true,"href":"https:\/\/scramblestuff.com\/eu\/es\/wp-json\/wp\/v2\/product_cat?post=79191"},{"taxonomy":"product_tag","embeddable":true,"href":"https:\/\/scramblestuff.com\/eu\/es\/wp-json\/wp\/v2\/product_tag?post=79191"},{"taxonomy":"giftcard-category","embeddable":true,"href":"https:\/\/scramblestuff.com\/eu\/es\/wp-json\/wp\/v2\/giftcard-category?post=79191"}],"curies":[{"name":"wp","href":"https:\/\/api.w.org\/{rel}","templated":true}]}}