{"id":79205,"date":"2023-09-25T14:33:33","date_gmt":"2023-11-07T13:44:41","guid":{"rendered":"https:\/\/scramblestuff.com\/eu\/p\/mouth-gum-shield-guard\/"},"modified":"2026-01-02T00:10:49","modified_gmt":"2026-01-02T00:10:49","slug":"mouth-gum-shield-guard","status":"publish","type":"product","link":"https:\/\/scramblestuff.com\/eu\/es\/p\/mouth-gum-shield-guard\/","title":{"rendered":"Mouth Gum Shield Guard"},"content":{"rendered":"<p>Nada peor que ser sometido con un RNC o recibir un golpe de rodilla de paso y sentir c\u00f3mo tus dientes rechinan como papel de lija, y luego pasar el resto de la clase pensando \u00abah, demonios, deber\u00eda haber comprado el protector bucal Mouthgum Shieldguard de Scramble (cara triste)\u00bb. Entonces, \u00bfa qu\u00e9 est\u00e1s esperando? C\u00f3mpralo ahora, es un no-brianer. S\u00ed, dije \u00abBrianer\u00bb. Este es un club sin Brians.<br \/>\nFuera de bromas, este es un protector bucal de goma flexible \u00e9pico de Scramble.<\/p>\n","protected":false},"excerpt":{"rendered":"<p>Protector bucal y protector de enc\u00edas, todo en uno<br \/>\nDeja de golpear tus dientes.<br \/>\nFunda dental en goma flexible<\/p>\n","protected":false},"featured_media":87640,"comment_status":"open","ping_status":"closed","template":"","meta":{"_editorskit_title_hidden":false,"_editorskit_reading_time":0,"_editorskit_is_block_options_detached":false,"_editorskit_block_options_position":"{}"},"product_brand":[],"product_cat":[182,336,186],"product_tag":[],"giftcard-category":[],"class_list":{"0":"post-79205","1":"product","2":"type-product","3":"status-publish","4":"has-post-thumbnail","6":"product_cat-accesorios","7":"product_cat-mma-es","8":"product_cat-todos-los-productos","10":"first","11":"instock","12":"taxable","13":"shipping-taxable","14":"purchasable","15":"product-type-simple"},"_links":{"self":[{"href":"https:\/\/scramblestuff.com\/eu\/es\/wp-json\/wp\/v2\/product\/79205","targetHints":{"allow":["GET"]}}],"collection":[{"href":"https:\/\/scramblestuff.com\/eu\/es\/wp-json\/wp\/v2\/product"}],"about":[{"href":"https:\/\/scramblestuff.com\/eu\/es\/wp-json\/wp\/v2\/types\/product"}],"replies":[{"embeddable":true,"href":"https:\/\/scramblestuff.com\/eu\/es\/wp-json\/wp\/v2\/comments?post=79205"}],"wp:featuredmedia":[{"embeddable":true,"href":"https:\/\/scramblestuff.com\/eu\/es\/wp-json\/wp\/v2\/media\/87640"}],"wp:attachment":[{"href":"https:\/\/scramblestuff.com\/eu\/es\/wp-json\/wp\/v2\/media?parent=79205"}],"wp:term":[{"taxonomy":"product_brand","embeddable":true,"href":"https:\/\/scramblestuff.com\/eu\/es\/wp-json\/wp\/v2\/product_brand?post=79205"},{"taxonomy":"product_cat","embeddable":true,"href":"https:\/\/scramblestuff.com\/eu\/es\/wp-json\/wp\/v2\/product_cat?post=79205"},{"taxonomy":"product_tag","embeddable":true,"href":"https:\/\/scramblestuff.com\/eu\/es\/wp-json\/wp\/v2\/product_tag?post=79205"},{"taxonomy":"giftcard-category","embeddable":true,"href":"https:\/\/scramblestuff.com\/eu\/es\/wp-json\/wp\/v2\/giftcard-category?post=79205"}],"curies":[{"name":"wp","href":"https:\/\/api.w.org\/{rel}","templated":true}]}}