{"id":79206,"date":"2023-09-25T14:56:26","date_gmt":"2023-09-25T13:56:26","guid":{"rendered":"https:\/\/scramblestuff.com\/eu\/p\/shinobi-compression-tights\/"},"modified":"2025-12-13T07:56:19","modified_gmt":"2025-12-13T07:56:19","slug":"shinobi-compression-tights","status":"publish","type":"product","link":"https:\/\/scramblestuff.com\/eu\/es\/p\/shinobi-compression-tights\/","title":{"rendered":"Shinobi Compression Tights"},"content":{"rendered":"<p>La l\u00ednea Shinobi es nuestro concepto de ropa discreta de compresi\u00f3n premium. Con un enfoque en materiales de alta calidad y construcci\u00f3n s\u00f3lida, el dise\u00f1o es simple pero elegante, lo que permite un rango de movimiento perfecto y cuenta con paneles de malla transpirable en lugares que permiten que tu cuerpo respire durante el ejercicio. El conjunto es adecuado para el gimnasio, lucha sin kimono, MMA, etc.<\/p>\n","protected":false},"excerpt":{"rendered":"<p>Ropa de compresi\u00f3n premium<br \/>\nPaneles c\u00f3modos y malla transpirable<br \/>\nAspecto multideportivo limpio y vers\u00e1til<\/p>\n","protected":false},"featured_media":88927,"comment_status":"open","ping_status":"closed","template":"","meta":{"_editorskit_title_hidden":false,"_editorskit_reading_time":0,"_editorskit_is_block_options_detached":false,"_editorskit_block_options_position":"{}"},"product_brand":[],"product_cat":[214,363,186],"product_tag":[],"giftcard-category":[],"class_list":{"0":"post-79206","1":"product","2":"type-product","3":"status-publish","4":"has-post-thumbnail","6":"product_cat-desgaste-de-lucha","7":"product_cat-spats-tights-es","8":"product_cat-todos-los-productos","10":"first","11":"instock","12":"taxable","13":"shipping-taxable","14":"purchasable","15":"product-type-variable"},"_links":{"self":[{"href":"https:\/\/scramblestuff.com\/eu\/es\/wp-json\/wp\/v2\/product\/79206","targetHints":{"allow":["GET"]}}],"collection":[{"href":"https:\/\/scramblestuff.com\/eu\/es\/wp-json\/wp\/v2\/product"}],"about":[{"href":"https:\/\/scramblestuff.com\/eu\/es\/wp-json\/wp\/v2\/types\/product"}],"replies":[{"embeddable":true,"href":"https:\/\/scramblestuff.com\/eu\/es\/wp-json\/wp\/v2\/comments?post=79206"}],"wp:featuredmedia":[{"embeddable":true,"href":"https:\/\/scramblestuff.com\/eu\/es\/wp-json\/wp\/v2\/media\/88927"}],"wp:attachment":[{"href":"https:\/\/scramblestuff.com\/eu\/es\/wp-json\/wp\/v2\/media?parent=79206"}],"wp:term":[{"taxonomy":"product_brand","embeddable":true,"href":"https:\/\/scramblestuff.com\/eu\/es\/wp-json\/wp\/v2\/product_brand?post=79206"},{"taxonomy":"product_cat","embeddable":true,"href":"https:\/\/scramblestuff.com\/eu\/es\/wp-json\/wp\/v2\/product_cat?post=79206"},{"taxonomy":"product_tag","embeddable":true,"href":"https:\/\/scramblestuff.com\/eu\/es\/wp-json\/wp\/v2\/product_tag?post=79206"},{"taxonomy":"giftcard-category","embeddable":true,"href":"https:\/\/scramblestuff.com\/eu\/es\/wp-json\/wp\/v2\/giftcard-category?post=79206"}],"curies":[{"name":"wp","href":"https:\/\/api.w.org\/{rel}","templated":true}]}}