{"id":79260,"date":"2023-10-19T09:40:04","date_gmt":"2023-10-19T08:40:04","guid":{"rendered":"https:\/\/scramblestuff.com\/eu\/p\/combination-shorts-black-logotypes\/"},"modified":"2025-11-02T23:22:50","modified_gmt":"2025-11-02T23:22:50","slug":"combination-shorts-black-logotypes","status":"publish","type":"product","link":"https:\/\/scramblestuff.com\/eu\/es\/p\/combination-shorts-black-logotypes\/","title":{"rendered":"Combination Shorts &#8211; Black \/ Logotypes"},"content":{"rendered":"<p>Presentamos la \u00faltima incorporaci\u00f3n a nuestra colecci\u00f3n: los Black Combination Shorts, reconocidos por su excelencia. Estos shorts cuentan con una elegante capa interna de Lycra con el logo \u00abScramble en todas partes\u00bb y est\u00e1n dise\u00f1ados para diversos prop\u00f3sitos de entrenamiento, incluyendo jiu-jitsu, lucha sin kimono, correr y ejercicios en el gimnasio. Su dise\u00f1o incluye una capa interna de Lycra y una capa externa corta que llega por encima del muslo para ofrecer la m\u00e1xima comodidad y rendimiento.<\/p>\n","protected":false},"excerpt":{"rendered":"<p>Tama\u00f1o revisado: deber\u00eda calzar a la talla indicada<\/p>\n<p>Doble capa con lycra interior negra por debajo<\/p>\n<p>Probablemente los mejores shorts de entrenamiento de todos los tiempos<\/p>\n","protected":false},"featured_media":96455,"comment_status":"open","ping_status":"closed","template":"","meta":{"_editorskit_title_hidden":false,"_editorskit_reading_time":0,"_editorskit_is_block_options_detached":false,"_editorskit_block_options_position":"{}"},"product_brand":[],"product_cat":[214,345,186,232],"product_tag":[470],"giftcard-category":[],"class_list":{"0":"post-79260","1":"product","2":"type-product","3":"status-publish","4":"has-post-thumbnail","6":"product_cat-desgaste-de-lucha","7":"product_cat-grappling-shorts-es","8":"product_cat-todos-los-productos","9":"product_cat-venta","10":"product_tag-comboshorts-es","12":"first","13":"outofstock","14":"taxable","15":"shipping-taxable","16":"product-type-variable"},"_links":{"self":[{"href":"https:\/\/scramblestuff.com\/eu\/es\/wp-json\/wp\/v2\/product\/79260","targetHints":{"allow":["GET"]}}],"collection":[{"href":"https:\/\/scramblestuff.com\/eu\/es\/wp-json\/wp\/v2\/product"}],"about":[{"href":"https:\/\/scramblestuff.com\/eu\/es\/wp-json\/wp\/v2\/types\/product"}],"replies":[{"embeddable":true,"href":"https:\/\/scramblestuff.com\/eu\/es\/wp-json\/wp\/v2\/comments?post=79260"}],"wp:featuredmedia":[{"embeddable":true,"href":"https:\/\/scramblestuff.com\/eu\/es\/wp-json\/wp\/v2\/media\/96455"}],"wp:attachment":[{"href":"https:\/\/scramblestuff.com\/eu\/es\/wp-json\/wp\/v2\/media?parent=79260"}],"wp:term":[{"taxonomy":"product_brand","embeddable":true,"href":"https:\/\/scramblestuff.com\/eu\/es\/wp-json\/wp\/v2\/product_brand?post=79260"},{"taxonomy":"product_cat","embeddable":true,"href":"https:\/\/scramblestuff.com\/eu\/es\/wp-json\/wp\/v2\/product_cat?post=79260"},{"taxonomy":"product_tag","embeddable":true,"href":"https:\/\/scramblestuff.com\/eu\/es\/wp-json\/wp\/v2\/product_tag?post=79260"},{"taxonomy":"giftcard-category","embeddable":true,"href":"https:\/\/scramblestuff.com\/eu\/es\/wp-json\/wp\/v2\/giftcard-category?post=79260"}],"curies":[{"name":"wp","href":"https:\/\/api.w.org\/{rel}","templated":true}]}}