{"id":83147,"date":"2023-11-07T12:59:20","date_gmt":"2024-04-27T15:45:43","guid":{"rendered":"https:\/\/scramblestuff.com\/eu\/p\/scramble-glyph-gi-female-black\/"},"modified":"2024-04-27T16:45:45","modified_gmt":"2024-04-27T15:45:45","slug":"scramble-glyph-gi-female-black","status":"publish","type":"product","link":"https:\/\/scramblestuff.com\/eu\/es\/p\/scramble-glyph-gi-female-black\/","title":{"rendered":"Scramble Glyph GI Female &#8211; Black"},"content":{"rendered":"<p>El kimono Glyph de Scramble toma las letras del nombre de la marca Scramble y las aplica en una tipograf\u00eda inglesa antigua grande y audaz alrededor de todo el kimono. Este gi tiene un peso medio en general y es adecuado para el entrenamiento diario, hecho con bordados densos de muy alta calidad. Presenta numerosos peque\u00f1os detalles y toques, lo que seguramente lo convertir\u00e1 en una pieza de colecci\u00f3n. Orgullosamente ILEGAL para la IBJJF.<\/p>\n","protected":false},"excerpt":{"rendered":"<p>Dise\u00f1o audaz y original<\/p>\n<p>Parte superior de tejido de perla de 450 gsm.<\/p>\n<p>Pantalones ripstop.<\/p>\n","protected":false},"featured_media":79122,"comment_status":"open","ping_status":"closed","template":"","meta":{"_editorskit_title_hidden":false,"_editorskit_reading_time":0,"_editorskit_is_block_options_detached":false,"_editorskit_block_options_position":"{}"},"product_brand":[],"product_cat":[322,243,239,27,186,232],"product_tag":[],"giftcard-category":[],"class_list":{"0":"post-83147","1":"product","2":"type-product","3":"status-publish","4":"has-post-thumbnail","6":"product_cat-bjj-gi-es","7":"product_cat-de-las-mujeres-bjj-gi","8":"product_cat-mujeres","9":"product_cat-sale","10":"product_cat-todos-los-productos","11":"product_cat-venta","13":"first","14":"outofstock","15":"taxable","16":"shipping-taxable","17":"purchasable","18":"product-type-variable"},"_links":{"self":[{"href":"https:\/\/scramblestuff.com\/eu\/es\/wp-json\/wp\/v2\/product\/83147","targetHints":{"allow":["GET"]}}],"collection":[{"href":"https:\/\/scramblestuff.com\/eu\/es\/wp-json\/wp\/v2\/product"}],"about":[{"href":"https:\/\/scramblestuff.com\/eu\/es\/wp-json\/wp\/v2\/types\/product"}],"replies":[{"embeddable":true,"href":"https:\/\/scramblestuff.com\/eu\/es\/wp-json\/wp\/v2\/comments?post=83147"}],"wp:featuredmedia":[{"embeddable":true,"href":"https:\/\/scramblestuff.com\/eu\/es\/wp-json\/wp\/v2\/media\/79122"}],"wp:attachment":[{"href":"https:\/\/scramblestuff.com\/eu\/es\/wp-json\/wp\/v2\/media?parent=83147"}],"wp:term":[{"taxonomy":"product_brand","embeddable":true,"href":"https:\/\/scramblestuff.com\/eu\/es\/wp-json\/wp\/v2\/product_brand?post=83147"},{"taxonomy":"product_cat","embeddable":true,"href":"https:\/\/scramblestuff.com\/eu\/es\/wp-json\/wp\/v2\/product_cat?post=83147"},{"taxonomy":"product_tag","embeddable":true,"href":"https:\/\/scramblestuff.com\/eu\/es\/wp-json\/wp\/v2\/product_tag?post=83147"},{"taxonomy":"giftcard-category","embeddable":true,"href":"https:\/\/scramblestuff.com\/eu\/es\/wp-json\/wp\/v2\/giftcard-category?post=83147"}],"curies":[{"name":"wp","href":"https:\/\/api.w.org\/{rel}","templated":true}]}}