{"id":83167,"date":"2023-12-14T13:13:28","date_gmt":"2023-12-14T13:13:28","guid":{"rendered":"https:\/\/scramblestuff.com\/eu\/p\/kids-belt-solid-colour\/"},"modified":"2025-09-25T00:34:44","modified_gmt":"2025-09-24T23:34:44","slug":"kids-belt-solid-colour","status":"publish","type":"product","link":"https:\/\/scramblestuff.com\/eu\/es\/p\/kids-belt-solid-colour\/","title":{"rendered":"Kids Belt &#8211; Solid Colour"},"content":{"rendered":"<p>Llevando nuestros altos est\u00e1ndares a los productos para ni\u00f1os, tenemos una gama de cinturones para ni\u00f1os disponibles que cumplen con los est\u00e1ndares de la IBJJF para el jiu-jitsu infantil. La marca presenta el kanji \u00abtanren\u00bb, un mensaje fant\u00e1stico para los ni\u00f1os aspirantes al jiu-jitsu infantil. Tanren significa forjar, de la forma en que el acero se forja en el fuego al hacer una espada. <\/p>\n<p>Tallas de cintur\u00f3n en cent\u00edmetros:<\/p>\n<p>M000 \u2013 185<\/p>\n<p>M00 \u2013 195<\/p>\n<p>M0 \u2013 205<\/p>\n<p>M1 \u2013 215<\/p>\n<p>M2 \u2013 230<\/p>\n<p>M3 \u2013 245<\/p>\n<p>M4 \u2013 260<\/p>\n","protected":false},"excerpt":{"rendered":"<p>Cinturones de alta calidad para ni\u00f1os<\/p>\n<p>Cumple con los est\u00e1ndares de la IBJJF <\/p>\n<p>Marca \u00abTanren\u00bb de Scramble<\/p>\n","protected":false},"featured_media":87915,"comment_status":"closed","ping_status":"closed","template":"","meta":{"_editorskit_title_hidden":false,"_editorskit_reading_time":0,"_editorskit_is_block_options_detached":false,"_editorskit_block_options_position":"{}"},"product_brand":[],"product_cat":[218,214,228,186],"product_tag":[],"giftcard-category":[],"class_list":{"0":"post-83167","1":"product","2":"type-product","3":"status-publish","4":"has-post-thumbnail","6":"product_cat-bjj-cinturones","7":"product_cat-desgaste-de-lucha","8":"product_cat-ninos","9":"product_cat-todos-los-productos","11":"first","12":"instock","13":"purchasable","14":"product-type-variable"},"_links":{"self":[{"href":"https:\/\/scramblestuff.com\/eu\/es\/wp-json\/wp\/v2\/product\/83167","targetHints":{"allow":["GET"]}}],"collection":[{"href":"https:\/\/scramblestuff.com\/eu\/es\/wp-json\/wp\/v2\/product"}],"about":[{"href":"https:\/\/scramblestuff.com\/eu\/es\/wp-json\/wp\/v2\/types\/product"}],"replies":[{"embeddable":true,"href":"https:\/\/scramblestuff.com\/eu\/es\/wp-json\/wp\/v2\/comments?post=83167"}],"wp:featuredmedia":[{"embeddable":true,"href":"https:\/\/scramblestuff.com\/eu\/es\/wp-json\/wp\/v2\/media\/87915"}],"wp:attachment":[{"href":"https:\/\/scramblestuff.com\/eu\/es\/wp-json\/wp\/v2\/media?parent=83167"}],"wp:term":[{"taxonomy":"product_brand","embeddable":true,"href":"https:\/\/scramblestuff.com\/eu\/es\/wp-json\/wp\/v2\/product_brand?post=83167"},{"taxonomy":"product_cat","embeddable":true,"href":"https:\/\/scramblestuff.com\/eu\/es\/wp-json\/wp\/v2\/product_cat?post=83167"},{"taxonomy":"product_tag","embeddable":true,"href":"https:\/\/scramblestuff.com\/eu\/es\/wp-json\/wp\/v2\/product_tag?post=83167"},{"taxonomy":"giftcard-category","embeddable":true,"href":"https:\/\/scramblestuff.com\/eu\/es\/wp-json\/wp\/v2\/giftcard-category?post=83167"}],"curies":[{"name":"wp","href":"https:\/\/api.w.org\/{rel}","templated":true}]}}