{"id":83285,"date":"2023-12-14T13:13:29","date_gmt":"2023-12-14T13:13:29","guid":{"rendered":"https:\/\/scramblestuff.com\/eu\/p\/kids-athlite-6-blue\/"},"modified":"2024-04-28T18:46:44","modified_gmt":"2024-04-28T17:46:44","slug":"kids-athlite-6-blue","status":"publish","type":"product","link":"https:\/\/scramblestuff.com\/eu\/es\/p\/kids-athlite-6-blue\/","title":{"rendered":"Kids Athlite 6 &#8211; Blue"},"content":{"rendered":"<p>Debido a la alta demanda, hemos lanzado nuestro gi de BJJ Athlite m\u00e1s vendido en tama\u00f1o para ni\u00f1os. Siguiendo la est\u00e1ndar y absurda nomenclatura acordada por la comunidad de artes marciales, este gi se ajustar\u00e1 desde los m\u00e1s j\u00f3venes de los ni\u00f1os principiantes hasta los m\u00e1s testarudos j\u00f3venes adolescentes (ya sabes, del tipo que est\u00e1 pasando por un estir\u00f3n y derrotando a todos los adultos aficionados).<\/p>\n<p>Presenta el mismo nivel de calidad y atenci\u00f3n al detalle que la versi\u00f3n para adultos del Athlite, y actualmente cumple con los est\u00e1ndares de la IBJJF.<\/p>\n<p>Parte superior de tejido de perla de 375 gsm y pantalones ligeros ripstop, haci\u00e9ndolo lo suficientemente resistente para el uso diario y lo suficientemente liviano para la competici\u00f3n.<\/p>\n","protected":false},"excerpt":{"rendered":"<p>Gi ligero para ni\u00f1os<\/p>\n<p><strong>Viene con cintur\u00f3n blanco gratuito <\/strong><\/p>\n<p>Cintura el\u00e1stica + cord\u00f3n ajustable<\/p>\n","protected":false},"featured_media":87825,"comment_status":"open","ping_status":"closed","template":"","meta":{"_editorskit_title_hidden":false,"_editorskit_reading_time":0,"_editorskit_is_block_options_detached":false,"_editorskit_block_options_position":"{}"},"product_brand":[],"product_cat":[228,186],"product_tag":[],"giftcard-category":[],"class_list":{"0":"post-83285","1":"product","2":"type-product","3":"status-publish","4":"has-post-thumbnail","6":"product_cat-ninos","7":"product_cat-todos-los-productos","9":"first","10":"outofstock","11":"purchasable","12":"product-type-variable"},"_links":{"self":[{"href":"https:\/\/scramblestuff.com\/eu\/es\/wp-json\/wp\/v2\/product\/83285","targetHints":{"allow":["GET"]}}],"collection":[{"href":"https:\/\/scramblestuff.com\/eu\/es\/wp-json\/wp\/v2\/product"}],"about":[{"href":"https:\/\/scramblestuff.com\/eu\/es\/wp-json\/wp\/v2\/types\/product"}],"replies":[{"embeddable":true,"href":"https:\/\/scramblestuff.com\/eu\/es\/wp-json\/wp\/v2\/comments?post=83285"}],"wp:featuredmedia":[{"embeddable":true,"href":"https:\/\/scramblestuff.com\/eu\/es\/wp-json\/wp\/v2\/media\/87825"}],"wp:attachment":[{"href":"https:\/\/scramblestuff.com\/eu\/es\/wp-json\/wp\/v2\/media?parent=83285"}],"wp:term":[{"taxonomy":"product_brand","embeddable":true,"href":"https:\/\/scramblestuff.com\/eu\/es\/wp-json\/wp\/v2\/product_brand?post=83285"},{"taxonomy":"product_cat","embeddable":true,"href":"https:\/\/scramblestuff.com\/eu\/es\/wp-json\/wp\/v2\/product_cat?post=83285"},{"taxonomy":"product_tag","embeddable":true,"href":"https:\/\/scramblestuff.com\/eu\/es\/wp-json\/wp\/v2\/product_tag?post=83285"},{"taxonomy":"giftcard-category","embeddable":true,"href":"https:\/\/scramblestuff.com\/eu\/es\/wp-json\/wp\/v2\/giftcard-category?post=83285"}],"curies":[{"name":"wp","href":"https:\/\/api.w.org\/{rel}","templated":true}]}}