{"id":83305,"date":"2023-12-14T15:04:04","date_gmt":"2023-12-14T15:04:04","guid":{"rendered":"https:\/\/scramblestuff.com\/eu\/p\/base-k-gi-female-sand\/"},"modified":"2024-04-28T18:50:56","modified_gmt":"2024-04-28T17:50:56","slug":"base-k-gi-female-sand","status":"publish","type":"product","link":"https:\/\/scramblestuff.com\/eu\/es\/p\/base-k-gi-female-sand\/","title":{"rendered":"Base-K Gi Female Sand"},"content":{"rendered":"<p>El Base-K es la culminaci\u00f3n de casi 12 a\u00f1os en la industria del jiujitsu. Un estilo neto y refinado, lo cual es decir poco, que te permite personalizar tu gi a tu propio gusto. El logo de Scramble, despu\u00e9s de m\u00e1s de 10 a\u00f1os en el deporte, ha adquirido un importante significado, as\u00ed que hemos limitado las decoraciones a una pocas inscripciones simples del logo en s\u00ed.<\/p>\n<p>Dejando las decoraciones innecesarias a un lado podemos ofrecer precios m\u00e1s bajos que los gis de nuestro buque insignia y as\u00ed mantenemos nuestra concentraci\u00f3n en la calidad. Los materiales, el ajuste y el acabado hablan por s\u00ed solos.<\/p>\n<p>El pantal\u00f3n tiene nuestro logo SK (Scramble Kimono) bordado directamente.<\/p>\n","protected":false},"excerpt":{"rendered":"<p>Limpio, simple y de gran calidad<br \/>\nParte superior de 450 g\/m\u00b2, pantalones antidesgarros de peso medio<\/p>\n","protected":false},"featured_media":80278,"comment_status":"open","ping_status":"closed","template":"","meta":{"_editorskit_title_hidden":false,"_editorskit_reading_time":0,"_editorskit_is_block_options_detached":false,"_editorskit_block_options_position":"{}"},"product_brand":[],"product_cat":[243,214,239,186,232],"product_tag":[],"giftcard-category":[],"class_list":{"0":"post-83305","1":"product","2":"type-product","3":"status-publish","4":"has-post-thumbnail","6":"product_cat-de-las-mujeres-bjj-gi","7":"product_cat-desgaste-de-lucha","8":"product_cat-mujeres","9":"product_cat-todos-los-productos","10":"product_cat-venta","12":"first","13":"instock","14":"sale","15":"taxable","16":"shipping-taxable","17":"purchasable","18":"product-type-variable"},"_links":{"self":[{"href":"https:\/\/scramblestuff.com\/eu\/es\/wp-json\/wp\/v2\/product\/83305","targetHints":{"allow":["GET"]}}],"collection":[{"href":"https:\/\/scramblestuff.com\/eu\/es\/wp-json\/wp\/v2\/product"}],"about":[{"href":"https:\/\/scramblestuff.com\/eu\/es\/wp-json\/wp\/v2\/types\/product"}],"replies":[{"embeddable":true,"href":"https:\/\/scramblestuff.com\/eu\/es\/wp-json\/wp\/v2\/comments?post=83305"}],"wp:featuredmedia":[{"embeddable":true,"href":"https:\/\/scramblestuff.com\/eu\/es\/wp-json\/wp\/v2\/media\/80278"}],"wp:attachment":[{"href":"https:\/\/scramblestuff.com\/eu\/es\/wp-json\/wp\/v2\/media?parent=83305"}],"wp:term":[{"taxonomy":"product_brand","embeddable":true,"href":"https:\/\/scramblestuff.com\/eu\/es\/wp-json\/wp\/v2\/product_brand?post=83305"},{"taxonomy":"product_cat","embeddable":true,"href":"https:\/\/scramblestuff.com\/eu\/es\/wp-json\/wp\/v2\/product_cat?post=83305"},{"taxonomy":"product_tag","embeddable":true,"href":"https:\/\/scramblestuff.com\/eu\/es\/wp-json\/wp\/v2\/product_tag?post=83305"},{"taxonomy":"giftcard-category","embeddable":true,"href":"https:\/\/scramblestuff.com\/eu\/es\/wp-json\/wp\/v2\/giftcard-category?post=83305"}],"curies":[{"name":"wp","href":"https:\/\/api.w.org\/{rel}","templated":true}]}}