{"id":83328,"date":"2023-12-20T14:44:58","date_gmt":"2023-12-20T14:44:58","guid":{"rendered":"https:\/\/scramblestuff.com\/eu\/p\/jiujitsu-beanie\/"},"modified":"2024-04-30T16:21:14","modified_gmt":"2024-04-30T15:21:14","slug":"jiujitsu-beanie","status":"publish","type":"product","link":"https:\/\/scramblestuff.com\/eu\/es\/p\/jiujitsu-beanie\/","title":{"rendered":"Jiujitsu Beanie"},"content":{"rendered":"<p>Estos gorros Scramble son el abrigo de cabeza perfecto para un fan\u00e1tico de jiujitsu o Scramble. Hechos con materiales de alta calidad y detalles de acabado premium, este gorro est\u00e1 hecho para el invierno o tal vez para el verano si eres un completo lun\u00e1tico. Jiujitsu! Y otras palabras clave relevantes.<\/p>\n","protected":false},"excerpt":{"rendered":"<p>Kanji de jiujitsu tejido en la tela<br \/>\nTalla \u00fanica (para la mayor\u00eda)<br \/>\nMateriales y acabados premium<\/p>\n<p>Ancho de 22.5 cm, profundidad de 22.5 cm.<\/p>\n<p>&nbsp;<\/p>\n","protected":false},"featured_media":92144,"comment_status":"open","ping_status":"closed","template":"","meta":{"_editorskit_title_hidden":false,"_editorskit_reading_time":0,"_editorskit_is_block_options_detached":false,"_editorskit_block_options_position":"{}"},"product_brand":[],"product_cat":[182,190,198,186,232],"product_tag":[],"giftcard-category":[],"class_list":{"0":"post-83328","1":"product","2":"type-product","3":"status-publish","4":"has-post-thumbnail","6":"product_cat-accesorios","7":"product_cat-ropa-casual","8":"product_cat-sombreros","9":"product_cat-todos-los-productos","10":"product_cat-venta","12":"first","13":"outofstock","14":"taxable","15":"shipping-taxable","16":"purchasable","17":"product-type-variable"},"_links":{"self":[{"href":"https:\/\/scramblestuff.com\/eu\/es\/wp-json\/wp\/v2\/product\/83328","targetHints":{"allow":["GET"]}}],"collection":[{"href":"https:\/\/scramblestuff.com\/eu\/es\/wp-json\/wp\/v2\/product"}],"about":[{"href":"https:\/\/scramblestuff.com\/eu\/es\/wp-json\/wp\/v2\/types\/product"}],"replies":[{"embeddable":true,"href":"https:\/\/scramblestuff.com\/eu\/es\/wp-json\/wp\/v2\/comments?post=83328"}],"wp:featuredmedia":[{"embeddable":true,"href":"https:\/\/scramblestuff.com\/eu\/es\/wp-json\/wp\/v2\/media\/92144"}],"wp:attachment":[{"href":"https:\/\/scramblestuff.com\/eu\/es\/wp-json\/wp\/v2\/media?parent=83328"}],"wp:term":[{"taxonomy":"product_brand","embeddable":true,"href":"https:\/\/scramblestuff.com\/eu\/es\/wp-json\/wp\/v2\/product_brand?post=83328"},{"taxonomy":"product_cat","embeddable":true,"href":"https:\/\/scramblestuff.com\/eu\/es\/wp-json\/wp\/v2\/product_cat?post=83328"},{"taxonomy":"product_tag","embeddable":true,"href":"https:\/\/scramblestuff.com\/eu\/es\/wp-json\/wp\/v2\/product_tag?post=83328"},{"taxonomy":"giftcard-category","embeddable":true,"href":"https:\/\/scramblestuff.com\/eu\/es\/wp-json\/wp\/v2\/giftcard-category?post=83328"}],"curies":[{"name":"wp","href":"https:\/\/api.w.org\/{rel}","templated":true}]}}