{"id":83352,"date":"2024-02-12T10:35:19","date_gmt":"2024-04-30T15:40:27","guid":{"rendered":"https:\/\/scramblestuff.com\/eu\/p\/viking-rashguard\/"},"modified":"2024-04-30T16:40:27","modified_gmt":"2024-04-30T15:40:27","slug":"viking-rashguard","status":"publish","type":"product","link":"https:\/\/scramblestuff.com\/eu\/es\/p\/viking-rashguard\/","title":{"rendered":"Viking Rashguard"},"content":{"rendered":"<p>Utilizando nuestro muy querido corte Tactic, que cuenta con m\u00faltiples paneles contorneados al cuerpo y malla transpirable en las axilas, esta rashguard tiene un dise\u00f1o vikingo brillante y audaz. Mira, puedes llevar esto como quieras. \u00bfIr\u00f3nicamente? Eres un flojo, pero te gustan los vikingos. \u00bfNo ir\u00f3nicamente? En realidad eres un vikingo y saquear\u00e1s a tus compa\u00f1eros de entrenamiento hasta el final. \u00bfPost-ir\u00f3nicamente? Entiendes la iron\u00eda de llevar un conjunto exagerado sin gi de vikingo como un tipo duro siendo un pacifista, sin embargo, lo compras de todos modos porque es impresionante. Adem\u00e1s, los vikingos son geniales.<\/p>\n","protected":false},"excerpt":{"rendered":"<p>Rashguard de corte \u00abTactic\u00bb<br \/>\nDise\u00f1o gr\u00e1fico de vikingo<br \/>\nMateriales superiores<br \/>\nVikingo literalmente<\/p>\n","protected":false},"featured_media":89242,"comment_status":"open","ping_status":"closed","template":"","meta":{"_editorskit_title_hidden":false,"_editorskit_reading_time":0,"_editorskit_is_block_options_detached":false,"_editorskit_block_options_position":"{}"},"product_brand":[],"product_cat":[214,337,27,186,232],"product_tag":[],"giftcard-category":[],"class_list":{"0":"post-83352","1":"product","2":"type-product","3":"status-publish","4":"has-post-thumbnail","6":"product_cat-desgaste-de-lucha","7":"product_cat-rashguards-es","8":"product_cat-sale","9":"product_cat-todos-los-productos","10":"product_cat-venta","12":"first","13":"outofstock","14":"taxable","15":"shipping-taxable","16":"purchasable","17":"product-type-variable"},"_links":{"self":[{"href":"https:\/\/scramblestuff.com\/eu\/es\/wp-json\/wp\/v2\/product\/83352","targetHints":{"allow":["GET"]}}],"collection":[{"href":"https:\/\/scramblestuff.com\/eu\/es\/wp-json\/wp\/v2\/product"}],"about":[{"href":"https:\/\/scramblestuff.com\/eu\/es\/wp-json\/wp\/v2\/types\/product"}],"replies":[{"embeddable":true,"href":"https:\/\/scramblestuff.com\/eu\/es\/wp-json\/wp\/v2\/comments?post=83352"}],"wp:featuredmedia":[{"embeddable":true,"href":"https:\/\/scramblestuff.com\/eu\/es\/wp-json\/wp\/v2\/media\/89242"}],"wp:attachment":[{"href":"https:\/\/scramblestuff.com\/eu\/es\/wp-json\/wp\/v2\/media?parent=83352"}],"wp:term":[{"taxonomy":"product_brand","embeddable":true,"href":"https:\/\/scramblestuff.com\/eu\/es\/wp-json\/wp\/v2\/product_brand?post=83352"},{"taxonomy":"product_cat","embeddable":true,"href":"https:\/\/scramblestuff.com\/eu\/es\/wp-json\/wp\/v2\/product_cat?post=83352"},{"taxonomy":"product_tag","embeddable":true,"href":"https:\/\/scramblestuff.com\/eu\/es\/wp-json\/wp\/v2\/product_tag?post=83352"},{"taxonomy":"giftcard-category","embeddable":true,"href":"https:\/\/scramblestuff.com\/eu\/es\/wp-json\/wp\/v2\/giftcard-category?post=83352"}],"curies":[{"name":"wp","href":"https:\/\/api.w.org\/{rel}","templated":true}]}}