{"id":93248,"date":"2024-05-14T11:34:49","date_gmt":"2024-05-14T10:34:49","guid":{"rendered":"https:\/\/scramblestuff.com\/eu\/p\/rashguard-de-rango-blue\/"},"modified":"2026-03-27T22:16:31","modified_gmt":"2026-03-27T22:16:31","slug":"rashguard-de-rango-blue","status":"publish","type":"product","link":"https:\/\/scramblestuff.com\/eu\/es\/p\/rashguard-de-rango-blue\/","title":{"rendered":"Rashguard de rango &#8211; Blue"},"content":{"rendered":"<p>Nuestras rashguards de rango cumplen con todas las normativas de la IBJJF para rashguards de colores seg\u00fan el grado, presentando acentos en el color del cintur\u00f3n que cumplen con el porcentaje requerido para competir en torneos IBJJF, o simplemente para entrenar y competir en no-gi jiujitsu con una vestimenta acorde a tu rango. Las rashguards est\u00e1n hechas con una mezcla excepcional de poli\u00e9ster que reduce el desgaste de la tela, as\u00ed como costuras y paneles de alta calidad que se mueven con tu cuerpo. <\/p>\n","protected":false},"excerpt":{"rendered":"<p>Cumple con las normativas de la IBJJF Material y construcci\u00f3n de m\u00e1xima calidad Dise\u00f1o sutil inspirado en los uniformes de bomberos de la era Edo<\/p>\n","protected":false},"featured_media":88541,"comment_status":"open","ping_status":"closed","template":"","meta":{"_editorskit_title_hidden":false,"_editorskit_reading_time":0,"_editorskit_is_block_options_detached":false,"_editorskit_block_options_position":"{}"},"product_brand":[],"product_cat":[214,337,27,186,232],"product_tag":[612],"giftcard-category":[],"class_list":{"0":"post-93248","1":"product","2":"type-product","3":"status-publish","4":"has-post-thumbnail","6":"product_cat-desgaste-de-lucha","7":"product_cat-rashguards-es","8":"product_cat-sale","9":"product_cat-todos-los-productos","10":"product_cat-venta","11":"product_tag-rankedrash-es","13":"first","14":"outofstock","15":"taxable","16":"shipping-taxable","17":"product-type-variable"},"_links":{"self":[{"href":"https:\/\/scramblestuff.com\/eu\/es\/wp-json\/wp\/v2\/product\/93248","targetHints":{"allow":["GET"]}}],"collection":[{"href":"https:\/\/scramblestuff.com\/eu\/es\/wp-json\/wp\/v2\/product"}],"about":[{"href":"https:\/\/scramblestuff.com\/eu\/es\/wp-json\/wp\/v2\/types\/product"}],"replies":[{"embeddable":true,"href":"https:\/\/scramblestuff.com\/eu\/es\/wp-json\/wp\/v2\/comments?post=93248"}],"wp:featuredmedia":[{"embeddable":true,"href":"https:\/\/scramblestuff.com\/eu\/es\/wp-json\/wp\/v2\/media\/88541"}],"wp:attachment":[{"href":"https:\/\/scramblestuff.com\/eu\/es\/wp-json\/wp\/v2\/media?parent=93248"}],"wp:term":[{"taxonomy":"product_brand","embeddable":true,"href":"https:\/\/scramblestuff.com\/eu\/es\/wp-json\/wp\/v2\/product_brand?post=93248"},{"taxonomy":"product_cat","embeddable":true,"href":"https:\/\/scramblestuff.com\/eu\/es\/wp-json\/wp\/v2\/product_cat?post=93248"},{"taxonomy":"product_tag","embeddable":true,"href":"https:\/\/scramblestuff.com\/eu\/es\/wp-json\/wp\/v2\/product_tag?post=93248"},{"taxonomy":"giftcard-category","embeddable":true,"href":"https:\/\/scramblestuff.com\/eu\/es\/wp-json\/wp\/v2\/giftcard-category?post=93248"}],"curies":[{"name":"wp","href":"https:\/\/api.w.org\/{rel}","templated":true}]}}