{"id":93421,"date":"2024-05-20T11:32:07","date_gmt":"2025-03-24T18:35:35","guid":{"rendered":"https:\/\/scramblestuff.com\/eu\/p\/obi-bjj-cinta-para-dedos\/"},"modified":"2026-04-03T02:21:11","modified_gmt":"2026-04-03T01:21:11","slug":"obi-bjj-cinta-para-dedos","status":"publish","type":"product","link":"https:\/\/scramblestuff.com\/eu\/es\/p\/obi-bjj-cinta-para-dedos\/","title":{"rendered":"Obi BJJ Cinta para dedos"},"content":{"rendered":"<p>Esta cinta de algod\u00f3n premium viene en una lata reutilizable de alta calidad para protegerla de todo el polvo y restos que puedan acumularse en tu bolsa de entrenamiento. La cinta de algod\u00f3n es adhesiva y es ideal para reforzar las articulaciones de los dedos o para marcar franjas en tu cintur\u00f3n. Ten en cuenta que las franjas en el cintur\u00f3n deben ser colocadas por tu instructor.  <\/p>\n","protected":false},"excerpt":{"rendered":"<p>cinta adhesiva para dedos 3 rollos de 1 cm x 10 m<br \/>\n100% Cotton<br \/>\nIdeal para dedos o rayas en cinturones<\/p>\n","protected":false},"featured_media":83768,"comment_status":"open","ping_status":"closed","template":"","meta":{"_editorskit_title_hidden":false,"_editorskit_reading_time":0,"_editorskit_is_block_options_detached":false,"_editorskit_block_options_position":"{}"},"product_brand":[],"product_cat":[182,186],"product_tag":[],"giftcard-category":[],"class_list":{"0":"post-93421","1":"product","2":"type-product","3":"status-publish","4":"has-post-thumbnail","6":"product_cat-accesorios","7":"product_cat-todos-los-productos","9":"first","10":"instock","11":"taxable","12":"shipping-taxable","13":"purchasable","14":"product-type-simple"},"_links":{"self":[{"href":"https:\/\/scramblestuff.com\/eu\/es\/wp-json\/wp\/v2\/product\/93421","targetHints":{"allow":["GET"]}}],"collection":[{"href":"https:\/\/scramblestuff.com\/eu\/es\/wp-json\/wp\/v2\/product"}],"about":[{"href":"https:\/\/scramblestuff.com\/eu\/es\/wp-json\/wp\/v2\/types\/product"}],"replies":[{"embeddable":true,"href":"https:\/\/scramblestuff.com\/eu\/es\/wp-json\/wp\/v2\/comments?post=93421"}],"wp:featuredmedia":[{"embeddable":true,"href":"https:\/\/scramblestuff.com\/eu\/es\/wp-json\/wp\/v2\/media\/83768"}],"wp:attachment":[{"href":"https:\/\/scramblestuff.com\/eu\/es\/wp-json\/wp\/v2\/media?parent=93421"}],"wp:term":[{"taxonomy":"product_brand","embeddable":true,"href":"https:\/\/scramblestuff.com\/eu\/es\/wp-json\/wp\/v2\/product_brand?post=93421"},{"taxonomy":"product_cat","embeddable":true,"href":"https:\/\/scramblestuff.com\/eu\/es\/wp-json\/wp\/v2\/product_cat?post=93421"},{"taxonomy":"product_tag","embeddable":true,"href":"https:\/\/scramblestuff.com\/eu\/es\/wp-json\/wp\/v2\/product_tag?post=93421"},{"taxonomy":"giftcard-category","embeddable":true,"href":"https:\/\/scramblestuff.com\/eu\/es\/wp-json\/wp\/v2\/giftcard-category?post=93421"}],"curies":[{"name":"wp","href":"https:\/\/api.w.org\/{rel}","templated":true}]}}