{"id":93456,"date":"2024-05-28T11:16:20","date_gmt":"2025-03-25T17:49:09","guid":{"rendered":"https:\/\/scramblestuff.com\/eu\/p\/camiseta-oversize-con-logo-olive\/"},"modified":"2025-03-25T17:49:09","modified_gmt":"2025-03-25T17:49:09","slug":"camiseta-oversize-con-logo-olive","status":"publish","type":"product","link":"https:\/\/scramblestuff.com\/eu\/es\/p\/camiseta-oversize-con-logo-olive\/","title":{"rendered":"Camiseta oversize con logo &#8211; Olive"},"content":{"rendered":"<p>Esta camiseta sencilla y discreta ofrece un ajuste c\u00f3modo y amplio, con un sutil logo de Scramble bordado en el centro del pecho. Todo est\u00e1 hecho con especificaciones de muy alta calidad. Si las camisetas fueran cinturones de jiujitsu, estas ser\u00edan cinturones negros con unas cuantas franjas. No cintur\u00f3n coral porque esos son muy viejos.   <\/p>\n","protected":false},"excerpt":{"rendered":"<p>Materiales ultra premium Estilo oversized<\/p>\n","protected":false},"featured_media":88181,"comment_status":"open","ping_status":"closed","template":"","meta":{"_editorskit_title_hidden":false,"_editorskit_reading_time":0,"_editorskit_is_block_options_detached":false,"_editorskit_block_options_position":"{}"},"product_brand":[],"product_cat":[210,190,27,186,232],"product_tag":[],"giftcard-category":[],"class_list":{"0":"post-93456","1":"product","2":"type-product","3":"status-publish","4":"has-post-thumbnail","6":"product_cat-camisetas","7":"product_cat-ropa-casual","8":"product_cat-sale","9":"product_cat-todos-los-productos","10":"product_cat-venta","12":"first","13":"outofstock","14":"taxable","15":"shipping-taxable","16":"purchasable","17":"product-type-variable"},"_links":{"self":[{"href":"https:\/\/scramblestuff.com\/eu\/es\/wp-json\/wp\/v2\/product\/93456","targetHints":{"allow":["GET"]}}],"collection":[{"href":"https:\/\/scramblestuff.com\/eu\/es\/wp-json\/wp\/v2\/product"}],"about":[{"href":"https:\/\/scramblestuff.com\/eu\/es\/wp-json\/wp\/v2\/types\/product"}],"replies":[{"embeddable":true,"href":"https:\/\/scramblestuff.com\/eu\/es\/wp-json\/wp\/v2\/comments?post=93456"}],"wp:featuredmedia":[{"embeddable":true,"href":"https:\/\/scramblestuff.com\/eu\/es\/wp-json\/wp\/v2\/media\/88181"}],"wp:attachment":[{"href":"https:\/\/scramblestuff.com\/eu\/es\/wp-json\/wp\/v2\/media?parent=93456"}],"wp:term":[{"taxonomy":"product_brand","embeddable":true,"href":"https:\/\/scramblestuff.com\/eu\/es\/wp-json\/wp\/v2\/product_brand?post=93456"},{"taxonomy":"product_cat","embeddable":true,"href":"https:\/\/scramblestuff.com\/eu\/es\/wp-json\/wp\/v2\/product_cat?post=93456"},{"taxonomy":"product_tag","embeddable":true,"href":"https:\/\/scramblestuff.com\/eu\/es\/wp-json\/wp\/v2\/product_tag?post=93456"},{"taxonomy":"giftcard-category","embeddable":true,"href":"https:\/\/scramblestuff.com\/eu\/es\/wp-json\/wp\/v2\/giftcard-category?post=93456"}],"curies":[{"name":"wp","href":"https:\/\/api.w.org\/{rel}","templated":true}]}}