{"id":93477,"date":"2024-05-28T11:17:20","date_gmt":"2025-03-25T17:59:22","guid":{"rendered":"https:\/\/scramblestuff.com\/eu\/p\/lycra-imanari-rollman\/"},"modified":"2025-03-25T17:59:22","modified_gmt":"2025-03-25T17:59:22","slug":"lycra-imanari-rollman","status":"publish","type":"product","link":"https:\/\/scramblestuff.com\/eu\/es\/p\/lycra-imanari-rollman\/","title":{"rendered":"Lycra Imanari Rollman"},"content":{"rendered":"<p>Conjunto no-gi \u00abImanari Rollman\u00bb, dise\u00f1ado en colaboraci\u00f3n con Masakazu Imanari y vendido exclusivamente por Scramble, nuestros distribuidores autorizados y el Imanari Dojo en Tokio. Presenta a \u00abRollman\u00bb, un peque\u00f1o personaje (el propio Imanari) capturado en pleno Imanari roll, probablemente en camino a destrozar los ligamentos de alg\u00fan pobre incauto. <\/p>\n","protected":false},"excerpt":{"rendered":"<p>Dise\u00f1ado en colaboraci\u00f3n con Masakazu Imanari Ajuste y sensaci\u00f3n premium<\/p>\n","protected":false},"featured_media":88401,"comment_status":"open","ping_status":"closed","template":"","meta":{"_editorskit_title_hidden":false,"_editorskit_reading_time":0,"_editorskit_is_block_options_detached":false,"_editorskit_block_options_position":"{}"},"product_brand":[600],"product_cat":[214,337,186],"product_tag":[613],"giftcard-category":[],"class_list":{"0":"post-93477","1":"product","2":"type-product","3":"status-publish","4":"has-post-thumbnail","6":"product_brand-scramble","7":"product_cat-desgaste-de-lucha","8":"product_cat-rashguards-es","9":"product_cat-todos-los-productos","10":"product_tag-imanarirollman-es","12":"first","13":"instock","14":"taxable","15":"shipping-taxable","16":"purchasable","17":"product-type-variable"},"_links":{"self":[{"href":"https:\/\/scramblestuff.com\/eu\/es\/wp-json\/wp\/v2\/product\/93477","targetHints":{"allow":["GET"]}}],"collection":[{"href":"https:\/\/scramblestuff.com\/eu\/es\/wp-json\/wp\/v2\/product"}],"about":[{"href":"https:\/\/scramblestuff.com\/eu\/es\/wp-json\/wp\/v2\/types\/product"}],"replies":[{"embeddable":true,"href":"https:\/\/scramblestuff.com\/eu\/es\/wp-json\/wp\/v2\/comments?post=93477"}],"wp:featuredmedia":[{"embeddable":true,"href":"https:\/\/scramblestuff.com\/eu\/es\/wp-json\/wp\/v2\/media\/88401"}],"wp:attachment":[{"href":"https:\/\/scramblestuff.com\/eu\/es\/wp-json\/wp\/v2\/media?parent=93477"}],"wp:term":[{"taxonomy":"product_brand","embeddable":true,"href":"https:\/\/scramblestuff.com\/eu\/es\/wp-json\/wp\/v2\/product_brand?post=93477"},{"taxonomy":"product_cat","embeddable":true,"href":"https:\/\/scramblestuff.com\/eu\/es\/wp-json\/wp\/v2\/product_cat?post=93477"},{"taxonomy":"product_tag","embeddable":true,"href":"https:\/\/scramblestuff.com\/eu\/es\/wp-json\/wp\/v2\/product_tag?post=93477"},{"taxonomy":"giftcard-category","embeddable":true,"href":"https:\/\/scramblestuff.com\/eu\/es\/wp-json\/wp\/v2\/giftcard-category?post=93477"}],"curies":[{"name":"wp","href":"https:\/\/api.w.org\/{rel}","templated":true}]}}