{"id":93490,"date":"2024-05-29T15:52:22","date_gmt":"2025-03-25T18:10:31","guid":{"rendered":"https:\/\/scramblestuff.com\/eu\/p\/sudadera-con-capucha-y-cremallera-black\/"},"modified":"2025-03-25T18:10:31","modified_gmt":"2025-03-25T18:10:31","slug":"sudadera-con-capucha-y-cremallera-black","status":"publish","type":"product","link":"https:\/\/scramblestuff.com\/eu\/es\/p\/sudadera-con-capucha-y-cremallera-black\/","title":{"rendered":"Sudadera con capucha y cremallera &#8211; Black"},"content":{"rendered":"<p>Esta sudadera con capucha, c\u00f3moda y de gran calidad, presenta un ajuste amplio y de hombros ca\u00eddos, un sutil logotipo de Scramble bordado en el centro del pecho y el ic\u00f3nico logotipo de Scramble estampado en la espalda.<\/p>\n","protected":false},"excerpt":{"rendered":"<p>Materiales ultra premium<\/p>\n<p>Estilo oversized<\/p>\n<p>Interior suave con acabado afelpado<\/p>\n","protected":false},"featured_media":88361,"comment_status":"open","ping_status":"closed","template":"","meta":{"_editorskit_title_hidden":false,"_editorskit_reading_time":0,"_editorskit_is_block_options_detached":false,"_editorskit_block_options_position":"{}"},"product_brand":[600],"product_cat":[194,190,27,186,232],"product_tag":[],"giftcard-category":[],"class_list":{"0":"post-93490","1":"product","2":"type-product","3":"status-publish","4":"has-post-thumbnail","6":"product_brand-scramble","7":"product_cat-campanas-sudaderas","8":"product_cat-ropa-casual","9":"product_cat-sale","10":"product_cat-todos-los-productos","11":"product_cat-venta","13":"first","14":"outofstock","15":"taxable","16":"shipping-taxable","17":"purchasable","18":"product-type-variable"},"_links":{"self":[{"href":"https:\/\/scramblestuff.com\/eu\/es\/wp-json\/wp\/v2\/product\/93490","targetHints":{"allow":["GET"]}}],"collection":[{"href":"https:\/\/scramblestuff.com\/eu\/es\/wp-json\/wp\/v2\/product"}],"about":[{"href":"https:\/\/scramblestuff.com\/eu\/es\/wp-json\/wp\/v2\/types\/product"}],"replies":[{"embeddable":true,"href":"https:\/\/scramblestuff.com\/eu\/es\/wp-json\/wp\/v2\/comments?post=93490"}],"wp:featuredmedia":[{"embeddable":true,"href":"https:\/\/scramblestuff.com\/eu\/es\/wp-json\/wp\/v2\/media\/88361"}],"wp:attachment":[{"href":"https:\/\/scramblestuff.com\/eu\/es\/wp-json\/wp\/v2\/media?parent=93490"}],"wp:term":[{"taxonomy":"product_brand","embeddable":true,"href":"https:\/\/scramblestuff.com\/eu\/es\/wp-json\/wp\/v2\/product_brand?post=93490"},{"taxonomy":"product_cat","embeddable":true,"href":"https:\/\/scramblestuff.com\/eu\/es\/wp-json\/wp\/v2\/product_cat?post=93490"},{"taxonomy":"product_tag","embeddable":true,"href":"https:\/\/scramblestuff.com\/eu\/es\/wp-json\/wp\/v2\/product_tag?post=93490"},{"taxonomy":"giftcard-category","embeddable":true,"href":"https:\/\/scramblestuff.com\/eu\/es\/wp-json\/wp\/v2\/giftcard-category?post=93490"}],"curies":[{"name":"wp","href":"https:\/\/api.w.org\/{rel}","templated":true}]}}