{"id":93557,"date":"2024-08-09T12:05:49","date_gmt":"2025-03-31T18:28:42","guid":{"rendered":"https:\/\/scramblestuff.com\/eu\/p\/baka-shorts-kids-black\/"},"modified":"2025-03-31T19:28:42","modified_gmt":"2025-03-31T18:28:42","slug":"baka-shorts-kids-black","status":"publish","type":"product","link":"https:\/\/scramblestuff.com\/eu\/es\/p\/baka-shorts-kids-black\/","title":{"rendered":"Baka Shorts Kids &#8211; Black"},"content":{"rendered":"<p>Originalmente, el conjunto Baka iba a llamarse Baku, como en \u00abbakuhatsu\u00bb, que significa \u00abexplosi\u00f3n\u00bb en japon\u00e9s, porque los logotipos de Scramble est\u00e1n \u00abexplotados\u00bb. Pero optamos por Baka porque es gracioso, ya que \u00abbaka\u00bb significa \u00abest\u00fapido\u00bb o \u00abidiota\u00bb en japon\u00e9s. \u00a1Superviviente baka! De todos modos, no importa porque este es uno de los mejores conjuntos no-gi que hemos lanzado.<\/p>\n","protected":false},"excerpt":{"rendered":"<p>Logos Scramble Oversized reventando la costura<br \/>\nParte del set no-gi BAKA<br \/>\n\u00bfSabes lo que significa \u00abBaka\u00bb?<br \/>\nDise\u00f1ado espec\u00edficamente para ni\u00f1os<\/p>\n","protected":false},"featured_media":89398,"comment_status":"open","ping_status":"closed","template":"","meta":{"_editorskit_title_hidden":false,"_editorskit_reading_time":0,"_editorskit_is_block_options_detached":false,"_editorskit_block_options_position":"{}"},"product_brand":[600],"product_cat":[228,186],"product_tag":[],"giftcard-category":[],"class_list":{"0":"post-93557","1":"product","2":"type-product","3":"status-publish","4":"has-post-thumbnail","6":"product_brand-scramble","7":"product_cat-ninos","8":"product_cat-todos-los-productos","10":"first","11":"instock","12":"taxable","13":"shipping-taxable","14":"purchasable","15":"product-type-variable"},"_links":{"self":[{"href":"https:\/\/scramblestuff.com\/eu\/es\/wp-json\/wp\/v2\/product\/93557","targetHints":{"allow":["GET"]}}],"collection":[{"href":"https:\/\/scramblestuff.com\/eu\/es\/wp-json\/wp\/v2\/product"}],"about":[{"href":"https:\/\/scramblestuff.com\/eu\/es\/wp-json\/wp\/v2\/types\/product"}],"replies":[{"embeddable":true,"href":"https:\/\/scramblestuff.com\/eu\/es\/wp-json\/wp\/v2\/comments?post=93557"}],"wp:featuredmedia":[{"embeddable":true,"href":"https:\/\/scramblestuff.com\/eu\/es\/wp-json\/wp\/v2\/media\/89398"}],"wp:attachment":[{"href":"https:\/\/scramblestuff.com\/eu\/es\/wp-json\/wp\/v2\/media?parent=93557"}],"wp:term":[{"taxonomy":"product_brand","embeddable":true,"href":"https:\/\/scramblestuff.com\/eu\/es\/wp-json\/wp\/v2\/product_brand?post=93557"},{"taxonomy":"product_cat","embeddable":true,"href":"https:\/\/scramblestuff.com\/eu\/es\/wp-json\/wp\/v2\/product_cat?post=93557"},{"taxonomy":"product_tag","embeddable":true,"href":"https:\/\/scramblestuff.com\/eu\/es\/wp-json\/wp\/v2\/product_tag?post=93557"},{"taxonomy":"giftcard-category","embeddable":true,"href":"https:\/\/scramblestuff.com\/eu\/es\/wp-json\/wp\/v2\/giftcard-category?post=93557"}],"curies":[{"name":"wp","href":"https:\/\/api.w.org\/{rel}","templated":true}]}}