{"id":93562,"date":"2024-09-03T12:39:12","date_gmt":"2024-09-03T11:39:12","guid":{"rendered":"https:\/\/scramblestuff.com\/eu\/p\/senshu-25-short-tights\/"},"modified":"2025-11-06T20:05:37","modified_gmt":"2025-11-06T20:05:37","slug":"senshu-25-short-tights","status":"publish","type":"product","link":"https:\/\/scramblestuff.com\/eu\/es\/p\/senshu-25-short-tights\/","title":{"rendered":"Senshu &#8217;25 Short Tights"},"content":{"rendered":"<p>El nuevo kit Senshu para la temporada 2025. Evaluado y aprobado por los mejores atletas de jiujitsu y grappling del mundo en los escenarios m\u00e1s importantes, como Polaris, ADCC y CJI.<br \/>Estos short tights son perfectos para usar debajo de tus shorts de entrenamiento o tu gi, manteniendo todo c\u00f3modo y ajustado durante el entrenamiento. El dise\u00f1o en degradado azul claro combina perfectamente con el resto del kit no-gi Senshu. Incluye cord\u00f3n interno.    <\/p>\n","protected":false},"excerpt":{"rendered":"<p>Short Tights Temporada Senshu \u201925<br \/>\nJuego a conjunto disponible \u2013 rashguard, shorts, short tights<br \/>\nUsado por grapplers profesionales en los escenarios m\u00e1s grandes<\/p>\n","protected":false},"featured_media":89528,"comment_status":"open","ping_status":"closed","template":"","meta":{"_editorskit_title_hidden":false,"_editorskit_reading_time":0,"_editorskit_is_block_options_detached":false,"_editorskit_block_options_position":"{}"},"product_brand":[600],"product_cat":[214,27,363,186,232],"product_tag":[459],"giftcard-category":[],"class_list":{"0":"post-93562","1":"product","2":"type-product","3":"status-publish","4":"has-post-thumbnail","6":"product_brand-scramble","7":"product_cat-desgaste-de-lucha","8":"product_cat-sale","9":"product_cat-spats-tights-es","10":"product_cat-todos-los-productos","11":"product_cat-venta","12":"product_tag-senshu-es","14":"first","15":"instock","16":"sale","17":"taxable","18":"shipping-taxable","19":"purchasable","20":"product-type-variable"},"_links":{"self":[{"href":"https:\/\/scramblestuff.com\/eu\/es\/wp-json\/wp\/v2\/product\/93562","targetHints":{"allow":["GET"]}}],"collection":[{"href":"https:\/\/scramblestuff.com\/eu\/es\/wp-json\/wp\/v2\/product"}],"about":[{"href":"https:\/\/scramblestuff.com\/eu\/es\/wp-json\/wp\/v2\/types\/product"}],"replies":[{"embeddable":true,"href":"https:\/\/scramblestuff.com\/eu\/es\/wp-json\/wp\/v2\/comments?post=93562"}],"wp:featuredmedia":[{"embeddable":true,"href":"https:\/\/scramblestuff.com\/eu\/es\/wp-json\/wp\/v2\/media\/89528"}],"wp:attachment":[{"href":"https:\/\/scramblestuff.com\/eu\/es\/wp-json\/wp\/v2\/media?parent=93562"}],"wp:term":[{"taxonomy":"product_brand","embeddable":true,"href":"https:\/\/scramblestuff.com\/eu\/es\/wp-json\/wp\/v2\/product_brand?post=93562"},{"taxonomy":"product_cat","embeddable":true,"href":"https:\/\/scramblestuff.com\/eu\/es\/wp-json\/wp\/v2\/product_cat?post=93562"},{"taxonomy":"product_tag","embeddable":true,"href":"https:\/\/scramblestuff.com\/eu\/es\/wp-json\/wp\/v2\/product_tag?post=93562"},{"taxonomy":"giftcard-category","embeddable":true,"href":"https:\/\/scramblestuff.com\/eu\/es\/wp-json\/wp\/v2\/giftcard-category?post=93562"}],"curies":[{"name":"wp","href":"https:\/\/api.w.org\/{rel}","templated":true}]}}