{"id":93593,"date":"2024-09-26T14:21:05","date_gmt":"2024-09-26T13:21:05","guid":{"rendered":"https:\/\/scramblestuff.com\/eu\/p\/camiseta-de-entrenamiento-dorai\/"},"modified":"2026-01-19T09:56:42","modified_gmt":"2026-01-19T09:56:42","slug":"camiseta-de-entrenamiento-dorai","status":"publish","type":"product","link":"https:\/\/scramblestuff.com\/eu\/es\/p\/camiseta-de-entrenamiento-dorai\/","title":{"rendered":"Camiseta de entrenamiento Dorai"},"content":{"rendered":"<p>Esta camiseta de entrenamiento con textura ligera y estilo \u201cdry fit\u201d tiene un ajuste m\u00e1s holgado que un rashguard, ofreci\u00e9ndote mayor libertad de movimiento y adem\u00e1s ocultando un posible michel\u00edn, lo cual es genial. Es m\u00e1s larga en el torso, ideal para llevarla suelta o metida dentro de los shorts o pantalones de gi. Dise\u00f1ada con un estilo similar a una camiseta de f\u00fatbol e incluye el logo de Plus Alpha, un proyecto secreto en el que estamos trabajando.<\/p>\n","protected":false},"excerpt":{"rendered":"<p>Tejido de grosor medio con textura ligera<br \/>\nNo es tan ajustada como un rashguard<br \/>\nComo una camiseta de f\u00fatbol pero mucho m\u00e1s cool<\/p>\n","protected":false},"featured_media":89893,"comment_status":"open","ping_status":"closed","template":"","meta":{"_editorskit_title_hidden":false,"_editorskit_reading_time":0,"_editorskit_is_block_options_detached":false,"_editorskit_block_options_position":"{}"},"product_brand":[],"product_cat":[214,337,186],"product_tag":[],"giftcard-category":[],"class_list":{"0":"post-93593","1":"product","2":"type-product","3":"status-publish","4":"has-post-thumbnail","6":"product_cat-desgaste-de-lucha","7":"product_cat-rashguards-es","8":"product_cat-todos-los-productos","10":"first","11":"instock","12":"taxable","13":"shipping-taxable","14":"purchasable","15":"product-type-variable"},"_links":{"self":[{"href":"https:\/\/scramblestuff.com\/eu\/es\/wp-json\/wp\/v2\/product\/93593","targetHints":{"allow":["GET"]}}],"collection":[{"href":"https:\/\/scramblestuff.com\/eu\/es\/wp-json\/wp\/v2\/product"}],"about":[{"href":"https:\/\/scramblestuff.com\/eu\/es\/wp-json\/wp\/v2\/types\/product"}],"replies":[{"embeddable":true,"href":"https:\/\/scramblestuff.com\/eu\/es\/wp-json\/wp\/v2\/comments?post=93593"}],"wp:featuredmedia":[{"embeddable":true,"href":"https:\/\/scramblestuff.com\/eu\/es\/wp-json\/wp\/v2\/media\/89893"}],"wp:attachment":[{"href":"https:\/\/scramblestuff.com\/eu\/es\/wp-json\/wp\/v2\/media?parent=93593"}],"wp:term":[{"taxonomy":"product_brand","embeddable":true,"href":"https:\/\/scramblestuff.com\/eu\/es\/wp-json\/wp\/v2\/product_brand?post=93593"},{"taxonomy":"product_cat","embeddable":true,"href":"https:\/\/scramblestuff.com\/eu\/es\/wp-json\/wp\/v2\/product_cat?post=93593"},{"taxonomy":"product_tag","embeddable":true,"href":"https:\/\/scramblestuff.com\/eu\/es\/wp-json\/wp\/v2\/product_tag?post=93593"},{"taxonomy":"giftcard-category","embeddable":true,"href":"https:\/\/scramblestuff.com\/eu\/es\/wp-json\/wp\/v2\/giftcard-category?post=93593"}],"curies":[{"name":"wp","href":"https:\/\/api.w.org\/{rel}","templated":true}]}}