{"id":93630,"date":"2024-10-23T14:11:51","date_gmt":"2024-10-23T13:11:51","guid":{"rendered":"https:\/\/scramblestuff.com\/eu\/p\/shinobi-compression-top-manga-corta-midnight-blue\/"},"modified":"2025-04-05T19:03:09","modified_gmt":"2025-04-05T18:03:09","slug":"shinobi-compression-top-manga-corta-midnight-blue","status":"publish","type":"product","link":"https:\/\/scramblestuff.com\/eu\/es\/p\/shinobi-compression-top-manga-corta-midnight-blue\/","title":{"rendered":"Shinobi Compression Top &#8211; Manga Corta &#8211; Midnight Blue"},"content":{"rendered":"<p>La l\u00ednea Shinobi es nuestra versi\u00f3n de ropa de compresi\u00f3n premium y discreta. Con un enfoque en materiales finos y construcci\u00f3n de calidad, el dise\u00f1o es simple pero elegante, permitiendo un rango de movimiento perfecto. Incorpora paneles de malla en zonas estrat\u00e9gicas que permiten que el cuerpo respire durante el entrenamiento. El conjunto es ideal para el gimnasio, grappling no gi, MMA, entre otros.<\/p>\n","protected":false},"excerpt":{"rendered":"<p>Ropa de compresi\u00f3n premium<br \/>\nPaneles c\u00f3modos y malla transpirable<br \/>\nEstilo limpio y vers\u00e1til para m\u00faltiples deportes<br \/>\nBase azul marino con detalles dorados<\/p>\n","protected":false},"featured_media":90202,"comment_status":"open","ping_status":"closed","template":"","meta":{"_editorskit_title_hidden":false,"_editorskit_reading_time":0,"_editorskit_is_block_options_detached":false,"_editorskit_block_options_position":"{}"},"product_brand":[],"product_cat":[214,337,186],"product_tag":[],"giftcard-category":[],"class_list":{"0":"post-93630","1":"product","2":"type-product","3":"status-publish","4":"has-post-thumbnail","6":"product_cat-desgaste-de-lucha","7":"product_cat-rashguards-es","8":"product_cat-todos-los-productos","10":"first","11":"instock","12":"taxable","13":"shipping-taxable","14":"purchasable","15":"product-type-variable"},"_links":{"self":[{"href":"https:\/\/scramblestuff.com\/eu\/es\/wp-json\/wp\/v2\/product\/93630","targetHints":{"allow":["GET"]}}],"collection":[{"href":"https:\/\/scramblestuff.com\/eu\/es\/wp-json\/wp\/v2\/product"}],"about":[{"href":"https:\/\/scramblestuff.com\/eu\/es\/wp-json\/wp\/v2\/types\/product"}],"replies":[{"embeddable":true,"href":"https:\/\/scramblestuff.com\/eu\/es\/wp-json\/wp\/v2\/comments?post=93630"}],"wp:featuredmedia":[{"embeddable":true,"href":"https:\/\/scramblestuff.com\/eu\/es\/wp-json\/wp\/v2\/media\/90202"}],"wp:attachment":[{"href":"https:\/\/scramblestuff.com\/eu\/es\/wp-json\/wp\/v2\/media?parent=93630"}],"wp:term":[{"taxonomy":"product_brand","embeddable":true,"href":"https:\/\/scramblestuff.com\/eu\/es\/wp-json\/wp\/v2\/product_brand?post=93630"},{"taxonomy":"product_cat","embeddable":true,"href":"https:\/\/scramblestuff.com\/eu\/es\/wp-json\/wp\/v2\/product_cat?post=93630"},{"taxonomy":"product_tag","embeddable":true,"href":"https:\/\/scramblestuff.com\/eu\/es\/wp-json\/wp\/v2\/product_tag?post=93630"},{"taxonomy":"giftcard-category","embeddable":true,"href":"https:\/\/scramblestuff.com\/eu\/es\/wp-json\/wp\/v2\/giftcard-category?post=93630"}],"curies":[{"name":"wp","href":"https:\/\/api.w.org\/{rel}","templated":true}]}}