{"id":93656,"date":"2024-10-23T15:09:04","date_gmt":"2024-10-23T14:09:04","guid":{"rendered":"https:\/\/scramblestuff.com\/eu\/p\/mushin-fleece-tan\/"},"modified":"2026-02-22T14:39:04","modified_gmt":"2026-02-22T14:39:04","slug":"mushin-fleece-tan","status":"publish","type":"product","link":"https:\/\/scramblestuff.com\/eu\/es\/p\/mushin-fleece-tan\/","title":{"rendered":"Mushin Fleece &#8211; Tan"},"content":{"rendered":"<p>Ropa urbana c\u00f3moda y de alta calidad de Scramble Confeccionada con poli\u00e9ster premium tipo pile y un interior suave y c\u00e1lido, esta chaqueta tipo fleece es de un ajuste regular que permite llevar capas por debajo. Cada prenda cuenta con tres bolsillos con cremallera y un discreto logo de goma de Scramble estampado en el pecho.<\/p>\n","protected":false},"excerpt":{"rendered":"<p>Peso medio, poli\u00e9ster tipo pile (sin productos de origen animal)<\/p>\n<p>Corte c\u00f3modo que permite llevar capas<\/p>\n<p>Tres bolsillos con cremallera<\/p>\n","protected":false},"featured_media":90402,"comment_status":"open","ping_status":"closed","template":"","meta":{"_editorskit_title_hidden":false,"_editorskit_reading_time":0,"_editorskit_is_block_options_detached":false,"_editorskit_block_options_position":"{}"},"product_brand":[],"product_cat":[202,190,27,186,232],"product_tag":[],"giftcard-category":[],"class_list":{"0":"post-93656","1":"product","2":"type-product","3":"status-publish","4":"has-post-thumbnail","6":"product_cat-chaquetas","7":"product_cat-ropa-casual","8":"product_cat-sale","9":"product_cat-todos-los-productos","10":"product_cat-venta","12":"first","13":"instock","14":"sale","15":"taxable","16":"shipping-taxable","17":"purchasable","18":"product-type-variable"},"_links":{"self":[{"href":"https:\/\/scramblestuff.com\/eu\/es\/wp-json\/wp\/v2\/product\/93656","targetHints":{"allow":["GET"]}}],"collection":[{"href":"https:\/\/scramblestuff.com\/eu\/es\/wp-json\/wp\/v2\/product"}],"about":[{"href":"https:\/\/scramblestuff.com\/eu\/es\/wp-json\/wp\/v2\/types\/product"}],"replies":[{"embeddable":true,"href":"https:\/\/scramblestuff.com\/eu\/es\/wp-json\/wp\/v2\/comments?post=93656"}],"wp:featuredmedia":[{"embeddable":true,"href":"https:\/\/scramblestuff.com\/eu\/es\/wp-json\/wp\/v2\/media\/90402"}],"wp:attachment":[{"href":"https:\/\/scramblestuff.com\/eu\/es\/wp-json\/wp\/v2\/media?parent=93656"}],"wp:term":[{"taxonomy":"product_brand","embeddable":true,"href":"https:\/\/scramblestuff.com\/eu\/es\/wp-json\/wp\/v2\/product_brand?post=93656"},{"taxonomy":"product_cat","embeddable":true,"href":"https:\/\/scramblestuff.com\/eu\/es\/wp-json\/wp\/v2\/product_cat?post=93656"},{"taxonomy":"product_tag","embeddable":true,"href":"https:\/\/scramblestuff.com\/eu\/es\/wp-json\/wp\/v2\/product_tag?post=93656"},{"taxonomy":"giftcard-category","embeddable":true,"href":"https:\/\/scramblestuff.com\/eu\/es\/wp-json\/wp\/v2\/giftcard-category?post=93656"}],"curies":[{"name":"wp","href":"https:\/\/api.w.org\/{rel}","templated":true}]}}