{"id":93674,"date":"2024-10-23T15:09:04","date_gmt":"2024-10-23T14:09:04","guid":{"rendered":"https:\/\/scramblestuff.com\/eu\/p\/chaqueta-ame-red-navy\/"},"modified":"2025-10-31T05:44:00","modified_gmt":"2025-10-31T05:44:00","slug":"chaqueta-ame-red-navy","status":"publish","type":"product","link":"https:\/\/scramblestuff.com\/eu\/es\/p\/chaqueta-ame-red-navy\/","title":{"rendered":"Chaqueta Ame &#8211; Red \/ Navy"},"content":{"rendered":"<p>Construcci\u00f3n, ajuste y sensaci\u00f3n superiores. Esta chaqueta ligera para lluvia est\u00e1 fabricada con nailon de alta calidad y recubrimiento resistente al agua, e incluye cremalleras impermeables y un forro interior de malla liviana. Una cintura el\u00e1stica te permite ajustar la chaqueta si es necesario, al igual que los brazaletes de velcro. Presenta bloques de color en nuestra popular combinaci\u00f3n rojo\/azul y acabados reflectantes con el logo de Scramble para aventuras nocturnas. Adem\u00e1s, lleva un bonito logo de goma estampado en el pecho. Literalmente incre\u00edble.<\/p>\n","protected":false},"excerpt":{"rendered":"<p>Chaqueta ligera para lluvia<\/p>\n<p>Alta resistencia al agua<\/p>\n<p>Detalles y acabados actualizados<\/p>\n","protected":false},"featured_media":90272,"comment_status":"open","ping_status":"closed","template":"","meta":{"_editorskit_title_hidden":false,"_editorskit_reading_time":0,"_editorskit_is_block_options_detached":false,"_editorskit_block_options_position":"{}"},"product_brand":[600],"product_cat":[202,27,186,232],"product_tag":[],"giftcard-category":[],"class_list":{"0":"post-93674","1":"product","2":"type-product","3":"status-publish","4":"has-post-thumbnail","6":"product_brand-scramble","7":"product_cat-chaquetas","8":"product_cat-sale","9":"product_cat-todos-los-productos","10":"product_cat-venta","12":"first","13":"instock","14":"sale","15":"taxable","16":"shipping-taxable","17":"purchasable","18":"product-type-variable"},"_links":{"self":[{"href":"https:\/\/scramblestuff.com\/eu\/es\/wp-json\/wp\/v2\/product\/93674","targetHints":{"allow":["GET"]}}],"collection":[{"href":"https:\/\/scramblestuff.com\/eu\/es\/wp-json\/wp\/v2\/product"}],"about":[{"href":"https:\/\/scramblestuff.com\/eu\/es\/wp-json\/wp\/v2\/types\/product"}],"replies":[{"embeddable":true,"href":"https:\/\/scramblestuff.com\/eu\/es\/wp-json\/wp\/v2\/comments?post=93674"}],"wp:featuredmedia":[{"embeddable":true,"href":"https:\/\/scramblestuff.com\/eu\/es\/wp-json\/wp\/v2\/media\/90272"}],"wp:attachment":[{"href":"https:\/\/scramblestuff.com\/eu\/es\/wp-json\/wp\/v2\/media?parent=93674"}],"wp:term":[{"taxonomy":"product_brand","embeddable":true,"href":"https:\/\/scramblestuff.com\/eu\/es\/wp-json\/wp\/v2\/product_brand?post=93674"},{"taxonomy":"product_cat","embeddable":true,"href":"https:\/\/scramblestuff.com\/eu\/es\/wp-json\/wp\/v2\/product_cat?post=93674"},{"taxonomy":"product_tag","embeddable":true,"href":"https:\/\/scramblestuff.com\/eu\/es\/wp-json\/wp\/v2\/product_tag?post=93674"},{"taxonomy":"giftcard-category","embeddable":true,"href":"https:\/\/scramblestuff.com\/eu\/es\/wp-json\/wp\/v2\/giftcard-category?post=93674"}],"curies":[{"name":"wp","href":"https:\/\/api.w.org\/{rel}","templated":true}]}}