{"id":93722,"date":"2024-10-24T14:30:49","date_gmt":"2024-10-24T13:30:49","guid":{"rendered":"https:\/\/scramblestuff.com\/eu\/p\/athlete-gi-female-white\/"},"modified":"2025-11-19T09:57:09","modified_gmt":"2025-11-19T09:57:09","slug":"athlete-gi-female-white","status":"publish","type":"product","link":"https:\/\/scramblestuff.com\/eu\/es\/p\/athlete-gi-female-white\/","title":{"rendered":"Athlete Gi Female &#8211; White"},"content":{"rendered":"<p>El Athlete ha sido siempre el kimono insignia de Scramble para jiujitsu Brasile\u00f1o. Este kimono ha sido cuidadosamente dise\u00f1ado y perfeccionado a lo largo de los a\u00f1os gracias al feedback de atletas, clientes, y del propio equipo de Scramble, compuesto en su mayor\u00eda por practicantes. El gi presenta una est\u00e9tica limpia con detalles de marca Scramble en puntos clave y cumple con todas las normas de legalidad de la IBJJF. Hemos indicado claramente el gramaje (GSM) del pantal\u00f3n y la chaqueta para que puedas pasar sin problemas la inspecci\u00f3n de la IBJJF.   <\/p>\n<p>Para quienes no compiten, este es tambi\u00e9n un gi perfecto para el d\u00eda a d\u00eda, con el peso ideal para soportar entrenamientos intensos.<\/p>\n<p>Muchas marcas mezclan el algod\u00f3n con poli\u00e9ster para abaratar costos y reducir el encogimiento, pero nosotros usamos siempre 100% algod\u00f3n. Es m\u00e1s saludable y se siente m\u00e1s c\u00f3modo en la piel, adem\u00e1s permanece transpirable cuando est\u00e1s sudando. Esto significa que el gi puede encoger ligeramente, pero no m\u00e1s de lo habitual, y esa es la garant\u00eda de su composici\u00f3n pura de algod\u00f3n.  <\/p>\n<p>Este gi no incluye bolsa.<\/p>\n","protected":false},"excerpt":{"rendered":"<p>100% legal para IBJJF<\/p>\n<p>Ajuste y sensaci\u00f3n de calidad superior<\/p>\n<p>Pantalones ripstop de 290gsm \/ Chaqueta pearl weave de 450gsm<\/p>\n<p>100% algod\u00f3n puro<\/p>\n","protected":false},"featured_media":90615,"comment_status":"open","ping_status":"closed","template":"","meta":{"_editorskit_title_hidden":false,"_editorskit_reading_time":0,"_editorskit_is_block_options_detached":false,"_editorskit_block_options_position":"{}"},"product_brand":[600],"product_cat":[322,243,214,239,27,186,232],"product_tag":[619],"giftcard-category":[],"class_list":{"0":"post-93722","1":"product","2":"type-product","3":"status-publish","4":"has-post-thumbnail","6":"product_brand-scramble","7":"product_cat-bjj-gi-es","8":"product_cat-de-las-mujeres-bjj-gi","9":"product_cat-desgaste-de-lucha","10":"product_cat-mujeres","11":"product_cat-sale","12":"product_cat-todos-los-productos","13":"product_cat-venta","14":"product_tag-athlete-gi-es","16":"first","17":"instock","18":"sale","19":"taxable","20":"shipping-taxable","21":"purchasable","22":"product-type-variable"},"_links":{"self":[{"href":"https:\/\/scramblestuff.com\/eu\/es\/wp-json\/wp\/v2\/product\/93722","targetHints":{"allow":["GET"]}}],"collection":[{"href":"https:\/\/scramblestuff.com\/eu\/es\/wp-json\/wp\/v2\/product"}],"about":[{"href":"https:\/\/scramblestuff.com\/eu\/es\/wp-json\/wp\/v2\/types\/product"}],"replies":[{"embeddable":true,"href":"https:\/\/scramblestuff.com\/eu\/es\/wp-json\/wp\/v2\/comments?post=93722"}],"wp:featuredmedia":[{"embeddable":true,"href":"https:\/\/scramblestuff.com\/eu\/es\/wp-json\/wp\/v2\/media\/90615"}],"wp:attachment":[{"href":"https:\/\/scramblestuff.com\/eu\/es\/wp-json\/wp\/v2\/media?parent=93722"}],"wp:term":[{"taxonomy":"product_brand","embeddable":true,"href":"https:\/\/scramblestuff.com\/eu\/es\/wp-json\/wp\/v2\/product_brand?post=93722"},{"taxonomy":"product_cat","embeddable":true,"href":"https:\/\/scramblestuff.com\/eu\/es\/wp-json\/wp\/v2\/product_cat?post=93722"},{"taxonomy":"product_tag","embeddable":true,"href":"https:\/\/scramblestuff.com\/eu\/es\/wp-json\/wp\/v2\/product_tag?post=93722"},{"taxonomy":"giftcard-category","embeddable":true,"href":"https:\/\/scramblestuff.com\/eu\/es\/wp-json\/wp\/v2\/giftcard-category?post=93722"}],"curies":[{"name":"wp","href":"https:\/\/api.w.org\/{rel}","templated":true}]}}