{"id":93755,"date":"2024-11-07T09:48:31","date_gmt":"2024-11-07T09:48:31","guid":{"rendered":"https:\/\/scramblestuff.com\/eu\/p\/fate-gi-black\/"},"modified":"2026-03-02T11:10:26","modified_gmt":"2026-03-02T11:10:26","slug":"fate-gi-black","status":"publish","type":"product","link":"https:\/\/scramblestuff.com\/eu\/es\/p\/fate-gi-black\/","title":{"rendered":"Fate Gi &#8211; Black"},"content":{"rendered":"<p>El concepto de FATE es \u201cDe Amateur a Experto\u201d y busca ofrecer tanto a principiantes del d\u00eda 1 como a competidores profesionales una propuesta de valor que no hace concesiones.<br \/>\n\u2060<br \/>\nEl gi tiene las mismas medidas que nuestros gis regulares y est\u00e1 hecho con una chaqueta ligera de pearl weave y pantalones de sarga de algod\u00f3n (no ripstop) ligeros y c\u00f3modos. \u2060Este gi es 100% algod\u00f3n premium (sin poli\u00e9ster barato) Y 100% legal para la IBJJF. <\/p>\n<p>El gi viene con un cintur\u00f3n blanco gratuito, lo que lo convierte en la elecci\u00f3n perfecta para cualquiera que est\u00e9 comenzando en jiujitsu o que busque un gi de BJJ para principiantes con buena relaci\u00f3n calidad-precio. Si no necesitas el cintur\u00f3n blanco, simplemente d\u00f3nalo a tu gimnasio local de BJJ \u2013 seguramente ser\u00e1 \u00fatil para alg\u00fan principiante. <\/p>\n","protected":false},"excerpt":{"rendered":"<p>Black Gi 100% algod\u00f3n<br \/>\nLegal para IBJJF<br \/>\nCintur\u00f3n blanco gratis<br \/>\nChaqueta pearl weave de 380GSM, pantalones de sarga de algod\u00f3n de 230GSM<\/p>\n","protected":false},"featured_media":92474,"comment_status":"open","ping_status":"closed","template":"","meta":{"_editorskit_title_hidden":false,"_editorskit_reading_time":0,"_editorskit_is_block_options_detached":false,"_editorskit_block_options_position":"{}"},"product_brand":[600],"product_cat":[322,186],"product_tag":[1118],"giftcard-category":[],"class_list":{"0":"post-93755","1":"product","2":"type-product","3":"status-publish","4":"has-post-thumbnail","6":"product_brand-scramble","7":"product_cat-bjj-gi-es","8":"product_cat-todos-los-productos","9":"product_tag-destino","11":"first","12":"outofstock","13":"taxable","14":"shipping-taxable","15":"purchasable","16":"product-type-variable"},"_links":{"self":[{"href":"https:\/\/scramblestuff.com\/eu\/es\/wp-json\/wp\/v2\/product\/93755","targetHints":{"allow":["GET"]}}],"collection":[{"href":"https:\/\/scramblestuff.com\/eu\/es\/wp-json\/wp\/v2\/product"}],"about":[{"href":"https:\/\/scramblestuff.com\/eu\/es\/wp-json\/wp\/v2\/types\/product"}],"replies":[{"embeddable":true,"href":"https:\/\/scramblestuff.com\/eu\/es\/wp-json\/wp\/v2\/comments?post=93755"}],"wp:featuredmedia":[{"embeddable":true,"href":"https:\/\/scramblestuff.com\/eu\/es\/wp-json\/wp\/v2\/media\/92474"}],"wp:attachment":[{"href":"https:\/\/scramblestuff.com\/eu\/es\/wp-json\/wp\/v2\/media?parent=93755"}],"wp:term":[{"taxonomy":"product_brand","embeddable":true,"href":"https:\/\/scramblestuff.com\/eu\/es\/wp-json\/wp\/v2\/product_brand?post=93755"},{"taxonomy":"product_cat","embeddable":true,"href":"https:\/\/scramblestuff.com\/eu\/es\/wp-json\/wp\/v2\/product_cat?post=93755"},{"taxonomy":"product_tag","embeddable":true,"href":"https:\/\/scramblestuff.com\/eu\/es\/wp-json\/wp\/v2\/product_tag?post=93755"},{"taxonomy":"giftcard-category","embeddable":true,"href":"https:\/\/scramblestuff.com\/eu\/es\/wp-json\/wp\/v2\/giftcard-category?post=93755"}],"curies":[{"name":"wp","href":"https:\/\/api.w.org\/{rel}","templated":true}]}}