{"id":93774,"date":"2024-11-07T10:26:54","date_gmt":"2025-04-08T08:45:45","guid":{"rendered":"https:\/\/scramblestuff.com\/eu\/p\/camiseta-furinkazan-black\/"},"modified":"2025-05-19T11:49:09","modified_gmt":"2025-05-19T10:49:09","slug":"camiseta-furinkazan-black","status":"publish","type":"product","link":"https:\/\/scramblestuff.com\/eu\/es\/p\/camiseta-furinkazan-black\/","title":{"rendered":"Camiseta Furinkazan \u2013 Black"},"content":{"rendered":"<p>Nuestras camisetas \u201cFurinkazan\u201d en algod\u00f3n pesado de corte oversize cuentan con el arte caligr\u00e1fico original de Shisamu Iwase, del estudio creativo A DESIGN LAB en Jap\u00f3n.<\/p>\n<p>Esta camiseta negra premium est\u00e1 adornada con un escudo especial que muestra la frase FURINKAZAN o \u98a8\u6797\u706b\u5c71\u2060 y tiene un lavado discreto que aten\u00faa levemente el color de la prenda.<br \/>\n\u2060<br \/>\nEste era un estandarte de batalla que ondeaba sobre las tropas del daimyo Takeda Shingen durante la era Sengoku. La frase es una versi\u00f3n abreviada de una cita de Sun Tzu, y cada kanji representa un elemento: viento, bosque, fuego, monta\u00f1a. El significado completo del grito de guerra es: \u201cr\u00e1pido como el viento, tranquilo como el bosque, feroz como el fuego, inamovible como la monta\u00f1a\u201d.\u2060<br \/>\n\u2060<br \/>\nEstas camisetas est\u00e1n disponibles en cantidades limitadas y son una pieza perfecta para coleccionistas o un regalo especial.  <\/p>\n","protected":false},"excerpt":{"rendered":"<p>Camiseta negra oversize de calidad ultra premium<br \/>\nCaligraf\u00eda japonesa original<br \/>\nFurinkazan \u2013 un grito de guerra del Jap\u00f3n Sengoku<\/p>\n","protected":false},"featured_media":91082,"comment_status":"open","ping_status":"closed","template":"","meta":{"_editorskit_title_hidden":false,"_editorskit_reading_time":0,"_editorskit_is_block_options_detached":false,"_editorskit_block_options_position":"{}"},"product_brand":[600],"product_cat":[210,186,232],"product_tag":[],"giftcard-category":[],"class_list":{"0":"post-93774","1":"product","2":"type-product","3":"status-publish","4":"has-post-thumbnail","6":"product_brand-scramble","7":"product_cat-camisetas","8":"product_cat-todos-los-productos","9":"product_cat-venta","11":"first","12":"outofstock","13":"taxable","14":"shipping-taxable","15":"purchasable","16":"product-type-variable"},"_links":{"self":[{"href":"https:\/\/scramblestuff.com\/eu\/es\/wp-json\/wp\/v2\/product\/93774","targetHints":{"allow":["GET"]}}],"collection":[{"href":"https:\/\/scramblestuff.com\/eu\/es\/wp-json\/wp\/v2\/product"}],"about":[{"href":"https:\/\/scramblestuff.com\/eu\/es\/wp-json\/wp\/v2\/types\/product"}],"replies":[{"embeddable":true,"href":"https:\/\/scramblestuff.com\/eu\/es\/wp-json\/wp\/v2\/comments?post=93774"}],"wp:featuredmedia":[{"embeddable":true,"href":"https:\/\/scramblestuff.com\/eu\/es\/wp-json\/wp\/v2\/media\/91082"}],"wp:attachment":[{"href":"https:\/\/scramblestuff.com\/eu\/es\/wp-json\/wp\/v2\/media?parent=93774"}],"wp:term":[{"taxonomy":"product_brand","embeddable":true,"href":"https:\/\/scramblestuff.com\/eu\/es\/wp-json\/wp\/v2\/product_brand?post=93774"},{"taxonomy":"product_cat","embeddable":true,"href":"https:\/\/scramblestuff.com\/eu\/es\/wp-json\/wp\/v2\/product_cat?post=93774"},{"taxonomy":"product_tag","embeddable":true,"href":"https:\/\/scramblestuff.com\/eu\/es\/wp-json\/wp\/v2\/product_tag?post=93774"},{"taxonomy":"giftcard-category","embeddable":true,"href":"https:\/\/scramblestuff.com\/eu\/es\/wp-json\/wp\/v2\/giftcard-category?post=93774"}],"curies":[{"name":"wp","href":"https:\/\/api.w.org\/{rel}","templated":true}]}}