{"id":94304,"date":"2024-12-05T09:36:41","date_gmt":"2025-04-21T19:46:57","guid":{"rendered":"https:\/\/scramblestuff.com\/eu\/p\/scramble-x-pancrase-hybrid-wrestling-hoody\/"},"modified":"2025-04-21T20:46:57","modified_gmt":"2025-04-21T19:46:57","slug":"scramble-x-pancrase-hybrid-wrestling-hoody","status":"publish","type":"product","link":"https:\/\/scramblestuff.com\/eu\/es\/p\/scramble-x-pancrase-hybrid-wrestling-hoody\/","title":{"rendered":"Scramble x Pancrase Hybrid Wrestling Hoody"},"content":{"rendered":"<p>La sudadera Scramble x Pancrase combina funcionalidad con legado, en un dise\u00f1o que rinde homenaje al papel pionero de Pancrase en la lucha h\u00edbrida y las MMA desde 1993. Confeccionada en un tejido suave pero resistente, esta prenda es ideal para calentar antes del entrenamiento, relajarte despu\u00e9s, o simplemente para el uso diario. Su dise\u00f1o hace referencia a los primeros d\u00edas de Pancrase y su influencia en las comunidades de grappling y MMA, ofreciendo una conexi\u00f3n con la historia de los deportes de combate. Con un ajuste holgado y caracter\u00edsticas pr\u00e1cticas, esta sudadera es perfecta para atletas que buscan comodidad y estilo discreto, dentro o fuera del tatami.   <\/p>\n","protected":false},"excerpt":{"rendered":"<p>Colaboraci\u00f3n de Edici\u00f3n Limitada<br \/>\nLicencia Oficial de Pancrase<br \/>\nMezcla de algod\u00f3n suave, c\u00f3modo, de gramaje pesado y corte oversized<\/p>\n","protected":false},"featured_media":91533,"comment_status":"open","ping_status":"closed","template":"","meta":{"_editorskit_title_hidden":false,"_editorskit_reading_time":0,"_editorskit_is_block_options_detached":false,"_editorskit_block_options_position":"{}"},"product_brand":[600],"product_cat":[190,186],"product_tag":[629],"giftcard-category":[],"class_list":{"0":"post-94304","1":"product","2":"type-product","3":"status-publish","4":"has-post-thumbnail","6":"product_brand-scramble","7":"product_cat-ropa-casual","8":"product_cat-todos-los-productos","9":"product_tag-pancrase-es","11":"first","12":"instock","13":"taxable","14":"shipping-taxable","15":"purchasable","16":"product-type-variable"},"_links":{"self":[{"href":"https:\/\/scramblestuff.com\/eu\/es\/wp-json\/wp\/v2\/product\/94304","targetHints":{"allow":["GET"]}}],"collection":[{"href":"https:\/\/scramblestuff.com\/eu\/es\/wp-json\/wp\/v2\/product"}],"about":[{"href":"https:\/\/scramblestuff.com\/eu\/es\/wp-json\/wp\/v2\/types\/product"}],"replies":[{"embeddable":true,"href":"https:\/\/scramblestuff.com\/eu\/es\/wp-json\/wp\/v2\/comments?post=94304"}],"wp:featuredmedia":[{"embeddable":true,"href":"https:\/\/scramblestuff.com\/eu\/es\/wp-json\/wp\/v2\/media\/91533"}],"wp:attachment":[{"href":"https:\/\/scramblestuff.com\/eu\/es\/wp-json\/wp\/v2\/media?parent=94304"}],"wp:term":[{"taxonomy":"product_brand","embeddable":true,"href":"https:\/\/scramblestuff.com\/eu\/es\/wp-json\/wp\/v2\/product_brand?post=94304"},{"taxonomy":"product_cat","embeddable":true,"href":"https:\/\/scramblestuff.com\/eu\/es\/wp-json\/wp\/v2\/product_cat?post=94304"},{"taxonomy":"product_tag","embeddable":true,"href":"https:\/\/scramblestuff.com\/eu\/es\/wp-json\/wp\/v2\/product_tag?post=94304"},{"taxonomy":"giftcard-category","embeddable":true,"href":"https:\/\/scramblestuff.com\/eu\/es\/wp-json\/wp\/v2\/giftcard-category?post=94304"}],"curies":[{"name":"wp","href":"https:\/\/api.w.org\/{rel}","templated":true}]}}