{"id":94329,"date":"2024-12-12T11:09:15","date_gmt":"2024-12-12T11:09:15","guid":{"rendered":"https:\/\/scramblestuff.com\/eu\/p\/ankle-lock-rashguard\/"},"modified":"2025-10-28T12:46:15","modified_gmt":"2025-10-28T12:46:15","slug":"ankle-lock-rashguard","status":"publish","type":"product","link":"https:\/\/scramblestuff.com\/eu\/es\/p\/ankle-lock-rashguard\/","title":{"rendered":"Ankle Lock Rashguard"},"content":{"rendered":"<p>Este rashguard de edici\u00f3n especial celebra la famosa ankle lock de Mateusz Szczecinski. Originario de Polonia, Mateusz es un veterano del ADCC con dos victorias por sumisi\u00f3n espectaculares, adem\u00e1s de ser el campe\u00f3n de peso w\u00e9lter de Polaris. El rashguard de manga corta presenta una referencia a su sumisi\u00f3n caracter\u00edstica, adem\u00e1s de peque\u00f1os logos y un motivo con la bandera polaca.  <\/p>\n","protected":false},"excerpt":{"rendered":"<p>Colaboraci\u00f3n limitada con atleta<br \/>\nHace referencia a la famosa sumisi\u00f3n de Mateusz<br \/>\nMateriales y acabados de primera calidad<\/p>\n","protected":false},"featured_media":91731,"comment_status":"open","ping_status":"closed","template":"","meta":{"_editorskit_title_hidden":false,"_editorskit_reading_time":0,"_editorskit_is_block_options_detached":false,"_editorskit_block_options_position":"{}"},"product_brand":[600],"product_cat":[337,186,232],"product_tag":[],"giftcard-category":[],"class_list":{"0":"post-94329","1":"product","2":"type-product","3":"status-publish","4":"has-post-thumbnail","6":"product_brand-scramble","7":"product_cat-rashguards-es","8":"product_cat-todos-los-productos","9":"product_cat-venta","11":"first","12":"outofstock","13":"taxable","14":"shipping-taxable","15":"purchasable","16":"product-type-variable"},"_links":{"self":[{"href":"https:\/\/scramblestuff.com\/eu\/es\/wp-json\/wp\/v2\/product\/94329","targetHints":{"allow":["GET"]}}],"collection":[{"href":"https:\/\/scramblestuff.com\/eu\/es\/wp-json\/wp\/v2\/product"}],"about":[{"href":"https:\/\/scramblestuff.com\/eu\/es\/wp-json\/wp\/v2\/types\/product"}],"replies":[{"embeddable":true,"href":"https:\/\/scramblestuff.com\/eu\/es\/wp-json\/wp\/v2\/comments?post=94329"}],"wp:featuredmedia":[{"embeddable":true,"href":"https:\/\/scramblestuff.com\/eu\/es\/wp-json\/wp\/v2\/media\/91731"}],"wp:attachment":[{"href":"https:\/\/scramblestuff.com\/eu\/es\/wp-json\/wp\/v2\/media?parent=94329"}],"wp:term":[{"taxonomy":"product_brand","embeddable":true,"href":"https:\/\/scramblestuff.com\/eu\/es\/wp-json\/wp\/v2\/product_brand?post=94329"},{"taxonomy":"product_cat","embeddable":true,"href":"https:\/\/scramblestuff.com\/eu\/es\/wp-json\/wp\/v2\/product_cat?post=94329"},{"taxonomy":"product_tag","embeddable":true,"href":"https:\/\/scramblestuff.com\/eu\/es\/wp-json\/wp\/v2\/product_tag?post=94329"},{"taxonomy":"giftcard-category","embeddable":true,"href":"https:\/\/scramblestuff.com\/eu\/es\/wp-json\/wp\/v2\/giftcard-category?post=94329"}],"curies":[{"name":"wp","href":"https:\/\/api.w.org\/{rel}","templated":true}]}}