{"id":94337,"date":"2025-01-23T09:30:08","date_gmt":"2025-04-22T23:29:08","guid":{"rendered":"https:\/\/scramblestuff.com\/eu\/p\/scramble-x-bad-hand-coffee-rashguard-white\/"},"modified":"2025-04-23T00:29:08","modified_gmt":"2025-04-22T23:29:08","slug":"scramble-x-bad-hand-coffee-rashguard-white","status":"publish","type":"product","link":"https:\/\/scramblestuff.com\/eu\/es\/p\/scramble-x-bad-hand-coffee-rashguard-white\/","title":{"rendered":"Scramble x Bad Hand Coffee Rashguard &#8211; White"},"content":{"rendered":"<p>La colaboraci\u00f3n entre Bad Hand y Scramble celebra dos de nuestras cosas favoritas en el mundo: el caf\u00e9 y el jiujitsu. Bad Hand es una tostadora de caf\u00e9 ubicada cerca de la sede de Scramble, y miembros de ambos equipos entrenan jiujitsu juntos en el Ippon Gym. \u00a1Una combinaci\u00f3n hecha en el para\u00edso del caf\u00e9! Esta colecci\u00f3n celebra ambas marcas e incluye una camiseta y un rashguard con ilustraciones dibujadas a mano, adem\u00e1s de un lote especial de algunos de sus mejores granos. Mientras haya existencias, regalaremos un paquete de muestra de los granos con cada camiseta o rashguard a precio completo.    <\/p>\n<p>La colecci\u00f3n tambi\u00e9n fue lanzada en persona con un Open Mat en Ippon Gym y una tienda emergente en la tostadora de Bad Hand a solo unas calles. Este evento fue extremadamente popular, con m\u00e1s de 100 asistentes. <\/p>\n<p>Este rashguard de manga corta presenta nuestra ilustraci\u00f3n colaborativa hecha a mano, un corte multipanel de alta calidad y materiales de primera categor\u00eda.<\/p>\n","protected":false},"excerpt":{"rendered":"<p>Colaboraci\u00f3n exclusiva de edici\u00f3n limitada<br \/>\nManga corta con combinaci\u00f3n de colores \u00fanica<\/p>\n","protected":false},"featured_media":92166,"comment_status":"open","ping_status":"closed","template":"","meta":{"_editorskit_title_hidden":false,"_editorskit_reading_time":0,"_editorskit_is_block_options_detached":false,"_editorskit_block_options_position":"{}"},"product_brand":[600],"product_cat":[214,337,186],"product_tag":[630],"giftcard-category":[],"class_list":{"0":"post-94337","1":"product","2":"type-product","3":"status-publish","4":"has-post-thumbnail","6":"product_brand-scramble","7":"product_cat-desgaste-de-lucha","8":"product_cat-rashguards-es","9":"product_cat-todos-los-productos","10":"product_tag-bad-hand-es","12":"first","13":"instock","14":"taxable","15":"shipping-taxable","16":"purchasable","17":"product-type-variable"},"_links":{"self":[{"href":"https:\/\/scramblestuff.com\/eu\/es\/wp-json\/wp\/v2\/product\/94337","targetHints":{"allow":["GET"]}}],"collection":[{"href":"https:\/\/scramblestuff.com\/eu\/es\/wp-json\/wp\/v2\/product"}],"about":[{"href":"https:\/\/scramblestuff.com\/eu\/es\/wp-json\/wp\/v2\/types\/product"}],"replies":[{"embeddable":true,"href":"https:\/\/scramblestuff.com\/eu\/es\/wp-json\/wp\/v2\/comments?post=94337"}],"wp:featuredmedia":[{"embeddable":true,"href":"https:\/\/scramblestuff.com\/eu\/es\/wp-json\/wp\/v2\/media\/92166"}],"wp:attachment":[{"href":"https:\/\/scramblestuff.com\/eu\/es\/wp-json\/wp\/v2\/media?parent=94337"}],"wp:term":[{"taxonomy":"product_brand","embeddable":true,"href":"https:\/\/scramblestuff.com\/eu\/es\/wp-json\/wp\/v2\/product_brand?post=94337"},{"taxonomy":"product_cat","embeddable":true,"href":"https:\/\/scramblestuff.com\/eu\/es\/wp-json\/wp\/v2\/product_cat?post=94337"},{"taxonomy":"product_tag","embeddable":true,"href":"https:\/\/scramblestuff.com\/eu\/es\/wp-json\/wp\/v2\/product_tag?post=94337"},{"taxonomy":"giftcard-category","embeddable":true,"href":"https:\/\/scramblestuff.com\/eu\/es\/wp-json\/wp\/v2\/giftcard-category?post=94337"}],"curies":[{"name":"wp","href":"https:\/\/api.w.org\/{rel}","templated":true}]}}