{"id":94351,"date":"2025-01-23T09:18:37","date_gmt":"2025-04-22T23:39:47","guid":{"rendered":"https:\/\/scramblestuff.com\/eu\/p\/bad-hand-brew-jitsu-coffee\/"},"modified":"2025-04-23T00:39:47","modified_gmt":"2025-04-22T23:39:47","slug":"bad-hand-brew-jitsu-coffee","status":"publish","type":"product","link":"https:\/\/scramblestuff.com\/eu\/es\/p\/bad-hand-brew-jitsu-coffee\/","title":{"rendered":"Bad Hand &#8216;Brew Jitsu&#8217; Coffee"},"content":{"rendered":"<p>La colaboraci\u00f3n entre Bad Hand y Scramble celebra dos de nuestras cosas favoritas en el mundo: el caf\u00e9 y el jiujitsu. Bad Hand es una tostadora de caf\u00e9 ubicada cerca de la sede de Scramble, y miembros de ambos equipos entrenan jiujitsu juntos en el Ippon Gym. \u00a1Una combinaci\u00f3n hecha en el para\u00edso del caf\u00e9! Esta colecci\u00f3n celebra ambas marcas e incluye una camiseta y un rashguard con ilustraciones dibujadas a mano, adem\u00e1s de un lote especial de algunos de sus mejores granos. Mientras haya existencias, regalaremos un paquete de muestra de los granos con cada camiseta o rashguard a precio completo.    <\/p>\n<p>La colecci\u00f3n tambi\u00e9n fue lanzada en persona con un Open Mat en Ippon Gym y una tienda emergente en la tostadora de Bad Hand a solo unas calles. Este evento fue extremadamente popular, con m\u00e1s de 100 asistentes. <\/p>\n<p>Esta cl\u00e1sica mezcla de granos brasile\u00f1os es una versi\u00f3n moderna de un espresso italiano tradicional. Fuerte pero no oscuro, con baja acidez, un sabor intenso a chocolate y frutos secos. <\/p>\n<p>Dise\u00f1ado para espresso, ideal para cappuccino, y tambi\u00e9n funciona muy bien como filtro.<\/p>\n","protected":false},"excerpt":{"rendered":"<p>Granos enteros, reci\u00e9n tostados, 250g<br \/>\nColaboraci\u00f3n de edici\u00f3n limitada<br \/>\nMezcla de granos brasile\u00f1os premium<\/p>\n","protected":false},"featured_media":92260,"comment_status":"open","ping_status":"closed","template":"","meta":{"_editorskit_title_hidden":false,"_editorskit_reading_time":0,"_editorskit_is_block_options_detached":false,"_editorskit_block_options_position":"{}"},"product_brand":[],"product_cat":[182,186],"product_tag":[630],"giftcard-category":[],"class_list":{"0":"post-94351","1":"product","2":"type-product","3":"status-publish","4":"has-post-thumbnail","6":"product_cat-accesorios","7":"product_cat-todos-los-productos","8":"product_tag-bad-hand-es","10":"first","11":"outofstock","12":"taxable","13":"shipping-taxable","14":"purchasable","15":"product-type-simple"},"_links":{"self":[{"href":"https:\/\/scramblestuff.com\/eu\/es\/wp-json\/wp\/v2\/product\/94351","targetHints":{"allow":["GET"]}}],"collection":[{"href":"https:\/\/scramblestuff.com\/eu\/es\/wp-json\/wp\/v2\/product"}],"about":[{"href":"https:\/\/scramblestuff.com\/eu\/es\/wp-json\/wp\/v2\/types\/product"}],"replies":[{"embeddable":true,"href":"https:\/\/scramblestuff.com\/eu\/es\/wp-json\/wp\/v2\/comments?post=94351"}],"wp:featuredmedia":[{"embeddable":true,"href":"https:\/\/scramblestuff.com\/eu\/es\/wp-json\/wp\/v2\/media\/92260"}],"wp:attachment":[{"href":"https:\/\/scramblestuff.com\/eu\/es\/wp-json\/wp\/v2\/media?parent=94351"}],"wp:term":[{"taxonomy":"product_brand","embeddable":true,"href":"https:\/\/scramblestuff.com\/eu\/es\/wp-json\/wp\/v2\/product_brand?post=94351"},{"taxonomy":"product_cat","embeddable":true,"href":"https:\/\/scramblestuff.com\/eu\/es\/wp-json\/wp\/v2\/product_cat?post=94351"},{"taxonomy":"product_tag","embeddable":true,"href":"https:\/\/scramblestuff.com\/eu\/es\/wp-json\/wp\/v2\/product_tag?post=94351"},{"taxonomy":"giftcard-category","embeddable":true,"href":"https:\/\/scramblestuff.com\/eu\/es\/wp-json\/wp\/v2\/giftcard-category?post=94351"}],"curies":[{"name":"wp","href":"https:\/\/api.w.org\/{rel}","templated":true}]}}