{"id":94365,"date":"2025-02-21T15:27:01","date_gmt":"2025-02-21T15:27:01","guid":{"rendered":"https:\/\/scramblestuff.com\/eu\/p\/dorai-training-top-purple-and-yellow\/"},"modified":"2025-06-09T14:43:39","modified_gmt":"2025-06-09T13:43:39","slug":"dorai-training-top-purple-and-yellow","status":"publish","type":"product","link":"https:\/\/scramblestuff.com\/eu\/es\/p\/dorai-training-top-purple-and-yellow\/","title":{"rendered":"Dorai Training Top &#8211; Purple and Yellow"},"content":{"rendered":"<p>Esta camiseta de entrenamiento de estilo \u00abdry fit\u00bb ligeramente texturizada es m\u00e1s holgada que una rashguard, brind\u00e1ndote libertad de movimiento y tambi\u00e9n ayudando a disimular una \u201cpanza\u201d si es necesario, lo cual es genial. La camiseta tambi\u00e9n es m\u00e1s larga en el cuerpo, perfecta para cubrirte o meterla dentro de los pantalones cortos (o pantalones de gi). El estilo de la camiseta recuerda a la de f\u00fatbol, e incluye el logo de Plus Alpha, que es un proyecto secreto en el que estamos trabajando. <\/p>\n","protected":false},"excerpt":{"rendered":"<p>Camiseta de entrenamiento de gramaje medio y textura ligera<\/p>\n<p>No tan ajustada como una rashguard<\/p>\n<p>Como una camiseta de f\u00fatbol, solo que m\u00e1s \u00abcool\u00bb<\/p>\n","protected":false},"featured_media":92610,"comment_status":"open","ping_status":"closed","template":"","meta":{"_editorskit_title_hidden":false,"_editorskit_reading_time":0,"_editorskit_is_block_options_detached":false,"_editorskit_block_options_position":"{}"},"product_brand":[600],"product_cat":[214,337,186],"product_tag":[],"giftcard-category":[],"class_list":{"0":"post-94365","1":"product","2":"type-product","3":"status-publish","4":"has-post-thumbnail","6":"product_brand-scramble","7":"product_cat-desgaste-de-lucha","8":"product_cat-rashguards-es","9":"product_cat-todos-los-productos","11":"first","12":"outofstock","13":"taxable","14":"shipping-taxable","15":"purchasable","16":"product-type-variable"},"_links":{"self":[{"href":"https:\/\/scramblestuff.com\/eu\/es\/wp-json\/wp\/v2\/product\/94365","targetHints":{"allow":["GET"]}}],"collection":[{"href":"https:\/\/scramblestuff.com\/eu\/es\/wp-json\/wp\/v2\/product"}],"about":[{"href":"https:\/\/scramblestuff.com\/eu\/es\/wp-json\/wp\/v2\/types\/product"}],"replies":[{"embeddable":true,"href":"https:\/\/scramblestuff.com\/eu\/es\/wp-json\/wp\/v2\/comments?post=94365"}],"wp:featuredmedia":[{"embeddable":true,"href":"https:\/\/scramblestuff.com\/eu\/es\/wp-json\/wp\/v2\/media\/92610"}],"wp:attachment":[{"href":"https:\/\/scramblestuff.com\/eu\/es\/wp-json\/wp\/v2\/media?parent=94365"}],"wp:term":[{"taxonomy":"product_brand","embeddable":true,"href":"https:\/\/scramblestuff.com\/eu\/es\/wp-json\/wp\/v2\/product_brand?post=94365"},{"taxonomy":"product_cat","embeddable":true,"href":"https:\/\/scramblestuff.com\/eu\/es\/wp-json\/wp\/v2\/product_cat?post=94365"},{"taxonomy":"product_tag","embeddable":true,"href":"https:\/\/scramblestuff.com\/eu\/es\/wp-json\/wp\/v2\/product_tag?post=94365"},{"taxonomy":"giftcard-category","embeddable":true,"href":"https:\/\/scramblestuff.com\/eu\/es\/wp-json\/wp\/v2\/giftcard-category?post=94365"}],"curies":[{"name":"wp","href":"https:\/\/api.w.org\/{rel}","templated":true}]}}