{"id":97479,"date":"2025-07-23T16:02:57","date_gmt":"2025-07-23T15:02:57","guid":{"rendered":"https:\/\/scramblestuff.com\/eu\/p\/camiseta-scramble-never-die-azul\/"},"modified":"2025-08-06T14:23:10","modified_gmt":"2025-08-06T13:23:10","slug":"camiseta-scramble-never-die-azul","status":"publish","type":"product","link":"https:\/\/scramblestuff.com\/eu\/es\/p\/camiseta-scramble-never-die-azul\/","title":{"rendered":"Camiseta Scramble Never Die &#8211; Azul"},"content":{"rendered":"<p>La colecci\u00f3n de camisetas de verano 2025 de Scramble es una colecci\u00f3n de camisetas gr\u00e1ficas con dise\u00f1os y estampados atrevidos y sencillos.<\/p>\n<p>Las camisetas Scramble Never Die est\u00e1n inspiradas en la mayor organizaci\u00f3n de MMA que jam\u00e1s haya existido, Pride Fighting Championships. \u00abEl Orgullo Nunca Muere\u00bb fue un estribillo acu\u00f1ado por la organizaci\u00f3n, ir\u00f3nicamente no mucho antes de su desaparici\u00f3n. Sin embargo, Orgullo Nunca Muere se convirti\u00f3 en una frase asociada a un esp\u00edritu de lucha nacido en los d\u00edas de gloria de las MMA y ahora se asocia a sentimientos c\u00e1lidos y difusos sobre algunos de los mayores espect\u00e1culos de combate de todos los tiempos. De ah\u00ed, Orgullo Nunca Muere.   <\/p>\n<p>Los conjuntos Vale Tudo son camisetas inspiradas en la tipograf\u00eda callejera, tanto de manga larga como corta, de nuevo con un corte m\u00e1s grueso y sobredimensionado.<\/p>\n","protected":false},"excerpt":{"rendered":"<p>Inspirado en la mejor organizaci\u00f3n de MMA del mundo<\/p>\n<p>Premium, Oversized fit<\/p>\n<p>Los mejores materiales y estampados<\/p>\n","protected":false},"featured_media":96927,"comment_status":"open","ping_status":"closed","template":"","meta":{"_editorskit_title_hidden":false,"_editorskit_reading_time":0,"_editorskit_is_block_options_detached":false,"_editorskit_block_options_position":"{}"},"product_brand":[],"product_cat":[210,190,186,232],"product_tag":[],"giftcard-category":[],"class_list":{"0":"post-97479","1":"product","2":"type-product","3":"status-publish","4":"has-post-thumbnail","6":"product_cat-camisetas","7":"product_cat-ropa-casual","8":"product_cat-todos-los-productos","9":"product_cat-venta","11":"first","12":"instock","13":"sale","14":"taxable","15":"shipping-taxable","16":"purchasable","17":"product-type-variable"},"_links":{"self":[{"href":"https:\/\/scramblestuff.com\/eu\/es\/wp-json\/wp\/v2\/product\/97479","targetHints":{"allow":["GET"]}}],"collection":[{"href":"https:\/\/scramblestuff.com\/eu\/es\/wp-json\/wp\/v2\/product"}],"about":[{"href":"https:\/\/scramblestuff.com\/eu\/es\/wp-json\/wp\/v2\/types\/product"}],"replies":[{"embeddable":true,"href":"https:\/\/scramblestuff.com\/eu\/es\/wp-json\/wp\/v2\/comments?post=97479"}],"wp:featuredmedia":[{"embeddable":true,"href":"https:\/\/scramblestuff.com\/eu\/es\/wp-json\/wp\/v2\/media\/96927"}],"wp:attachment":[{"href":"https:\/\/scramblestuff.com\/eu\/es\/wp-json\/wp\/v2\/media?parent=97479"}],"wp:term":[{"taxonomy":"product_brand","embeddable":true,"href":"https:\/\/scramblestuff.com\/eu\/es\/wp-json\/wp\/v2\/product_brand?post=97479"},{"taxonomy":"product_cat","embeddable":true,"href":"https:\/\/scramblestuff.com\/eu\/es\/wp-json\/wp\/v2\/product_cat?post=97479"},{"taxonomy":"product_tag","embeddable":true,"href":"https:\/\/scramblestuff.com\/eu\/es\/wp-json\/wp\/v2\/product_tag?post=97479"},{"taxonomy":"giftcard-category","embeddable":true,"href":"https:\/\/scramblestuff.com\/eu\/es\/wp-json\/wp\/v2\/giftcard-category?post=97479"}],"curies":[{"name":"wp","href":"https:\/\/api.w.org\/{rel}","templated":true}]}}