{"id":97507,"date":"2025-05-28T12:08:27","date_gmt":"2025-05-28T11:08:27","guid":{"rendered":"https:\/\/scramblestuff.com\/eu\/p\/lycra-sukajan-manga-larga\/"},"modified":"2026-01-23T10:42:22","modified_gmt":"2026-01-23T10:42:22","slug":"lycra-sukajan-manga-larga","status":"publish","type":"product","link":"https:\/\/scramblestuff.com\/eu\/es\/p\/lycra-sukajan-manga-larga\/","title":{"rendered":"Lycra Sukajan &#8211; Manga larga"},"content":{"rendered":"<p>Este brillante, atrevido y colorido set de grappling nogi presenta ilustraciones del talentoso Kieran Hoohar, un artista del tatuaje y entusiasta del jiujitsu de Londres. Las ilustraciones est\u00e1n compuestas por firmes favoritos de las ilustraciones de tatuajes en im\u00e1genes de tigres y serpientes, jaguares y \u00e1guilas, todas ellas realizadas con el estilo caracter\u00edstico de Kieran. Las lycras est\u00e1n disponibles en manga larga y manga corta (la manga larga es una exclusiva temporizada para EE.UU.) y tambi\u00e9n tenemos pantalones cortos de lucha y polainas largas (las polainas de lucha son una exclusiva temporizada para EE.UU.).  <\/p>\n<p>Fabricados con mezclas de tejidos de primera calidad, la mayor atenci\u00f3n posible a los detalles y al control de calidad, y nuestro caracter\u00edstico ajuste y tacto.<\/p>\n","protected":false},"excerpt":{"rendered":"<p>Colaboraci\u00f3n exclusiva con Kieran Hoohar (Tattoo)<\/p>\n<p>Atrevida y colorida impresi\u00f3n sublimada<\/p>\n<p>Colaboraci\u00f3n de edici\u00f3n limitada<\/p>\n","protected":false},"featured_media":95775,"comment_status":"open","ping_status":"closed","template":"","meta":{"_editorskit_title_hidden":false,"_editorskit_reading_time":0,"_editorskit_is_block_options_detached":false,"_editorskit_block_options_position":"{}"},"product_brand":[],"product_cat":[214,337,186,232],"product_tag":[1116],"giftcard-category":[],"class_list":{"0":"post-97507","1":"product","2":"type-product","3":"status-publish","4":"has-post-thumbnail","6":"product_cat-desgaste-de-lucha","7":"product_cat-rashguards-es","8":"product_cat-todos-los-productos","9":"product_cat-venta","10":"product_tag-sukajan-es","12":"first","13":"instock","14":"sale","15":"taxable","16":"shipping-taxable","17":"purchasable","18":"product-type-variable"},"_links":{"self":[{"href":"https:\/\/scramblestuff.com\/eu\/es\/wp-json\/wp\/v2\/product\/97507","targetHints":{"allow":["GET"]}}],"collection":[{"href":"https:\/\/scramblestuff.com\/eu\/es\/wp-json\/wp\/v2\/product"}],"about":[{"href":"https:\/\/scramblestuff.com\/eu\/es\/wp-json\/wp\/v2\/types\/product"}],"replies":[{"embeddable":true,"href":"https:\/\/scramblestuff.com\/eu\/es\/wp-json\/wp\/v2\/comments?post=97507"}],"wp:featuredmedia":[{"embeddable":true,"href":"https:\/\/scramblestuff.com\/eu\/es\/wp-json\/wp\/v2\/media\/95775"}],"wp:attachment":[{"href":"https:\/\/scramblestuff.com\/eu\/es\/wp-json\/wp\/v2\/media?parent=97507"}],"wp:term":[{"taxonomy":"product_brand","embeddable":true,"href":"https:\/\/scramblestuff.com\/eu\/es\/wp-json\/wp\/v2\/product_brand?post=97507"},{"taxonomy":"product_cat","embeddable":true,"href":"https:\/\/scramblestuff.com\/eu\/es\/wp-json\/wp\/v2\/product_cat?post=97507"},{"taxonomy":"product_tag","embeddable":true,"href":"https:\/\/scramblestuff.com\/eu\/es\/wp-json\/wp\/v2\/product_tag?post=97507"},{"taxonomy":"giftcard-category","embeddable":true,"href":"https:\/\/scramblestuff.com\/eu\/es\/wp-json\/wp\/v2\/giftcard-category?post=97507"}],"curies":[{"name":"wp","href":"https:\/\/api.w.org\/{rel}","templated":true}]}}