{"id":97508,"date":"2025-05-27T13:32:22","date_gmt":"2025-05-27T12:32:22","guid":{"rendered":"https:\/\/scramblestuff.com\/eu\/p\/lycra-tigre-ardiente-ninos\/"},"modified":"2026-04-03T02:21:12","modified_gmt":"2026-04-03T01:21:12","slug":"lycra-tigre-ardiente-ninos","status":"publish","type":"product","link":"https:\/\/scramblestuff.com\/eu\/es\/p\/lycra-tigre-ardiente-ninos\/","title":{"rendered":"Lycra Tigre Ardiente &#8211; Ni\u00f1os"},"content":{"rendered":"<p>La lycra es c\u00f3moda y permite una amplitud de movimiento total. Un peque\u00f1o secreto: tambi\u00e9n lo hace cualquier otro material el\u00e1stico, pero eso es lo que hacen las marcas: se inventan cosas que suenan bien.  \u00a1Rango completo de movimiento! Wow. Como si no pudieras tener una amplitud de movimiento completa llevando una camiseta o lo que sea.<\/p>\n<p>Pero lo m\u00e1s importante es que los TIGRES que se EST\u00c1N QUEMANDO tienen un aspecto FRESCO&#8230; \u00a1MUY!<\/p>\n","protected":false},"excerpt":{"rendered":"<p>Los tigres molan, y las llamas tambi\u00e9n<\/p>\n<p>Ergo, esta lycra<\/p>\n<p>Calidad superior<\/p>\n","protected":false},"featured_media":95445,"comment_status":"open","ping_status":"closed","template":"","meta":{"_editorskit_title_hidden":false,"_editorskit_reading_time":0,"_editorskit_is_block_options_detached":false,"_editorskit_block_options_position":"{}"},"product_brand":[600],"product_cat":[228,186],"product_tag":[],"giftcard-category":[],"class_list":{"0":"post-97508","1":"product","2":"type-product","3":"status-publish","4":"has-post-thumbnail","6":"product_brand-scramble","7":"product_cat-ninos","8":"product_cat-todos-los-productos","10":"first","11":"instock","12":"taxable","13":"shipping-taxable","14":"purchasable","15":"product-type-variable"},"_links":{"self":[{"href":"https:\/\/scramblestuff.com\/eu\/es\/wp-json\/wp\/v2\/product\/97508","targetHints":{"allow":["GET"]}}],"collection":[{"href":"https:\/\/scramblestuff.com\/eu\/es\/wp-json\/wp\/v2\/product"}],"about":[{"href":"https:\/\/scramblestuff.com\/eu\/es\/wp-json\/wp\/v2\/types\/product"}],"replies":[{"embeddable":true,"href":"https:\/\/scramblestuff.com\/eu\/es\/wp-json\/wp\/v2\/comments?post=97508"}],"wp:featuredmedia":[{"embeddable":true,"href":"https:\/\/scramblestuff.com\/eu\/es\/wp-json\/wp\/v2\/media\/95445"}],"wp:attachment":[{"href":"https:\/\/scramblestuff.com\/eu\/es\/wp-json\/wp\/v2\/media?parent=97508"}],"wp:term":[{"taxonomy":"product_brand","embeddable":true,"href":"https:\/\/scramblestuff.com\/eu\/es\/wp-json\/wp\/v2\/product_brand?post=97508"},{"taxonomy":"product_cat","embeddable":true,"href":"https:\/\/scramblestuff.com\/eu\/es\/wp-json\/wp\/v2\/product_cat?post=97508"},{"taxonomy":"product_tag","embeddable":true,"href":"https:\/\/scramblestuff.com\/eu\/es\/wp-json\/wp\/v2\/product_tag?post=97508"},{"taxonomy":"giftcard-category","embeddable":true,"href":"https:\/\/scramblestuff.com\/eu\/es\/wp-json\/wp\/v2\/giftcard-category?post=97508"}],"curies":[{"name":"wp","href":"https:\/\/api.w.org\/{rel}","templated":true}]}}