{"id":97568,"date":"2025-05-22T12:56:43","date_gmt":"2025-05-22T11:56:43","guid":{"rendered":"https:\/\/scramblestuff.com\/eu\/p\/dojo-gi-blanco\/"},"modified":"2026-03-31T15:26:09","modified_gmt":"2026-03-31T14:26:09","slug":"dojo-gi-blanco","status":"publish","type":"product","link":"https:\/\/scramblestuff.com\/eu\/es\/p\/dojo-gi-blanco\/","title":{"rendered":"Dojo Gi &#8211; Blanco"},"content":{"rendered":"<p>El Dojo Gi es el kimono de academia de BJJ ligero y personalizable de Scramble. Este es el primer modelo y, por motivos de gesti\u00f3n de inventario, lo estamos eliminando para dar paso a una versi\u00f3n actualizada. Esto significa una gran oportunidad para conseguir un gi de BJJ ligero y asequible como segundo o tercer gi en tu rotaci\u00f3n, o para d\u00edas de competici\u00f3n, etc.  <\/p>\n<p>La parte superior es de tejido perlante de 350 g\/m\u00b2 y los pantalones son de tejido ripstop ligero.<\/p>\n","protected":false},"excerpt":{"rendered":"<p>Gi ligero de la Academia<\/p>\n<p>Mucho espacio para personalizarlo<\/p>\n<p>Liquidaci\u00f3n de existencias<\/p>\n","protected":false},"featured_media":95245,"comment_status":"open","ping_status":"closed","template":"","meta":{"_editorskit_title_hidden":false,"_editorskit_reading_time":0,"_editorskit_is_block_options_detached":false,"_editorskit_block_options_position":"{}"},"product_brand":[],"product_cat":[322,214,186],"product_tag":[],"giftcard-category":[],"class_list":{"0":"post-97568","1":"product","2":"type-product","3":"status-publish","4":"has-post-thumbnail","6":"product_cat-bjj-gi-es","7":"product_cat-desgaste-de-lucha","8":"product_cat-todos-los-productos","10":"first","11":"instock","12":"taxable","13":"shipping-taxable","14":"purchasable","15":"product-type-variable"},"_links":{"self":[{"href":"https:\/\/scramblestuff.com\/eu\/es\/wp-json\/wp\/v2\/product\/97568","targetHints":{"allow":["GET"]}}],"collection":[{"href":"https:\/\/scramblestuff.com\/eu\/es\/wp-json\/wp\/v2\/product"}],"about":[{"href":"https:\/\/scramblestuff.com\/eu\/es\/wp-json\/wp\/v2\/types\/product"}],"replies":[{"embeddable":true,"href":"https:\/\/scramblestuff.com\/eu\/es\/wp-json\/wp\/v2\/comments?post=97568"}],"wp:featuredmedia":[{"embeddable":true,"href":"https:\/\/scramblestuff.com\/eu\/es\/wp-json\/wp\/v2\/media\/95245"}],"wp:attachment":[{"href":"https:\/\/scramblestuff.com\/eu\/es\/wp-json\/wp\/v2\/media?parent=97568"}],"wp:term":[{"taxonomy":"product_brand","embeddable":true,"href":"https:\/\/scramblestuff.com\/eu\/es\/wp-json\/wp\/v2\/product_brand?post=97568"},{"taxonomy":"product_cat","embeddable":true,"href":"https:\/\/scramblestuff.com\/eu\/es\/wp-json\/wp\/v2\/product_cat?post=97568"},{"taxonomy":"product_tag","embeddable":true,"href":"https:\/\/scramblestuff.com\/eu\/es\/wp-json\/wp\/v2\/product_tag?post=97568"},{"taxonomy":"giftcard-category","embeddable":true,"href":"https:\/\/scramblestuff.com\/eu\/es\/wp-json\/wp\/v2\/giftcard-category?post=97568"}],"curies":[{"name":"wp","href":"https:\/\/api.w.org\/{rel}","templated":true}]}}