{"id":97613,"date":"2025-05-21T12:18:35","date_gmt":"2025-05-21T11:18:35","guid":{"rendered":"https:\/\/scramblestuff.com\/eu\/p\/pantalon-corto-de-campamento-leglock\/"},"modified":"2026-02-09T14:26:04","modified_gmt":"2026-02-09T14:26:04","slug":"pantalon-corto-de-campamento-leglock","status":"publish","type":"product","link":"https:\/\/scramblestuff.com\/eu\/es\/p\/pantalon-corto-de-campamento-leglock\/","title":{"rendered":"Pantal\u00f3n Corto de Campamento Leglock"},"content":{"rendered":"<p>\u00a1Ya est\u00e1 aqu\u00ed la primera colaboraci\u00f3n Scramble x Leglock Camp! Este conjunto consta de una lycra de manga corta y un pantal\u00f3n corto de grappling nogi, con una combinaci\u00f3n de colores en negro y dorado. Si nunca has comprado Scramble, notar\u00e1s enseguida la calidad de nuestra ropa y equipamiento de jiujitsu. Con mezclas de materiales de primera calidad que resisten la formaci\u00f3n de bolitas y la distorsi\u00f3n, tanto la lycra como el pantal\u00f3n corto ser\u00e1n resistentes y duraderos, a la vez que flexibles y facilitar\u00e1n los movimientos.   <\/p>\n<p>Leglock Camp es un campamento de entrenamiento organizado por Kamil Wilk y Mateusz Szczecinski, inicialmente en Polonia, pero que pronto se convirti\u00f3 en un fen\u00f3meno mundial, con campamentos celebrados casi todos los meses en una nueva ciudad de todo el mundo. En cada campamento, cientos de luchadores llenan las colchonetas para aprender los secretos de las llaves de piernas de los campeones y practicar con ellos. <\/p>\n","protected":false},"excerpt":{"rendered":"<p>Primera colaboraci\u00f3n oficial de Leglock Camp<\/p>\n<p>Edici\u00f3n muy limitada<\/p>\n<p>Materiales y construcci\u00f3n de primera calidad<\/p>\n","protected":false},"featured_media":95177,"comment_status":"open","ping_status":"closed","template":"","meta":{"_editorskit_title_hidden":false,"_editorskit_reading_time":0,"_editorskit_is_block_options_detached":false,"_editorskit_block_options_position":"{}"},"product_brand":[600],"product_cat":[214,345,1119,186,232],"product_tag":[],"giftcard-category":[],"class_list":{"0":"post-97613","1":"product","2":"type-product","3":"status-publish","4":"has-post-thumbnail","6":"product_brand-scramble","7":"product_cat-desgaste-de-lucha","8":"product_cat-grappling-shorts-es","9":"product_cat-no-gi-es","10":"product_cat-todos-los-productos","11":"product_cat-venta","13":"first","14":"instock","15":"taxable","16":"shipping-taxable","17":"purchasable","18":"product-type-variable"},"_links":{"self":[{"href":"https:\/\/scramblestuff.com\/eu\/es\/wp-json\/wp\/v2\/product\/97613","targetHints":{"allow":["GET"]}}],"collection":[{"href":"https:\/\/scramblestuff.com\/eu\/es\/wp-json\/wp\/v2\/product"}],"about":[{"href":"https:\/\/scramblestuff.com\/eu\/es\/wp-json\/wp\/v2\/types\/product"}],"replies":[{"embeddable":true,"href":"https:\/\/scramblestuff.com\/eu\/es\/wp-json\/wp\/v2\/comments?post=97613"}],"wp:featuredmedia":[{"embeddable":true,"href":"https:\/\/scramblestuff.com\/eu\/es\/wp-json\/wp\/v2\/media\/95177"}],"wp:attachment":[{"href":"https:\/\/scramblestuff.com\/eu\/es\/wp-json\/wp\/v2\/media?parent=97613"}],"wp:term":[{"taxonomy":"product_brand","embeddable":true,"href":"https:\/\/scramblestuff.com\/eu\/es\/wp-json\/wp\/v2\/product_brand?post=97613"},{"taxonomy":"product_cat","embeddable":true,"href":"https:\/\/scramblestuff.com\/eu\/es\/wp-json\/wp\/v2\/product_cat?post=97613"},{"taxonomy":"product_tag","embeddable":true,"href":"https:\/\/scramblestuff.com\/eu\/es\/wp-json\/wp\/v2\/product_tag?post=97613"},{"taxonomy":"giftcard-category","embeddable":true,"href":"https:\/\/scramblestuff.com\/eu\/es\/wp-json\/wp\/v2\/giftcard-category?post=97613"}],"curies":[{"name":"wp","href":"https:\/\/api.w.org\/{rel}","templated":true}]}}