{"id":97647,"date":"2025-05-27T13:32:22","date_gmt":"2025-05-27T12:32:22","guid":{"rendered":"https:\/\/scramblestuff.com\/eu\/p\/pantalon-corto-tigre-ardiente-ninos\/"},"modified":"2025-08-06T14:25:06","modified_gmt":"2025-08-06T13:25:06","slug":"pantalon-corto-tigre-ardiente-ninos","status":"publish","type":"product","link":"https:\/\/scramblestuff.com\/eu\/es\/p\/pantalon-corto-tigre-ardiente-ninos\/","title":{"rendered":"Pantal\u00f3n Corto Tigre Ardiente &#8211; Ni\u00f1os"},"content":{"rendered":"<p>\u00a1La versi\u00f3n infantil de uno de nuestros sets NO-GI m\u00e1s vendidos de la historia!<\/p>\n<p>Estos pantalones cortos est\u00e1n dise\u00f1ados para grappling, no-gi, entrenamiento de MMA y cualquier actividad atl\u00e9tica. Ofrecen un ajuste ce\u00f1ido y seguro gracias a su cintura el\u00e1stica, y combinan a la perfecci\u00f3n con camisetas interiores ajustadas. <\/p>\n<p>Pero lo principal es que&#8230; \u00a1LOS TIGRES que EST\u00c1N QUEMANDO parecen MUY chulos!<\/p>\n","protected":false},"excerpt":{"rendered":"<p>Parte del conjunto no-gi BURNING TIGER<\/p>\n<p>Los tigres molan, y las llamas tambi\u00e9n<\/p>\n<p>Estos pantalones cortos = no brainer<\/p>\n","protected":false},"featured_media":95465,"comment_status":"open","ping_status":"closed","template":"","meta":{"_editorskit_title_hidden":false,"_editorskit_reading_time":0,"_editorskit_is_block_options_detached":false,"_editorskit_block_options_position":"{}"},"product_brand":[600],"product_cat":[228,186],"product_tag":[],"giftcard-category":[],"class_list":{"0":"post-97647","1":"product","2":"type-product","3":"status-publish","4":"has-post-thumbnail","6":"product_brand-scramble","7":"product_cat-ninos","8":"product_cat-todos-los-productos","10":"first","11":"instock","12":"taxable","13":"shipping-taxable","14":"purchasable","15":"product-type-variable"},"_links":{"self":[{"href":"https:\/\/scramblestuff.com\/eu\/es\/wp-json\/wp\/v2\/product\/97647","targetHints":{"allow":["GET"]}}],"collection":[{"href":"https:\/\/scramblestuff.com\/eu\/es\/wp-json\/wp\/v2\/product"}],"about":[{"href":"https:\/\/scramblestuff.com\/eu\/es\/wp-json\/wp\/v2\/types\/product"}],"replies":[{"embeddable":true,"href":"https:\/\/scramblestuff.com\/eu\/es\/wp-json\/wp\/v2\/comments?post=97647"}],"wp:featuredmedia":[{"embeddable":true,"href":"https:\/\/scramblestuff.com\/eu\/es\/wp-json\/wp\/v2\/media\/95465"}],"wp:attachment":[{"href":"https:\/\/scramblestuff.com\/eu\/es\/wp-json\/wp\/v2\/media?parent=97647"}],"wp:term":[{"taxonomy":"product_brand","embeddable":true,"href":"https:\/\/scramblestuff.com\/eu\/es\/wp-json\/wp\/v2\/product_brand?post=97647"},{"taxonomy":"product_cat","embeddable":true,"href":"https:\/\/scramblestuff.com\/eu\/es\/wp-json\/wp\/v2\/product_cat?post=97647"},{"taxonomy":"product_tag","embeddable":true,"href":"https:\/\/scramblestuff.com\/eu\/es\/wp-json\/wp\/v2\/product_tag?post=97647"},{"taxonomy":"giftcard-category","embeddable":true,"href":"https:\/\/scramblestuff.com\/eu\/es\/wp-json\/wp\/v2\/giftcard-category?post=97647"}],"curies":[{"name":"wp","href":"https:\/\/api.w.org\/{rel}","templated":true}]}}