{"id":97648,"date":"2025-04-17T09:48:00","date_gmt":"2025-04-17T08:48:00","guid":{"rendered":"https:\/\/scramblestuff.com\/eu\/p\/fate-tanto-rashguard-manga-corta\/"},"modified":"2025-11-30T14:01:47","modified_gmt":"2025-11-30T14:01:47","slug":"fate-tanto-rashguard-manga-corta","status":"publish","type":"product","link":"https:\/\/scramblestuff.com\/eu\/es\/p\/fate-tanto-rashguard-manga-corta\/","title":{"rendered":"Fate Tanto Rashguard &#8211; Manga corta"},"content":{"rendered":"<div>\n<p>Las lycras Tanto est\u00e1n dise\u00f1adas para el grappling sin complicaciones. Disponibles en manga corta y larga, est\u00e1n confeccionadas con una suave mezcla de poli-elastano que ofrece elasticidad, compresi\u00f3n y transpirabilidad a partes iguales. Las costuras planas evitan las irritaciones y resisten el paso del tiempo, tanto si entrenas a diario como si compites con regularidad.  <\/p>\n<\/div>\n<div>Los gr\u00e1ficos est\u00e1n totalmente sublimados en el tejido: no se agrietan, pelan ni desti\u00f1en con el tiempo. El ajuste es atl\u00e9tico sin ser restrictivo, manteni\u00e9ndose ce\u00f1ido al cuerpo para evitar agarres o desplazamientos innecesarios durante las tiradas. <\/div>\n<div><\/div>\n<div>La gama Fate lo reduce todo a lo que importa: materiales de calidad, construcci\u00f3n fiable y un precio justo. La sencillez es la fuerza. <\/div>\n","protected":false},"excerpt":{"rendered":"<p>Parte de la gama Fate<\/p>\n<p>Costuras planas duraderas en toda la prenda<\/p>\n<p>Corte atl\u00e9tico ajustado<\/p>\n<p>Gr\u00e1ficos sublimados que no se pelan ni agrietan<\/p>\n","protected":false},"featured_media":94138,"comment_status":"open","ping_status":"closed","template":"","meta":{"_editorskit_title_hidden":false,"_editorskit_reading_time":0,"_editorskit_is_block_options_detached":false,"_editorskit_block_options_position":"{}"},"product_brand":[],"product_cat":[214,337,186],"product_tag":[1118],"giftcard-category":[],"class_list":{"0":"post-97648","1":"product","2":"type-product","3":"status-publish","4":"has-post-thumbnail","6":"product_cat-desgaste-de-lucha","7":"product_cat-rashguards-es","8":"product_cat-todos-los-productos","9":"product_tag-destino","11":"first","12":"instock","13":"taxable","14":"shipping-taxable","15":"purchasable","16":"product-type-variable"},"_links":{"self":[{"href":"https:\/\/scramblestuff.com\/eu\/es\/wp-json\/wp\/v2\/product\/97648","targetHints":{"allow":["GET"]}}],"collection":[{"href":"https:\/\/scramblestuff.com\/eu\/es\/wp-json\/wp\/v2\/product"}],"about":[{"href":"https:\/\/scramblestuff.com\/eu\/es\/wp-json\/wp\/v2\/types\/product"}],"replies":[{"embeddable":true,"href":"https:\/\/scramblestuff.com\/eu\/es\/wp-json\/wp\/v2\/comments?post=97648"}],"wp:featuredmedia":[{"embeddable":true,"href":"https:\/\/scramblestuff.com\/eu\/es\/wp-json\/wp\/v2\/media\/94138"}],"wp:attachment":[{"href":"https:\/\/scramblestuff.com\/eu\/es\/wp-json\/wp\/v2\/media?parent=97648"}],"wp:term":[{"taxonomy":"product_brand","embeddable":true,"href":"https:\/\/scramblestuff.com\/eu\/es\/wp-json\/wp\/v2\/product_brand?post=97648"},{"taxonomy":"product_cat","embeddable":true,"href":"https:\/\/scramblestuff.com\/eu\/es\/wp-json\/wp\/v2\/product_cat?post=97648"},{"taxonomy":"product_tag","embeddable":true,"href":"https:\/\/scramblestuff.com\/eu\/es\/wp-json\/wp\/v2\/product_tag?post=97648"},{"taxonomy":"giftcard-category","embeddable":true,"href":"https:\/\/scramblestuff.com\/eu\/es\/wp-json\/wp\/v2\/giftcard-category?post=97648"}],"curies":[{"name":"wp","href":"https:\/\/api.w.org\/{rel}","templated":true}]}}