{"id":94518,"date":"2025-05-01T15:34:57","date_gmt":"2025-05-01T14:34:57","guid":{"rendered":"https:\/\/scramblestuff.com\/eu\/gamme-fate-gi-et-nogi-ideale-pour-les-debutants-ou-les-experts-et-tout-le-monde\/"},"modified":"2025-05-01T15:34:57","modified_gmt":"2025-05-01T14:34:57","slug":"gamme-fate-gi-et-nogi-ideale-pour-les-debutants-ou-les-experts-et-tout-le-monde","status":"publish","type":"page","link":"https:\/\/scramblestuff.com\/eu\/fr\/gamme-fate-gi-et-nogi-ideale-pour-les-debutants-ou-les-experts-et-tout-le-monde\/","title":{"rendered":"Gamme FATE Gi et NoGi &#8211; Id\u00e9ale pour les d\u00e9butants ou les experts (et tout le monde)"},"content":{"rendered":"\n<div class=\"woocommerce columns-3 \"><div class=\"clearfix\"><\/div>\n<div >\n<div class=\"products flex-grid\"><div class=\"col product type-product post-100508 status-publish first instock product_cat-bjj-gi-kimonos product_cat-womens-bjj-gi product_tag-fate has-post-thumbnail taxable shipping-taxable purchasable product-type-variable\">\r\n<!--<li >-->\r\n\t<a href=\"https:\/\/scramblestuff.com\/eu\/fr\/p\/fate-gi-female-white\/\" class=\"woocommerce-LoopProduct-link woocommerce-loop-product__link\"><div class=\"scr_img_back\"><img fetchpriority=\"high\" decoding=\"async\" width=\"285\" height=\"356\" src=\"https:\/\/scramblestuff.com\/eu\/wp-content\/uploads\/2025\/11\/FATEGIWHITEFEM-285x356.png\" class=\"attachment-woocommerce_thumbnail size-woocommerce_thumbnail\" alt=\"Fate Gi Female - White\" loading=\"auto\" \/><img decoding=\"async\" width=\"285\" height=\"356\" src=\"https:\/\/scramblestuff.com\/eu\/wp-content\/uploads\/2025\/11\/FATEGIWHITEFEM-1-285x356.png\" class=\"attachment-woocommerce_thumbnail size-woocommerce_thumbnail\" alt=\"\" \/><\/div><p class=\"woocommerce-loop-product__title\">Fate Gi Female &#8211; White<\/p>\n\t<span class=\"price\"><span class=\"woocommerce-Price-amount amount\"><bdi><span class=\"woocommerce-Price-currencySymbol\">&euro;<\/span>80<\/bdi><\/span><\/span>\n<\/a><span class=\"gtmkit_product_data\" style=\"display:none;visibility:hidden\" data-gtmkit_product_id=\"100508\" data-gtmkit_product_data=\"{&quot;id&quot;:&quot;FATEGIWHITEFEM&quot;,&quot;item_id&quot;:&quot;FATEGIWHITEFEM&quot;,&quot;item_name&quot;:&quot;Fate Gi Female - White&quot;,&quot;currency&quot;:&quot;EUR&quot;,&quot;price&quot;:80,&quot;item_brand&quot;:&quot;Scramble&quot;,&quot;google_business_vertical&quot;:&quot;retail&quot;,&quot;item_category&quot;:&quot;WOMEN&quot;,&quot;item_category2&quot;:&quot;Womens BJJ GI&quot;,&quot;item_list_name&quot;:&quot;General Product List&quot;,&quot;index&quot;:1}\"><\/span><\/div>\r\n<div class=\"col product type-product post-100472 status-publish instock product_cat-bjj-gi-kimonos product_cat-womens-bjj-gi product_tag-fate has-post-thumbnail taxable shipping-taxable purchasable product-type-variable\">\r\n<!--<li >-->\r\n\t<a href=\"https:\/\/scramblestuff.com\/eu\/fr\/p\/fate-gi-female-black\/\" class=\"woocommerce-LoopProduct-link woocommerce-loop-product__link\"><div class=\"scr_img_back\"><img decoding=\"async\" width=\"285\" height=\"356\" src=\"https:\/\/scramblestuff.com\/eu\/wp-content\/uploads\/2025\/11\/FATEGIBLACKFEM-285x356.png\" class=\"attachment-woocommerce_thumbnail size-woocommerce_thumbnail\" alt=\"Fate Gi Female - Black\" loading=\"auto\" \/><img decoding=\"async\" width=\"285\" height=\"356\" src=\"https:\/\/scramblestuff.com\/eu\/wp-content\/uploads\/2025\/11\/FATEGIBLACKFEM-1-285x356.png\" class=\"attachment-woocommerce_thumbnail size-woocommerce_thumbnail\" alt=\"\" \/><\/div><p class=\"woocommerce-loop-product__title\">Fate Gi Female &#8211; Black<\/p>\n\t<span class=\"price\"><span class=\"woocommerce-Price-amount amount\"><bdi><span class=\"woocommerce-Price-currencySymbol\">&euro;<\/span>80<\/bdi><\/span><\/span>\n<\/a><span class=\"gtmkit_product_data\" style=\"display:none;visibility:hidden\" data-gtmkit_product_id=\"100472\" data-gtmkit_product_data=\"{&quot;id&quot;:&quot;FATEGIBLACKFEM&quot;,&quot;item_id&quot;:&quot;FATEGIBLACKFEM&quot;,&quot;item_name&quot;:&quot;Fate Gi Female - Black&quot;,&quot;currency&quot;:&quot;EUR&quot;,&quot;price&quot;:80,&quot;item_brand&quot;:&quot;Scramble&quot;,&quot;google_business_vertical&quot;:&quot;retail&quot;,&quot;item_category&quot;:&quot;WOMEN&quot;,&quot;item_category2&quot;:&quot;Womens BJJ GI&quot;,&quot;item_list_name&quot;:&quot;General Product List&quot;,&quot;index&quot;:2}\"><\/span><\/div>\r\n<div class=\"col product type-product post-97428 status-publish last instock product_cat-lusure-de-combat product_cat-rashguards-fr product_cat-tous-les-produits product_tag-fate-fr has-post-thumbnail taxable shipping-taxable purchasable product-type-variable\">\r\n<!--<li >-->\r\n\t<a href=\"https:\/\/scramblestuff.com\/eu\/fr\/p\/fate-tanto-rashguard-manches-longues\/\" class=\"woocommerce-LoopProduct-link woocommerce-loop-product__link\"><div class=\"scr_img_back\"><img decoding=\"async\" width=\"285\" height=\"356\" src=\"https:\/\/scramblestuff.com\/eu\/wp-content\/uploads\/2025\/04\/FATETANTORASHLS-285x356.png\" class=\"attachment-woocommerce_thumbnail size-woocommerce_thumbnail\" alt=\"Fate Tanto Rashguard - Manches longues\" loading=\"auto\" \/><img decoding=\"async\" width=\"285\" height=\"356\" src=\"https:\/\/scramblestuff.com\/eu\/wp-content\/uploads\/2025\/04\/FATETANTORASHLS-285x356.png\" class=\"attachment-woocommerce_thumbnail size-woocommerce_thumbnail\" alt=\"\" \/><\/div><p class=\"woocommerce-loop-product__title\">Fate Tanto Rashguard &#8211; Manches longues<\/p>\n\t<span class=\"price\"><span class=\"woocommerce-Price-amount amount\"><bdi><span class=\"woocommerce-Price-currencySymbol\">&euro;<\/span>40<\/bdi><\/span><\/span>\n<\/a><span class=\"gtmkit_product_data\" style=\"display:none;visibility:hidden\" data-gtmkit_product_id=\"97428\" data-gtmkit_product_data=\"{&quot;id&quot;:&quot;FATETANTORASHLS&quot;,&quot;item_id&quot;:&quot;FATETANTORASHLS&quot;,&quot;item_name&quot;:&quot;Fate Tanto Rashguard - Manches longues&quot;,&quot;currency&quot;:&quot;EUR&quot;,&quot;price&quot;:40,&quot;item_brand&quot;:&quot;&quot;,&quot;google_business_vertical&quot;:&quot;retail&quot;,&quot;item_category&quot;:&quot;L&#039;USURE DE COMBAT&quot;,&quot;item_category2&quot;:&quot;No Gi&quot;,&quot;item_category3&quot;:&quot;RASHGUARDS&quot;,&quot;item_list_name&quot;:&quot;General Product List&quot;,&quot;index&quot;:3}\"><\/span><\/div>\r\n<div class=\"col product type-product post-97416 status-publish first instock product_cat-lusure-de-combat product_cat-spats-collants product_cat-tous-les-produits product_tag-fate-fr has-post-thumbnail taxable shipping-taxable purchasable product-type-variable\">\r\n<!--<li >-->\r\n\t<a href=\"https:\/\/scramblestuff.com\/eu\/fr\/p\/fate-tanto-spats\/\" class=\"woocommerce-LoopProduct-link woocommerce-loop-product__link\"><div class=\"scr_img_back\"><img decoding=\"async\" width=\"285\" height=\"356\" src=\"https:\/\/scramblestuff.com\/eu\/wp-content\/uploads\/2025\/04\/FATETANTOSPAT-285x356.png\" class=\"attachment-woocommerce_thumbnail size-woocommerce_thumbnail\" alt=\"Fate Tanto Spats\" loading=\"auto\" \/><img decoding=\"async\" width=\"285\" height=\"356\" src=\"https:\/\/scramblestuff.com\/eu\/wp-content\/uploads\/2025\/04\/FATETANTOSPAT-285x356.png\" class=\"attachment-woocommerce_thumbnail size-woocommerce_thumbnail\" alt=\"\" \/><\/div><p class=\"woocommerce-loop-product__title\">Fate Tanto Spats<\/p>\n\t<span class=\"price\"><span class=\"woocommerce-Price-amount amount\"><bdi><span class=\"woocommerce-Price-currencySymbol\">&euro;<\/span>45<\/bdi><\/span><\/span>\n<\/a><span class=\"gtmkit_product_data\" style=\"display:none;visibility:hidden\" data-gtmkit_product_id=\"97416\" data-gtmkit_product_data=\"{&quot;id&quot;:&quot;FATETANTOSPAT&quot;,&quot;item_id&quot;:&quot;FATETANTOSPAT&quot;,&quot;item_name&quot;:&quot;Fate Tanto Spats&quot;,&quot;currency&quot;:&quot;EUR&quot;,&quot;price&quot;:45,&quot;item_brand&quot;:&quot;Scramble&quot;,&quot;google_business_vertical&quot;:&quot;retail&quot;,&quot;item_category&quot;:&quot;L&#039;USURE DE COMBAT&quot;,&quot;item_category2&quot;:&quot;No Gi&quot;,&quot;item_category3&quot;:&quot;SPATS \\\/ COLLANTS&quot;,&quot;item_list_name&quot;:&quot;General Product List&quot;,&quot;index&quot;:4}\"><\/span><\/div>\r\n<div class=\"col product type-product post-97395 status-publish instock product_cat-lusure-de-combat product_cat-rashguards-fr product_cat-tous-les-produits product_tag-fate-fr has-post-thumbnail taxable shipping-taxable purchasable product-type-variable\">\r\n<!--<li >-->\r\n\t<a href=\"https:\/\/scramblestuff.com\/eu\/fr\/p\/fate-tanto-rashguard-manches-courtes\/\" class=\"woocommerce-LoopProduct-link woocommerce-loop-product__link\"><div class=\"scr_img_back\"><img decoding=\"async\" width=\"285\" height=\"356\" src=\"https:\/\/scramblestuff.com\/eu\/wp-content\/uploads\/2025\/04\/FATETANTORASHSS-285x356.png\" class=\"attachment-woocommerce_thumbnail size-woocommerce_thumbnail\" alt=\"Fate Tanto Rashguard - Manches courtes\" loading=\"auto\" \/><img decoding=\"async\" width=\"285\" height=\"356\" src=\"https:\/\/scramblestuff.com\/eu\/wp-content\/uploads\/2025\/04\/FATETANTORASHSS-285x356.png\" class=\"attachment-woocommerce_thumbnail size-woocommerce_thumbnail\" alt=\"\" \/><\/div><p class=\"woocommerce-loop-product__title\">Fate Tanto Rashguard &#8211; Manches courtes<\/p>\n\t<span class=\"price\"><span class=\"woocommerce-Price-amount amount\"><bdi><span class=\"woocommerce-Price-currencySymbol\">&euro;<\/span>40<\/bdi><\/span><\/span>\n<\/a><span class=\"gtmkit_product_data\" style=\"display:none;visibility:hidden\" data-gtmkit_product_id=\"97395\" data-gtmkit_product_data=\"{&quot;id&quot;:&quot;FATETANTORASHSS&quot;,&quot;item_id&quot;:&quot;FATETANTORASHSS&quot;,&quot;item_name&quot;:&quot;Fate Tanto Rashguard - Manches courtes&quot;,&quot;currency&quot;:&quot;EUR&quot;,&quot;price&quot;:40,&quot;item_brand&quot;:&quot;&quot;,&quot;google_business_vertical&quot;:&quot;retail&quot;,&quot;item_category&quot;:&quot;L&#039;USURE DE COMBAT&quot;,&quot;item_category2&quot;:&quot;No Gi&quot;,&quot;item_category3&quot;:&quot;RASHGUARDS&quot;,&quot;item_list_name&quot;:&quot;General Product List&quot;,&quot;index&quot;:5}\"><\/span><\/div>\r\n<div class=\"col product type-product post-97402 status-publish last instock product_cat-lusure-de-combat product_cat-shorts-de-combat product_cat-tous-les-produits product_tag-fate-fr has-post-thumbnail taxable shipping-taxable purchasable product-type-variable\">\r\n<!--<li >-->\r\n\t<a href=\"https:\/\/scramblestuff.com\/eu\/fr\/p\/short-fate-tanto\/\" class=\"woocommerce-LoopProduct-link woocommerce-loop-product__link\"><div class=\"scr_img_back\"><img decoding=\"async\" width=\"285\" height=\"356\" src=\"https:\/\/scramblestuff.com\/eu\/wp-content\/uploads\/2025\/04\/FATETANTOSHORT-285x356.png\" class=\"attachment-woocommerce_thumbnail size-woocommerce_thumbnail\" alt=\"Short Fate Tanto\" loading=\"auto\" \/><img decoding=\"async\" width=\"285\" height=\"356\" src=\"https:\/\/scramblestuff.com\/eu\/wp-content\/uploads\/2025\/04\/FATETANTOSHORT-285x356.png\" class=\"attachment-woocommerce_thumbnail size-woocommerce_thumbnail\" alt=\"\" \/><\/div><p class=\"woocommerce-loop-product__title\">Short Fate Tanto<\/p>\n\t<span class=\"price\"><span class=\"woocommerce-Price-amount amount\"><bdi><span class=\"woocommerce-Price-currencySymbol\">&euro;<\/span>45<\/bdi><\/span><\/span>\n<\/a><span class=\"gtmkit_product_data\" style=\"display:none;visibility:hidden\" data-gtmkit_product_id=\"97402\" data-gtmkit_product_data=\"{&quot;id&quot;:&quot;FATETANTOSHORT&quot;,&quot;item_id&quot;:&quot;FATETANTOSHORT&quot;,&quot;item_name&quot;:&quot;Short Fate Tanto&quot;,&quot;currency&quot;:&quot;EUR&quot;,&quot;price&quot;:45,&quot;item_brand&quot;:&quot;Scramble&quot;,&quot;google_business_vertical&quot;:&quot;retail&quot;,&quot;item_category&quot;:&quot;L&#039;USURE DE COMBAT&quot;,&quot;item_category2&quot;:&quot;No Gi&quot;,&quot;item_category3&quot;:&quot;Shorts de Combat&quot;,&quot;item_list_name&quot;:&quot;General Product List&quot;,&quot;index&quot;:6}\"><\/span><\/div>\r\n<\/div>\n<\/div>\n<!--<\/ul>-->\n<\/div>\n\n<figure class=\"wp-block-image size-full\"><img decoding=\"async\" src=\"https:\/\/scramblestuff.com\/eu\/wp-content\/uploads\/2025\/04\/fate-1.jpg\" alt=\"\" class=\"wp-image-92599\"\/><\/figure>\n\n<figure class=\"wp-block-gallery has-nested-images columns-default is-cropped wp-block-gallery-1 is-layout-flex wp-block-gallery-is-layout-flex\">\n<figure class=\"wp-block-image size-large\"><img decoding=\"async\" data-id=\"92608\" src=\"https:\/\/cdn.scramblestuff.com\/wp-content\/uploads\/2025\/04\/fate-7.png\" alt=\"\" class=\"wp-image-92608\"\/><\/figure>\n\n\n\n<figure class=\"wp-block-image size-large\"><img decoding=\"async\" data-id=\"92610\" src=\"https:\/\/cdn.scramblestuff.com\/wp-content\/uploads\/2025\/04\/fate.png\" alt=\"\" class=\"wp-image-92610\"\/><\/figure>\n\n\n\n<figure class=\"wp-block-image size-large\"><img decoding=\"async\" data-id=\"92607\" src=\"https:\/\/cdn.scramblestuff.com\/wp-content\/uploads\/2025\/04\/fate-1.png\" alt=\"\" class=\"wp-image-92607\"\/><\/figure>\n\n\n\n<figure class=\"wp-block-image size-large\"><img decoding=\"async\" data-id=\"92606\" src=\"https:\/\/cdn.scramblestuff.com\/wp-content\/uploads\/2025\/04\/fate-2.png\" alt=\"\" class=\"wp-image-92606\"\/><\/figure>\n\n\n\n<figure class=\"wp-block-image size-large\"><img decoding=\"async\" data-id=\"92605\" src=\"https:\/\/cdn.scramblestuff.com\/wp-content\/uploads\/2025\/04\/fate-3.png\" alt=\"\" class=\"wp-image-92605\"\/><\/figure>\n\n\n\n<figure class=\"wp-block-image size-large\"><img decoding=\"async\" data-id=\"92604\" src=\"https:\/\/cdn.scramblestuff.com\/wp-content\/uploads\/2025\/04\/fate-4.png\" alt=\"\" class=\"wp-image-92604\"\/><\/figure>\n\n\n\n<figure class=\"wp-block-image size-large\"><img decoding=\"async\" data-id=\"92603\" src=\"https:\/\/cdn.scramblestuff.com\/wp-content\/uploads\/2025\/04\/fate-5.png\" alt=\"\" class=\"wp-image-92603\"\/><\/figure>\n\n\n\n<figure class=\"wp-block-image size-large\"><img decoding=\"async\" data-id=\"92609\" src=\"https:\/\/cdn.scramblestuff.com\/wp-content\/uploads\/2025\/04\/fate-6.png\" alt=\"\" class=\"wp-image-92609\"\/><\/figure>\n<\/figure>\n\n<p>Avec la gamme Fate de v\u00eatements d&rsquo;entra\u00eenement pour gi et nogi, nous avons d\u00e9cid\u00e9 de ramener les choses \u00e0 l&rsquo;essentiel, en c\u00e9l\u00e9brant le fait que la simplicit\u00e9 fait la force. Cette gamme s&rsquo;adresse \u00e0 tous, des d\u00e9butants \u00e0 la recherche d&rsquo;un \u00e9quipement de grappling d&rsquo;entr\u00e9e de gamme, aux v\u00e9t\u00e9rans chevronn\u00e9s participant \u00e0 des \u00e9v\u00e9nements de jiujitsu professionnels. Tous b\u00e9n\u00e9ficient de notre solide garantie de qualit\u00e9 et de service.    <\/p>\n\n<p><strong>Fate Gi &#8211; IBJJF Legal, Built for Training and Competition<\/strong><br\/>Le Fate Gi est disponible en noir ou en blanc et r\u00e9pond \u00e0 toutes les exigences de l&rsquo;IBJJF en mati\u00e8re de comp\u00e9tition. Chaque gi est livr\u00e9 avec une ceinture blanche gratuite, ce qui en fait une option solide pour les d\u00e9butants ou toute personne cherchant \u00e0 ajouter un gi fiable et abordable \u00e0 leur rotation. Bien qu&rsquo;il s&rsquo;agisse de notre gamme de prix la plus accessible, le gi Fate ne fait aucun compromis sur la qualit\u00e9. Un design \u00e9pur\u00e9, une construction solide et des d\u00e9tails simples.   <\/p>\n\n<p><strong>Fate Rashguards<\/strong><br\/>Disponibles en manches courtes et manches longues, les rashguards Fate sont con\u00e7us pour un usage quotidien. L\u00e9gers, durables et con\u00e7us pour le grappling, ils pr\u00e9sentent un design subtil et mettent l&rsquo;accent sur l&rsquo;ajustement et la fonction. <\/p>\n\n<p><strong>Fate Grappling Shorts<\/strong><br\/>Con\u00e7u pour le mouvement et le confort, le short Fate convient \u00e0 l&rsquo;entra\u00eenement avec ou sans gi. Un look simple, sans marque, avec des coutures solides et une ceinture s\u00e9curis\u00e9e. Pas de fioritures, juste un \u00e9quipement fiable.  <\/p>\n\n<p><strong>Fate Spats<\/strong><br\/>Les spats de grappling Fate sont compressibles, l\u00e9gers et con\u00e7us pour rester en place pendant les s\u00e9ances d&rsquo;entra\u00eenement difficiles. D&rsquo;un style minimaliste, elles sont fabriqu\u00e9es selon les m\u00eames normes de qualit\u00e9 que notre \u00e9quipement haut de gamme. <\/p>\n\n<p><strong>De l&rsquo;amateur \u00e0 l&rsquo;expert<\/strong><br\/>La gamme Fate a \u00e9t\u00e9 con\u00e7ue autour de l&rsquo;id\u00e9e de progression. Un prix d&rsquo;entr\u00e9e de gamme, sans performance d&rsquo;entr\u00e9e de gamme. Il s&rsquo;agit des m\u00eames coupes, mat\u00e9riaux et normes de couture que nous utilisons pour tout notre \u00e9quipement, mais avec un aspect plus d\u00e9pouill\u00e9 et plus accessible. Que vous soyez novice en grappling ou que vous ayez quelques ann\u00e9es d&rsquo;exp\u00e9rience, la gamme Fate est con\u00e7ue pour vous suivre.   <\/p>\n\n<figure class=\"wp-block-image size-full\"><img decoding=\"async\" src=\"https:\/\/scramblestuff.com\/eu\/wp-content\/uploads\/2025\/04\/fate-8.webp\" alt=\"\" class=\"wp-image-92602\"\/><\/figure>\n\n<figure class=\"wp-block-gallery has-nested-images columns-default is-cropped wp-block-gallery-2 is-layout-flex wp-block-gallery-is-layout-flex\">\n<figure class=\"wp-block-image size-large\"><img decoding=\"async\" data-id=\"92616\" src=\"https:\/\/cdn.scramblestuff.com\/wp-content\/uploads\/2025\/04\/fate-11.png\" alt=\"\" class=\"wp-image-92616\"\/><\/figure>\n\n\n\n<figure class=\"wp-block-image size-large\"><img decoding=\"async\" data-id=\"92614\" src=\"https:\/\/cdn.scramblestuff.com\/wp-content\/uploads\/2025\/04\/fate-12.png\" alt=\"\" class=\"wp-image-92614\"\/><\/figure>\n\n\n\n<figure class=\"wp-block-image size-large\"><img decoding=\"async\" data-id=\"92615\" src=\"https:\/\/cdn.scramblestuff.com\/wp-content\/uploads\/2025\/04\/fate-9.png\" alt=\"\" class=\"wp-image-92615\"\/><\/figure>\n\n\n\n<figure class=\"wp-block-image size-large\"><img decoding=\"async\" data-id=\"92617\" src=\"https:\/\/cdn.scramblestuff.com\/wp-content\/uploads\/2025\/04\/fate-10.png\" alt=\"\" class=\"wp-image-92617\"\/><\/figure>\n<\/figure>\n\n<figure class=\"wp-block-image size-full\"><img decoding=\"async\" src=\"https:\/\/scramblestuff.com\/eu\/wp-content\/uploads\/2025\/04\/fate-no-gi.webp\" alt=\"\" class=\"wp-image-92598\"\/><\/figure>\n","protected":false},"excerpt":{"rendered":"<p>Avec la gamme Fate de v\u00eatements d&rsquo;entra\u00eenement pour gi et nogi, nous avons d\u00e9cid\u00e9 de ramener les choses \u00e0 l&rsquo;essentiel, en c\u00e9l\u00e9brant le fait que la simplicit\u00e9 fait la force. Cette gamme s&rsquo;adresse \u00e0 tous, des d\u00e9butants \u00e0 la recherche d&rsquo;un \u00e9quipement de grappling d&rsquo;entr\u00e9e de gamme, aux v\u00e9t\u00e9rans chevronn\u00e9s participant \u00e0 des \u00e9v\u00e9nements de<\/p>\n<div><a class=\"btn-filled btn\" href=\"https:\/\/scramblestuff.com\/eu\/fr\/gamme-fate-gi-et-nogi-ideale-pour-les-debutants-ou-les-experts-et-tout-le-monde\/\" title=\"Gamme FATE Gi et NoGi &#8211; Id\u00e9ale pour les d\u00e9butants ou les experts (et tout le monde)\">Lire la suite<\/a><\/div>\n","protected":false},"author":2,"featured_media":0,"parent":0,"menu_order":0,"comment_status":"closed","ping_status":"closed","template":"","meta":{"_editorskit_title_hidden":false,"_editorskit_reading_time":0,"_editorskit_is_block_options_detached":false,"_editorskit_block_options_position":"{}","footnotes":""},"class_list":["post-94518","page","type-page","status-publish","hentry"],"_links":{"self":[{"href":"https:\/\/scramblestuff.com\/eu\/fr\/wp-json\/wp\/v2\/pages\/94518","targetHints":{"allow":["GET"]}}],"collection":[{"href":"https:\/\/scramblestuff.com\/eu\/fr\/wp-json\/wp\/v2\/pages"}],"about":[{"href":"https:\/\/scramblestuff.com\/eu\/fr\/wp-json\/wp\/v2\/types\/page"}],"author":[{"embeddable":true,"href":"https:\/\/scramblestuff.com\/eu\/fr\/wp-json\/wp\/v2\/users\/2"}],"replies":[{"embeddable":true,"href":"https:\/\/scramblestuff.com\/eu\/fr\/wp-json\/wp\/v2\/comments?post=94518"}],"version-history":[{"count":2,"href":"https:\/\/scramblestuff.com\/eu\/fr\/wp-json\/wp\/v2\/pages\/94518\/revisions"}],"predecessor-version":[{"id":94520,"href":"https:\/\/scramblestuff.com\/eu\/fr\/wp-json\/wp\/v2\/pages\/94518\/revisions\/94520"}],"wp:attachment":[{"href":"https:\/\/scramblestuff.com\/eu\/fr\/wp-json\/wp\/v2\/media?parent=94518"}],"curies":[{"name":"wp","href":"https:\/\/api.w.org\/{rel}","templated":true}]}}