{"id":70470,"date":"2022-07-07T14:27:31","date_gmt":"2022-07-07T13:27:31","guid":{"rendered":"https:\/\/scramblestuff.com\/eu\/p\/scramble-base-k-female-gi-black\/"},"modified":"2022-09-06T14:24:36","modified_gmt":"2022-09-06T13:24:36","slug":"scramble-base-k-female-gi-black","status":"publish","type":"product","link":"https:\/\/scramblestuff.com\/eu\/fr\/p\/scramble-base-k-female-gi-black\/","title":{"rendered":"Scramble Base-K Female Gi Black"},"content":{"rendered":"<p>Le Base-K est l&rsquo;apog\u00e9e qui fait presque 12 ans dans l&rsquo;industrie Jiujitsu. Un look clair et raffin\u00e9 qui est sous-estim\u00e9, vous permet de customiser votre Gi selon vos pr\u00e9f\u00e9rences de plus ou moins. Le logo Scramble,apr\u00e8s plus d&rsquo;une d\u00e9cennie dans le sport, a finalement trouv\u00e9 sa valeur. C&rsquo;est pourquoi nous avons limit\u00e9 nos d\u00e9corations pour avoir quelques logo simples.<\/p>\n<p>La limite plac\u00e9 sur les nombres des d\u00e9corations inutiles, nous a permis de garder nos prix plus bas que notre Flagship Gis, afin de mettre l&rsquo;accent sur la qualit\u00e9. La qualit\u00e9 de mati\u00e8res, l&rsquo;ajustement et la finition soign\u00e9e sont exceptionnels.<\/p>\n<p>Les pantalons ont notre logo SK (Scramble Kimono) directement brod\u00e9 dessus.<\/p>\n","protected":false},"excerpt":{"rendered":"<p>Propre, simple et de qualit\u00e9 sup\u00e9rieure<br \/>\nle haut 450gsm , mi-poids pantalon ind\u00e9chirable<br \/>\nPolyvalent pour l&rsquo;entra\u00eenement et la concurrence.<\/p>\n","protected":false},"featured_media":90050,"comment_status":"open","ping_status":"closed","template":"","meta":{"_editorskit_title_hidden":false,"_editorskit_reading_time":0,"_editorskit_is_block_options_detached":false,"_editorskit_block_options_position":"{}"},"product_brand":[],"product_cat":[241,184,230],"product_tag":[],"giftcard-category":[],"class_list":{"0":"post-70470","1":"product","2":"type-product","3":"status-publish","4":"has-post-thumbnail","6":"product_cat-aux-femmes-bjj-gi","7":"product_cat-tous-les-produits","8":"product_cat-vente","10":"first","11":"outofstock","12":"taxable","13":"shipping-taxable","14":"product-type-variable"},"_links":{"self":[{"href":"https:\/\/scramblestuff.com\/eu\/fr\/wp-json\/wp\/v2\/product\/70470","targetHints":{"allow":["GET"]}}],"collection":[{"href":"https:\/\/scramblestuff.com\/eu\/fr\/wp-json\/wp\/v2\/product"}],"about":[{"href":"https:\/\/scramblestuff.com\/eu\/fr\/wp-json\/wp\/v2\/types\/product"}],"replies":[{"embeddable":true,"href":"https:\/\/scramblestuff.com\/eu\/fr\/wp-json\/wp\/v2\/comments?post=70470"}],"wp:featuredmedia":[{"embeddable":true,"href":"https:\/\/scramblestuff.com\/eu\/fr\/wp-json\/wp\/v2\/media\/90050"}],"wp:attachment":[{"href":"https:\/\/scramblestuff.com\/eu\/fr\/wp-json\/wp\/v2\/media?parent=70470"}],"wp:term":[{"taxonomy":"product_brand","embeddable":true,"href":"https:\/\/scramblestuff.com\/eu\/fr\/wp-json\/wp\/v2\/product_brand?post=70470"},{"taxonomy":"product_cat","embeddable":true,"href":"https:\/\/scramblestuff.com\/eu\/fr\/wp-json\/wp\/v2\/product_cat?post=70470"},{"taxonomy":"product_tag","embeddable":true,"href":"https:\/\/scramblestuff.com\/eu\/fr\/wp-json\/wp\/v2\/product_tag?post=70470"},{"taxonomy":"giftcard-category","embeddable":true,"href":"https:\/\/scramblestuff.com\/eu\/fr\/wp-json\/wp\/v2\/giftcard-category?post=70470"}],"curies":[{"name":"wp","href":"https:\/\/api.w.org\/{rel}","templated":true}]}}