{"id":70485,"date":"2022-06-16T12:52:53","date_gmt":"2022-06-16T11:52:53","guid":{"rendered":"https:\/\/scramblestuff.com\/eu\/p\/base-vt-shorts-black\/"},"modified":"2022-09-06T16:41:42","modified_gmt":"2022-09-06T15:41:42","slug":"scramble-base-vt-shorts-black-2","status":"publish","type":"product","link":"https:\/\/scramblestuff.com\/eu\/fr\/p\/scramble-base-vt-shorts-black-2\/","title":{"rendered":"Base VT Shorts &#8211; Black"},"content":{"rendered":"<p>Notre double couche Base-VT shorts sont l\u00e9g\u00e8rement plus long sur le jambe, qui est bien. S\u00e9rieusement Le double couche vous couvre totalement sans laisser des traces, m\u00eame dans une position accroupie. En plus, vous avez la possiblit\u00e9 d&rsquo;avoir le super Scramble stylings gratuit. S\u00e9rieusement. Des logos gratuits imprim\u00e9s sur chaque paire de Vale Tudo shorts. Parfait pour le MMA, Jiujitsu, Grappillage et le Savate Kick.<\/p>\n","protected":false},"excerpt":{"rendered":"<p>Jambe un peu plus longue qu&rsquo;auparavant<br \/>\nUn design propre et simple<br \/>\nParfait pour \u00e9craser des gens en MMA<br \/>\nOu porter en dessous votre shorts Gi\/de combat<\/p>\n","protected":false},"featured_media":87028,"comment_status":"open","ping_status":"closed","template":"","meta":{"_editorskit_title_hidden":false,"_editorskit_reading_time":0,"_editorskit_is_block_options_detached":false,"_editorskit_block_options_position":"{}"},"product_brand":[],"product_cat":[212,278,184,230],"product_tag":[],"giftcard-category":[],"class_list":{"0":"post-70485","1":"product","2":"type-product","3":"status-publish","4":"has-post-thumbnail","6":"product_cat-lusure-de-combat","7":"product_cat-shorts-de-combat","8":"product_cat-tous-les-produits","9":"product_cat-vente","11":"first","12":"outofstock","13":"taxable","14":"shipping-taxable","15":"purchasable","16":"product-type-variable"},"_links":{"self":[{"href":"https:\/\/scramblestuff.com\/eu\/fr\/wp-json\/wp\/v2\/product\/70485","targetHints":{"allow":["GET"]}}],"collection":[{"href":"https:\/\/scramblestuff.com\/eu\/fr\/wp-json\/wp\/v2\/product"}],"about":[{"href":"https:\/\/scramblestuff.com\/eu\/fr\/wp-json\/wp\/v2\/types\/product"}],"replies":[{"embeddable":true,"href":"https:\/\/scramblestuff.com\/eu\/fr\/wp-json\/wp\/v2\/comments?post=70485"}],"wp:featuredmedia":[{"embeddable":true,"href":"https:\/\/scramblestuff.com\/eu\/fr\/wp-json\/wp\/v2\/media\/87028"}],"wp:attachment":[{"href":"https:\/\/scramblestuff.com\/eu\/fr\/wp-json\/wp\/v2\/media?parent=70485"}],"wp:term":[{"taxonomy":"product_brand","embeddable":true,"href":"https:\/\/scramblestuff.com\/eu\/fr\/wp-json\/wp\/v2\/product_brand?post=70485"},{"taxonomy":"product_cat","embeddable":true,"href":"https:\/\/scramblestuff.com\/eu\/fr\/wp-json\/wp\/v2\/product_cat?post=70485"},{"taxonomy":"product_tag","embeddable":true,"href":"https:\/\/scramblestuff.com\/eu\/fr\/wp-json\/wp\/v2\/product_tag?post=70485"},{"taxonomy":"giftcard-category","embeddable":true,"href":"https:\/\/scramblestuff.com\/eu\/fr\/wp-json\/wp\/v2\/giftcard-category?post=70485"}],"curies":[{"name":"wp","href":"https:\/\/api.w.org\/{rel}","templated":true}]}}