{"id":70610,"date":"2022-06-16T11:20:26","date_gmt":"2022-09-08T12:07:38","guid":{"rendered":"https:\/\/scramblestuff.com\/eu\/p\/dry-goods-rashguard\/"},"modified":"2022-09-08T13:07:38","modified_gmt":"2022-09-08T12:07:38","slug":"scramble-dry-goods-rashguard-2","status":"publish","type":"product","link":"https:\/\/scramblestuff.com\/eu\/fr\/p\/scramble-dry-goods-rashguard-2\/","title":{"rendered":"Dry Goods Rashguard"},"content":{"rendered":"<p>Voici notre Dry Goods Rashguard. C&rsquo;est un rashguard, avec un design dessus que j&rsquo;ai d\u00e9cid\u00e9 d&rsquo;appeler Dry Goods. C&rsquo;est tout ce qu&rsquo;il y a \u00e0 dire. Le design est assez vintage et les couleurs sont agr\u00e9ables et rares pour un Rashguard. Il n&rsquo;y a vraiment pas grand choses \u00e0 dire, c&rsquo;est un Rashguard \u00e0 manches courtes pour le Jiujitsu et du combat (grappling) que vous pourriez acheter, si vous voulez. La qualit\u00e9 est irr\u00e9prochable, \u00e9videmment.<\/p>\n","protected":false},"excerpt":{"rendered":"<p>Manches courtes, super doux<br \/>\nLe meilleur Rashguard du monde selon nous<br \/>\nProtection contre les \u00e9ruptions cutan\u00e9es<\/p>\n","protected":false},"featured_media":69358,"comment_status":"open","ping_status":"closed","template":"","meta":{"_editorskit_title_hidden":false,"_editorskit_reading_time":0,"_editorskit_is_block_options_detached":false,"_editorskit_block_options_position":"{}"},"product_brand":[],"product_cat":[212,280,184,230],"product_tag":[],"giftcard-category":[],"class_list":{"0":"post-70610","1":"product","2":"type-product","3":"status-publish","4":"has-post-thumbnail","6":"product_cat-lusure-de-combat","7":"product_cat-rashguards-fr","8":"product_cat-tous-les-produits","9":"product_cat-vente","11":"first","12":"outofstock","13":"taxable","14":"shipping-taxable","15":"purchasable","16":"product-type-variable"},"_links":{"self":[{"href":"https:\/\/scramblestuff.com\/eu\/fr\/wp-json\/wp\/v2\/product\/70610","targetHints":{"allow":["GET"]}}],"collection":[{"href":"https:\/\/scramblestuff.com\/eu\/fr\/wp-json\/wp\/v2\/product"}],"about":[{"href":"https:\/\/scramblestuff.com\/eu\/fr\/wp-json\/wp\/v2\/types\/product"}],"replies":[{"embeddable":true,"href":"https:\/\/scramblestuff.com\/eu\/fr\/wp-json\/wp\/v2\/comments?post=70610"}],"wp:featuredmedia":[{"embeddable":true,"href":"https:\/\/scramblestuff.com\/eu\/fr\/wp-json\/wp\/v2\/media\/69358"}],"wp:attachment":[{"href":"https:\/\/scramblestuff.com\/eu\/fr\/wp-json\/wp\/v2\/media?parent=70610"}],"wp:term":[{"taxonomy":"product_brand","embeddable":true,"href":"https:\/\/scramblestuff.com\/eu\/fr\/wp-json\/wp\/v2\/product_brand?post=70610"},{"taxonomy":"product_cat","embeddable":true,"href":"https:\/\/scramblestuff.com\/eu\/fr\/wp-json\/wp\/v2\/product_cat?post=70610"},{"taxonomy":"product_tag","embeddable":true,"href":"https:\/\/scramblestuff.com\/eu\/fr\/wp-json\/wp\/v2\/product_tag?post=70610"},{"taxonomy":"giftcard-category","embeddable":true,"href":"https:\/\/scramblestuff.com\/eu\/fr\/wp-json\/wp\/v2\/giftcard-category?post=70610"}],"curies":[{"name":"wp","href":"https:\/\/api.w.org\/{rel}","templated":true}]}}