{"id":70645,"date":"2022-05-20T13:48:54","date_gmt":"2022-09-09T16:06:03","guid":{"rendered":"https:\/\/scramblestuff.com\/eu\/p\/scramble-ranked-rashguard-v5-blue\/"},"modified":"2023-11-27T09:20:32","modified_gmt":"2023-11-27T09:20:32","slug":"scramble-ranked-rashguard-v5-blue-2","status":"publish","type":"product","link":"https:\/\/scramblestuff.com\/eu\/fr\/p\/scramble-ranked-rashguard-v5-blue-2\/","title":{"rendered":"Scramble Ranked Rashguard V5 &#8211; Blue"},"content":{"rendered":"<p>Ces Rashguards ont \u00e9t\u00e9 d\u00e9velopp\u00e9s en tenant compte des directives de l&rsquo;IBJJF pour les comp\u00e9titions de combat non-gi. Disponibles en blanc, bleu, violet, marron et noir, elles sont id\u00e9ales pour la comp\u00e9tition et l&rsquo;entra\u00eenement au quotidien.<\/p>\n<p>Ils sont en quelque sorte bas\u00e9s sur le mod\u00e8le d&rsquo; uniformes de football, ce qui est cool, si vous voulez mon avis Et je le dis parce que je l&rsquo;ai con\u00e7u de cette fa\u00e7on. Alors, viol\u00e0<\/p>\n<p>Fabriqu\u00e9 avec des mat\u00e9riaux de haute qualit\u00e9, et m\u00eame une petite bande de caoutchouc \u00e0 l&rsquo;int\u00e9rieur de la ceinture pour \u00e9viter que votre ventre se sort lorsque vous faites un berimbolo ou autre.<\/p>\n","protected":false},"excerpt":{"rendered":"<p>Rashguard Bleu class\u00e9 pour la comp\u00e9tition d&rsquo; IBJJF<br \/>\n\u00c7a a l&rsquo;air super cool en fait.<br \/>\nCoupe compressive, ceinture adh\u00e9rente pour \u00e9viter l&rsquo;exposition impr\u00e9vue de la taille<\/p>\n","protected":false},"featured_media":69663,"comment_status":"open","ping_status":"closed","template":"","meta":{"_editorskit_title_hidden":false,"_editorskit_reading_time":0,"_editorskit_is_block_options_detached":false,"_editorskit_block_options_position":"{}"},"product_brand":[],"product_cat":[212,280,184,230],"product_tag":[],"giftcard-category":[],"class_list":{"0":"post-70645","1":"product","2":"type-product","3":"status-publish","4":"has-post-thumbnail","6":"product_cat-lusure-de-combat","7":"product_cat-rashguards-fr","8":"product_cat-tous-les-produits","9":"product_cat-vente","11":"first","12":"outofstock","13":"taxable","14":"shipping-taxable","15":"purchasable","16":"product-type-variable"},"_links":{"self":[{"href":"https:\/\/scramblestuff.com\/eu\/fr\/wp-json\/wp\/v2\/product\/70645","targetHints":{"allow":["GET"]}}],"collection":[{"href":"https:\/\/scramblestuff.com\/eu\/fr\/wp-json\/wp\/v2\/product"}],"about":[{"href":"https:\/\/scramblestuff.com\/eu\/fr\/wp-json\/wp\/v2\/types\/product"}],"replies":[{"embeddable":true,"href":"https:\/\/scramblestuff.com\/eu\/fr\/wp-json\/wp\/v2\/comments?post=70645"}],"wp:featuredmedia":[{"embeddable":true,"href":"https:\/\/scramblestuff.com\/eu\/fr\/wp-json\/wp\/v2\/media\/69663"}],"wp:attachment":[{"href":"https:\/\/scramblestuff.com\/eu\/fr\/wp-json\/wp\/v2\/media?parent=70645"}],"wp:term":[{"taxonomy":"product_brand","embeddable":true,"href":"https:\/\/scramblestuff.com\/eu\/fr\/wp-json\/wp\/v2\/product_brand?post=70645"},{"taxonomy":"product_cat","embeddable":true,"href":"https:\/\/scramblestuff.com\/eu\/fr\/wp-json\/wp\/v2\/product_cat?post=70645"},{"taxonomy":"product_tag","embeddable":true,"href":"https:\/\/scramblestuff.com\/eu\/fr\/wp-json\/wp\/v2\/product_tag?post=70645"},{"taxonomy":"giftcard-category","embeddable":true,"href":"https:\/\/scramblestuff.com\/eu\/fr\/wp-json\/wp\/v2\/giftcard-category?post=70645"}],"curies":[{"name":"wp","href":"https:\/\/api.w.org\/{rel}","templated":true}]}}