{"id":70677,"date":"2022-03-28T16:11:18","date_gmt":"2022-09-12T11:13:31","guid":{"rendered":"https:\/\/scramblestuff.com\/eu\/p\/scramble-panthro-rashguard\/"},"modified":"2023-04-12T16:05:06","modified_gmt":"2023-04-12T15:05:06","slug":"scramble-panthro-rashguard","status":"publish","type":"product","link":"https:\/\/scramblestuff.com\/eu\/fr\/p\/scramble-panthro-rashguard\/","title":{"rendered":"Scramble Panthro Rashguard"},"content":{"rendered":"<p>&lt;p&gt;.Faisant suite \u00e0 notre set de no gi Tigre qui a connu un succ\u00e8s incroyable, le set de no gi Panthro utilise la m\u00eame coupe populaire des shorts et des rashguards avec notre illustration Panther personnalis\u00e9e. Et puis, Panthro parce que &#8211; on a grandi dans les ann\u00e9es 80 (hoooooo !).&lt;\/p&gt;<br \/>\n&lt;p&gt;Ce mod\u00e8le de rashguard \u00e0 panneaux multiples est dot\u00e9 de mailles aux aisselles pour vos besoins de ventilation. &lt;\/p&gt;<\/p>\n","protected":false},"excerpt":{"rendered":"<p>&lt;p&gt;Construction multi-panneaux&lt;br \/&gt;<br \/>\nM\u00eame coupe\/taille que l&rsquo;ensemble Tigre&lt;br \/&gt;<br \/>\nIl y a de superbes panth\u00e8res dessus, hein ? &lt;\/p&gt;<\/p>\n","protected":false},"featured_media":69503,"comment_status":"open","ping_status":"closed","template":"","meta":{"_editorskit_title_hidden":false,"_editorskit_reading_time":0,"_editorskit_is_block_options_detached":false,"_editorskit_block_options_position":"{}"},"product_brand":[],"product_cat":[212,280,184],"product_tag":[],"giftcard-category":[],"class_list":{"0":"post-70677","1":"product","2":"type-product","3":"status-publish","4":"has-post-thumbnail","6":"product_cat-lusure-de-combat","7":"product_cat-rashguards-fr","8":"product_cat-tous-les-produits","10":"first","11":"outofstock","12":"taxable","13":"shipping-taxable","14":"purchasable","15":"product-type-variable"},"_links":{"self":[{"href":"https:\/\/scramblestuff.com\/eu\/fr\/wp-json\/wp\/v2\/product\/70677","targetHints":{"allow":["GET"]}}],"collection":[{"href":"https:\/\/scramblestuff.com\/eu\/fr\/wp-json\/wp\/v2\/product"}],"about":[{"href":"https:\/\/scramblestuff.com\/eu\/fr\/wp-json\/wp\/v2\/types\/product"}],"replies":[{"embeddable":true,"href":"https:\/\/scramblestuff.com\/eu\/fr\/wp-json\/wp\/v2\/comments?post=70677"}],"wp:featuredmedia":[{"embeddable":true,"href":"https:\/\/scramblestuff.com\/eu\/fr\/wp-json\/wp\/v2\/media\/69503"}],"wp:attachment":[{"href":"https:\/\/scramblestuff.com\/eu\/fr\/wp-json\/wp\/v2\/media?parent=70677"}],"wp:term":[{"taxonomy":"product_brand","embeddable":true,"href":"https:\/\/scramblestuff.com\/eu\/fr\/wp-json\/wp\/v2\/product_brand?post=70677"},{"taxonomy":"product_cat","embeddable":true,"href":"https:\/\/scramblestuff.com\/eu\/fr\/wp-json\/wp\/v2\/product_cat?post=70677"},{"taxonomy":"product_tag","embeddable":true,"href":"https:\/\/scramblestuff.com\/eu\/fr\/wp-json\/wp\/v2\/product_tag?post=70677"},{"taxonomy":"giftcard-category","embeddable":true,"href":"https:\/\/scramblestuff.com\/eu\/fr\/wp-json\/wp\/v2\/giftcard-category?post=70677"}],"curies":[{"name":"wp","href":"https:\/\/api.w.org\/{rel}","templated":true}]}}