{"id":70684,"date":"2022-03-03T12:24:22","date_gmt":"2022-09-12T11:51:39","guid":{"rendered":"https:\/\/scramblestuff.com\/eu\/p\/scramble-saku-soccer-rashguard\/"},"modified":"2023-04-12T16:05:24","modified_gmt":"2023-04-12T15:05:24","slug":"scramble-saku-soccer-rashguard-2","status":"publish","type":"product","link":"https:\/\/scramblestuff.com\/eu\/fr\/p\/scramble-saku-soccer-rashguard-2\/","title":{"rendered":"Scramble Saku Soccer Rashguard"},"content":{"rendered":"<p>Je m&rsquo;excuse sinc\u00e8rement aupr\u00e8s de nos fans anglais pour avoir utilis\u00e9 le mot \u00ab\u00a0Soccer\u00a0\u00bb, mais l&rsquo;allit\u00e9ration avec Saku \u00e9tait meilleure que celle avec le football, alors faites avec.<\/p>\n<p>Notre collaboration avec la l\u00e9gende vivante qu&rsquo;est Kazushi Sakuraba, sans doute est le plus grand combattant de MMA de tous les temps. Ce rashguard est parfait pour les entra\u00eenements sans GI ou MMA, et son design est un clin d&rsquo;\u0153il \u00e0 l&rsquo;uniforme de l&rsquo;\u00e9quipe internationale de football du Japon.<\/p>\n","protected":false},"excerpt":{"rendered":"<p>Une sublimation de qualit\u00e9 sup\u00e9rieure<br \/>\nCollabo officiel avec la l\u00e9gende<br \/>\nInspir\u00e9 par l&rsquo;\u00e9quipe de football japonaise<\/p>\n","protected":false},"featured_media":69868,"comment_status":"open","ping_status":"closed","template":"","meta":{"_editorskit_title_hidden":false,"_editorskit_reading_time":0,"_editorskit_is_block_options_detached":false,"_editorskit_block_options_position":"{}"},"product_brand":[],"product_cat":[212,280,184],"product_tag":[],"giftcard-category":[],"class_list":{"0":"post-70684","1":"product","2":"type-product","3":"status-publish","4":"has-post-thumbnail","6":"product_cat-lusure-de-combat","7":"product_cat-rashguards-fr","8":"product_cat-tous-les-produits","10":"first","11":"outofstock","12":"taxable","13":"shipping-taxable","14":"purchasable","15":"product-type-variable"},"_links":{"self":[{"href":"https:\/\/scramblestuff.com\/eu\/fr\/wp-json\/wp\/v2\/product\/70684","targetHints":{"allow":["GET"]}}],"collection":[{"href":"https:\/\/scramblestuff.com\/eu\/fr\/wp-json\/wp\/v2\/product"}],"about":[{"href":"https:\/\/scramblestuff.com\/eu\/fr\/wp-json\/wp\/v2\/types\/product"}],"replies":[{"embeddable":true,"href":"https:\/\/scramblestuff.com\/eu\/fr\/wp-json\/wp\/v2\/comments?post=70684"}],"wp:featuredmedia":[{"embeddable":true,"href":"https:\/\/scramblestuff.com\/eu\/fr\/wp-json\/wp\/v2\/media\/69868"}],"wp:attachment":[{"href":"https:\/\/scramblestuff.com\/eu\/fr\/wp-json\/wp\/v2\/media?parent=70684"}],"wp:term":[{"taxonomy":"product_brand","embeddable":true,"href":"https:\/\/scramblestuff.com\/eu\/fr\/wp-json\/wp\/v2\/product_brand?post=70684"},{"taxonomy":"product_cat","embeddable":true,"href":"https:\/\/scramblestuff.com\/eu\/fr\/wp-json\/wp\/v2\/product_cat?post=70684"},{"taxonomy":"product_tag","embeddable":true,"href":"https:\/\/scramblestuff.com\/eu\/fr\/wp-json\/wp\/v2\/product_tag?post=70684"},{"taxonomy":"giftcard-category","embeddable":true,"href":"https:\/\/scramblestuff.com\/eu\/fr\/wp-json\/wp\/v2\/giftcard-category?post=70684"}],"curies":[{"name":"wp","href":"https:\/\/api.w.org\/{rel}","templated":true}]}}