{"id":70719,"date":"2022-02-02T10:28:33","date_gmt":"2022-09-12T13:50:31","guid":{"rendered":"https:\/\/scramblestuff.com\/eu\/p\/scramble-base-tee-green\/"},"modified":"2023-01-31T11:38:49","modified_gmt":"2023-01-31T11:38:49","slug":"scramble-base-tee-green-2","status":"publish","type":"product","link":"https:\/\/scramblestuff.com\/eu\/fr\/p\/scramble-base-tee-green-2\/","title":{"rendered":"Scramble Base Tee &#8211; Green"},"content":{"rendered":"<p>Ces t-shirts sont fabriqu\u00e9s en coton biologique doux de la plus haute qualit\u00e9 et sont de coupe normale. Si vous pr\u00e9f\u00e9rez une coupe plus d\u00e9tendue ou plus g\u00e9n\u00e9reuse, commandez une taille au-dessus. Les tee-shirts portent simplement le logo Scramble et l&rsquo;ann\u00e9e d&rsquo;apparition de la marque, en 2009.<\/p>\n","protected":false},"excerpt":{"rendered":"<p>Coton biologique de tr\u00e8s haute qualit\u00e9<br \/>\nCoupe r\u00e9guli\u00e8re &#8211; Prenez une taille sup\u00e9rieure si vous souhaitez une coupe plus d\u00e9tendue.<br \/>\nLe plus simple est le meilleur<\/p>\n","protected":false},"featured_media":68983,"comment_status":"open","ping_status":"closed","template":"","meta":{"_editorskit_title_hidden":false,"_editorskit_reading_time":0,"_editorskit_is_block_options_detached":false,"_editorskit_block_options_position":"{}"},"product_brand":[],"product_cat":[27,208,184,230,188],"product_tag":[],"giftcard-category":[],"class_list":{"0":"post-70719","1":"product","2":"type-product","3":"status-publish","4":"has-post-thumbnail","6":"product_cat-sale","7":"product_cat-t-shirts-fr","8":"product_cat-tous-les-produits","9":"product_cat-vente","10":"product_cat-vetement-de-tous-les-jours","12":"first","13":"outofstock","14":"taxable","15":"shipping-taxable","16":"purchasable","17":"product-type-variable"},"_links":{"self":[{"href":"https:\/\/scramblestuff.com\/eu\/fr\/wp-json\/wp\/v2\/product\/70719","targetHints":{"allow":["GET"]}}],"collection":[{"href":"https:\/\/scramblestuff.com\/eu\/fr\/wp-json\/wp\/v2\/product"}],"about":[{"href":"https:\/\/scramblestuff.com\/eu\/fr\/wp-json\/wp\/v2\/types\/product"}],"replies":[{"embeddable":true,"href":"https:\/\/scramblestuff.com\/eu\/fr\/wp-json\/wp\/v2\/comments?post=70719"}],"wp:featuredmedia":[{"embeddable":true,"href":"https:\/\/scramblestuff.com\/eu\/fr\/wp-json\/wp\/v2\/media\/68983"}],"wp:attachment":[{"href":"https:\/\/scramblestuff.com\/eu\/fr\/wp-json\/wp\/v2\/media?parent=70719"}],"wp:term":[{"taxonomy":"product_brand","embeddable":true,"href":"https:\/\/scramblestuff.com\/eu\/fr\/wp-json\/wp\/v2\/product_brand?post=70719"},{"taxonomy":"product_cat","embeddable":true,"href":"https:\/\/scramblestuff.com\/eu\/fr\/wp-json\/wp\/v2\/product_cat?post=70719"},{"taxonomy":"product_tag","embeddable":true,"href":"https:\/\/scramblestuff.com\/eu\/fr\/wp-json\/wp\/v2\/product_tag?post=70719"},{"taxonomy":"giftcard-category","embeddable":true,"href":"https:\/\/scramblestuff.com\/eu\/fr\/wp-json\/wp\/v2\/giftcard-category?post=70719"}],"curies":[{"name":"wp","href":"https:\/\/api.w.org\/{rel}","templated":true}]}}