{"id":70758,"date":"2024-11-01T12:03:44","date_gmt":"2024-11-01T12:03:44","guid":{"rendered":"https:\/\/scramblestuff.com\/eu\/p\/scramble-base-k-gi-white\/"},"modified":"2026-03-31T14:04:59","modified_gmt":"2026-03-31T13:04:59","slug":"scramble-base-k-gi-white-2","status":"publish","type":"product","link":"https:\/\/scramblestuff.com\/eu\/fr\/p\/scramble-base-k-gi-white-2\/","title":{"rendered":"Scramble Base-K Gi White"},"content":{"rendered":"<p>Le Base-K est le r\u00e9sultat de pr\u00e8s de 12 ann\u00e9es pass\u00e9es dans l&rsquo;industrie du Jiujitsu. Un look propre et raffin\u00e9, qui est sous-estim\u00e9 et vous permet de personnaliser votre Gi autant ou aussi peu que vous le souhaitez, selon votre pr\u00e9f\u00e9rence. Le logo du Scramble, apr\u00e8s plus d&rsquo;une d\u00e9cennie dans le sport, repr\u00e9sente maintenant vraiment quelque chose, c&rsquo;est pourquoi nous avons limit\u00e9 les d\u00e9corations \u00e0 quelques exemples simples du logo lui-m\u00eame.<\/p>\n<p>L&rsquo;absence de d\u00e9corations inutiles nous a permis de maintenir un prix moins cher \u00e0 celui de nos autres GIS Flagship, tout en mettant l&rsquo;accent sur la qualit\u00e9. Les mat\u00e9riaux, l&rsquo;ajustement et la finition parlent d&rsquo;eux-m\u00eames.<\/p>\n<p>Le logo SK (Scramble Kimono) est directement brod\u00e9 sur nos pantalons.<\/p>\n","protected":false},"excerpt":{"rendered":"<p>Propre, simple et de qualit\u00e9 sup\u00e9rieure<br \/>\nHaut 450gsm, pantalon ripstop de poids moyen<br \/>\nPolyvalent pour l&rsquo;entra\u00eenement et la comp\u00e9tition<\/p>\n","protected":false},"featured_media":86998,"comment_status":"open","ping_status":"closed","template":"","meta":{"_editorskit_title_hidden":false,"_editorskit_reading_time":0,"_editorskit_is_block_options_detached":false,"_editorskit_block_options_position":"{}"},"product_brand":[],"product_cat":[303,212,27,184,230],"product_tag":[],"giftcard-category":[],"class_list":{"0":"post-70758","1":"product","2":"type-product","3":"status-publish","4":"has-post-thumbnail","6":"product_cat-bjj-gi","7":"product_cat-lusure-de-combat","8":"product_cat-sale","9":"product_cat-tous-les-produits","10":"product_cat-vente","12":"first","13":"instock","14":"sale","15":"taxable","16":"shipping-taxable","17":"purchasable","18":"product-type-variable"},"_links":{"self":[{"href":"https:\/\/scramblestuff.com\/eu\/fr\/wp-json\/wp\/v2\/product\/70758","targetHints":{"allow":["GET"]}}],"collection":[{"href":"https:\/\/scramblestuff.com\/eu\/fr\/wp-json\/wp\/v2\/product"}],"about":[{"href":"https:\/\/scramblestuff.com\/eu\/fr\/wp-json\/wp\/v2\/types\/product"}],"replies":[{"embeddable":true,"href":"https:\/\/scramblestuff.com\/eu\/fr\/wp-json\/wp\/v2\/comments?post=70758"}],"wp:featuredmedia":[{"embeddable":true,"href":"https:\/\/scramblestuff.com\/eu\/fr\/wp-json\/wp\/v2\/media\/86998"}],"wp:attachment":[{"href":"https:\/\/scramblestuff.com\/eu\/fr\/wp-json\/wp\/v2\/media?parent=70758"}],"wp:term":[{"taxonomy":"product_brand","embeddable":true,"href":"https:\/\/scramblestuff.com\/eu\/fr\/wp-json\/wp\/v2\/product_brand?post=70758"},{"taxonomy":"product_cat","embeddable":true,"href":"https:\/\/scramblestuff.com\/eu\/fr\/wp-json\/wp\/v2\/product_cat?post=70758"},{"taxonomy":"product_tag","embeddable":true,"href":"https:\/\/scramblestuff.com\/eu\/fr\/wp-json\/wp\/v2\/product_tag?post=70758"},{"taxonomy":"giftcard-category","embeddable":true,"href":"https:\/\/scramblestuff.com\/eu\/fr\/wp-json\/wp\/v2\/giftcard-category?post=70758"}],"curies":[{"name":"wp","href":"https:\/\/api.w.org\/{rel}","templated":true}]}}