{"id":70805,"date":"2021-11-10T11:59:36","date_gmt":"2022-09-17T14:23:52","guid":{"rendered":"https:\/\/scramblestuff.com\/eu\/p\/scramble-base-spats-woodland-camo\/"},"modified":"2022-09-17T15:23:52","modified_gmt":"2022-09-17T14:23:52","slug":"scramble-base-spats-woodland-camo-2","status":"publish","type":"product","link":"https:\/\/scramblestuff.com\/eu\/fr\/p\/scramble-base-spats-woodland-camo-2\/","title":{"rendered":"Scramble Base Spats &#8211; Woodland Camo"},"content":{"rendered":"<p>Fait partie de la gamme BASE de Scramble, une gamme con\u00e7ue pour \u00e9quilibrer la forme et la fonction, avec un marquage simple et coh\u00e9rent et une large gamme de couleurs. La gamme Base privil\u00e9gie l&rsquo;ajustement, la sensation et les mat\u00e9riaux pour cr\u00e9er des v\u00eatements d&rsquo;entra\u00eenement confortables et audacieux.<\/p>\n<p>Ces gu\u00eatres non Gi, grappling \/ MMA pr\u00e9sentent notre motif camo Scramble Tiger personnalis\u00e9<\/p>\n","protected":false},"excerpt":{"rendered":"<p>Fait partie de la gamme de mat\u00e9riel d&rsquo;entra\u00eenement Base<\/p>\n<p>Motif Scramble Woodland Camo fait sur mesure<\/p>\n<p>La coupe est ajust\u00e9e \/ athl\u00e9tique<\/p>\n","protected":false},"featured_media":69198,"comment_status":"open","ping_status":"closed","template":"","meta":{"_editorskit_title_hidden":false,"_editorskit_reading_time":0,"_editorskit_is_block_options_detached":false,"_editorskit_block_options_position":"{}"},"product_brand":[],"product_cat":[212,305,292,184],"product_tag":[],"giftcard-category":[],"class_list":{"0":"post-70805","1":"product","2":"type-product","3":"status-publish","4":"has-post-thumbnail","6":"product_cat-lusure-de-combat","7":"product_cat-mma-fr","8":"product_cat-spats-collants","9":"product_cat-tous-les-produits","11":"first","12":"outofstock","13":"taxable","14":"shipping-taxable","15":"purchasable","16":"product-type-variable"},"_links":{"self":[{"href":"https:\/\/scramblestuff.com\/eu\/fr\/wp-json\/wp\/v2\/product\/70805","targetHints":{"allow":["GET"]}}],"collection":[{"href":"https:\/\/scramblestuff.com\/eu\/fr\/wp-json\/wp\/v2\/product"}],"about":[{"href":"https:\/\/scramblestuff.com\/eu\/fr\/wp-json\/wp\/v2\/types\/product"}],"replies":[{"embeddable":true,"href":"https:\/\/scramblestuff.com\/eu\/fr\/wp-json\/wp\/v2\/comments?post=70805"}],"wp:featuredmedia":[{"embeddable":true,"href":"https:\/\/scramblestuff.com\/eu\/fr\/wp-json\/wp\/v2\/media\/69198"}],"wp:attachment":[{"href":"https:\/\/scramblestuff.com\/eu\/fr\/wp-json\/wp\/v2\/media?parent=70805"}],"wp:term":[{"taxonomy":"product_brand","embeddable":true,"href":"https:\/\/scramblestuff.com\/eu\/fr\/wp-json\/wp\/v2\/product_brand?post=70805"},{"taxonomy":"product_cat","embeddable":true,"href":"https:\/\/scramblestuff.com\/eu\/fr\/wp-json\/wp\/v2\/product_cat?post=70805"},{"taxonomy":"product_tag","embeddable":true,"href":"https:\/\/scramblestuff.com\/eu\/fr\/wp-json\/wp\/v2\/product_tag?post=70805"},{"taxonomy":"giftcard-category","embeddable":true,"href":"https:\/\/scramblestuff.com\/eu\/fr\/wp-json\/wp\/v2\/giftcard-category?post=70805"}],"curies":[{"name":"wp","href":"https:\/\/api.w.org\/{rel}","templated":true}]}}