{"id":70826,"date":"2021-09-28T13:10:49","date_gmt":"2022-09-17T15:20:17","guid":{"rendered":"https:\/\/scramblestuff.com\/eu\/p\/scramble-3d-logo-rashguard\/"},"modified":"2022-09-17T16:20:17","modified_gmt":"2022-09-17T15:20:17","slug":"scramble-3d-logo-rashguard-2","status":"publish","type":"product","link":"https:\/\/scramblestuff.com\/eu\/fr\/p\/scramble-3d-logo-rashguard-2\/","title":{"rendered":"Scramble 3d Logo Rashguard"},"content":{"rendered":"<p>Le plus simple est le meilleur. Retour aux basiques avec ce rashguard de haute qualit\u00e9 au style minimaliste. Avec un nouveau logo Scramble 3D sur le devant et un texte descriptif en gras aux endroits cl\u00e9s. Parfait pour le Jiujitsu.<\/p>\n","protected":false},"excerpt":{"rendered":"<p>Rashguard \u00e0 manches longues coupe d\u00e9tendue, commandez une taille en dessous pour un ajustement plus serr\u00e9 Graphiques sublim\u00e9s<\/p>\n","protected":false},"featured_media":59996,"comment_status":"open","ping_status":"closed","template":"","meta":{"_editorskit_title_hidden":false,"_editorskit_reading_time":0,"_editorskit_is_block_options_detached":false,"_editorskit_block_options_position":"{}"},"product_brand":[],"product_cat":[212,305,280,184],"product_tag":[],"giftcard-category":[],"class_list":{"0":"post-70826","1":"product","2":"type-product","3":"status-publish","4":"has-post-thumbnail","6":"product_cat-lusure-de-combat","7":"product_cat-mma-fr","8":"product_cat-rashguards-fr","9":"product_cat-tous-les-produits","11":"first","12":"outofstock","13":"taxable","14":"shipping-taxable","15":"purchasable","16":"product-type-variable"},"_links":{"self":[{"href":"https:\/\/scramblestuff.com\/eu\/fr\/wp-json\/wp\/v2\/product\/70826","targetHints":{"allow":["GET"]}}],"collection":[{"href":"https:\/\/scramblestuff.com\/eu\/fr\/wp-json\/wp\/v2\/product"}],"about":[{"href":"https:\/\/scramblestuff.com\/eu\/fr\/wp-json\/wp\/v2\/types\/product"}],"replies":[{"embeddable":true,"href":"https:\/\/scramblestuff.com\/eu\/fr\/wp-json\/wp\/v2\/comments?post=70826"}],"wp:featuredmedia":[{"embeddable":true,"href":"https:\/\/scramblestuff.com\/eu\/fr\/wp-json\/wp\/v2\/media\/59996"}],"wp:attachment":[{"href":"https:\/\/scramblestuff.com\/eu\/fr\/wp-json\/wp\/v2\/media?parent=70826"}],"wp:term":[{"taxonomy":"product_brand","embeddable":true,"href":"https:\/\/scramblestuff.com\/eu\/fr\/wp-json\/wp\/v2\/product_brand?post=70826"},{"taxonomy":"product_cat","embeddable":true,"href":"https:\/\/scramblestuff.com\/eu\/fr\/wp-json\/wp\/v2\/product_cat?post=70826"},{"taxonomy":"product_tag","embeddable":true,"href":"https:\/\/scramblestuff.com\/eu\/fr\/wp-json\/wp\/v2\/product_tag?post=70826"},{"taxonomy":"giftcard-category","embeddable":true,"href":"https:\/\/scramblestuff.com\/eu\/fr\/wp-json\/wp\/v2\/giftcard-category?post=70826"}],"curies":[{"name":"wp","href":"https:\/\/api.w.org\/{rel}","templated":true}]}}