{"id":70946,"date":"2021-02-10T11:17:10","date_gmt":"2021-02-10T11:17:10","guid":{"rendered":"https:\/\/scramblestuff.com\/eu\/p\/scramble-standard-issue-black\/"},"modified":"2026-03-31T21:09:01","modified_gmt":"2026-03-31T20:09:01","slug":"scramble-standard-issue-black-2","status":"publish","type":"product","link":"https:\/\/scramblestuff.com\/eu\/fr\/p\/scramble-standard-issue-black-2\/","title":{"rendered":"Scramble Standard Issue &#8211; Black"},"content":{"rendered":"<p>Le Standard Issue &#8211; Kimono semi-custom en noir, de Scramble, nouveau pour 2020.<\/p>\n<p>Ce Gi de Jiujitsu a un dessus en tissu perl\u00e9 450gsm, qui est rapidement devenu la norme et qui est un excellent \u00e9quilibre entre le poids et la durabilit\u00e9. Le pantalon est en ripstop cette fois-ci, et p\u00e8se 10 oz. Tous les mat\u00e9riaux sont 100% coton<\/p>\n<p>Ce Gi BJJ est le troisi\u00e8me de notre s\u00e9rie de Gis simples, de haute qualit\u00e9 et personnalisables, id\u00e9al pour les d\u00e9butants, les pros et les personnes qui veulent simplement un Gi vierge de bonne qualit\u00e9, \u00e0 d\u00e9corer comme ils le souhaitent. En parlant de la d\u00e9coration, le Scramble Standard Issue &#8211; Semi Custom de cette ann\u00e9e est livr\u00e9 avec un choix de packs de patchs. Pour voir les derni\u00e8res nouveaut\u00e9s, consultez la courte description ci-dessus.<\/p>\n<p>Les packs de correctifs disponibles au lancement sont les suivants :<\/p>\n<p>Meerkatsu Patch Pack<\/p>\n<p>Deadlabs Patch Pack<\/p>\n<p>Art Junkie Tokyo Patch Pack<\/p>\n<p>et le Scramble Patch Pack.<\/p>\n<p>&nbsp;<\/p>\n","protected":false},"excerpt":{"rendered":"<p>Packs de correctifs disponibles :<\/p>\n<table>\n<tbody>\n<tr>\n<td><strong>Americana <\/strong><\/p>\n<p><a href=\"https:\/\/scramblestuff.com\/eu\/wp-content\/uploads\/2022\/09\/AMERICANAPATCH1.png\" target=\"_blank\" rel=\"noopener noreferrer\"><img decoding=\"async\" class=\"aligncenter wp-image-69075\" src=\"https:\/\/scramblestuff.com\/eu\/wp-content\/uploads\/2022\/09\/AMERICANAPATCH1-262x262.png\" alt=\"\" width=\"120\" height=\"120\"><\/a><\/td>\n<td><strong>N. Bogdanov<\/strong><\/p>\n<p><a href=\"https:\/\/scramblestuff.com\/eu\/wp-content\/uploads\/2022\/09\/NEMANJAPATCH1.png\" target=\"_blank\" rel=\"noopener noreferrer\"><img decoding=\"async\" class=\"aligncenter wp-image-69107\" src=\"https:\/\/scramblestuff.com\/eu\/wp-content\/uploads\/2022\/09\/NEMANJAPATCH1-262x262.png\" alt=\"\" width=\"120\" height=\"120\"><\/a><\/td>\n<\/tr>\n<tr>\n<td><strong>Scramblogos v.1<\/strong><\/p>\n<p><a href=\"https:\/\/scramblestuff.com\/eu\/wp-content\/uploads\/2022\/09\/SCRAMPATCH11-1.png\" target=\"_blank\" rel=\"noopener noreferrer\"><img decoding=\"async\" class=\"aligncenter wp-image-69082\" src=\"https:\/\/scramblestuff.com\/eu\/wp-content\/uploads\/2022\/09\/SCRAMPATCH11-1-262x262.png\" alt=\"\" width=\"120\" height=\"120\"><\/a><\/td>\n<td><strong>Scramblogos v.2<\/strong><\/p>\n<p><a href=\"https:\/\/scramblestuff.com\/eu\/wp-content\/uploads\/2022\/09\/SCRAMPATCH21-1.png\" target=\"_blank\" rel=\"noopener noreferrer\"><img decoding=\"async\" class=\"aligncenter wp-image-69090\" src=\"https:\/\/scramblestuff.com\/eu\/wp-content\/uploads\/2022\/09\/SCRAMPATCH21-1-262x262.png\" alt=\"\" width=\"120\" height=\"120\"><\/a><\/td>\n<\/tr>\n<\/tbody>\n<\/table>\n","protected":false},"featured_media":89030,"comment_status":"open","ping_status":"closed","template":"","meta":{"_editorskit_title_hidden":false,"_editorskit_reading_time":0,"_editorskit_is_block_options_detached":false,"_editorskit_block_options_position":"{}"},"product_brand":[],"product_cat":[303,212,309,184],"product_tag":[1236],"giftcard-category":[],"class_list":{"0":"post-70946","1":"product","2":"type-product","3":"status-publish","4":"has-post-thumbnail","6":"product_cat-bjj-gi","7":"product_cat-lusure-de-combat","8":"product_cat-standard-issue-gi-fr","9":"product_cat-tous-les-produits","10":"product_tag-standard-issue-gi","12":"first","13":"instock","14":"taxable","15":"shipping-taxable","16":"purchasable","17":"product-type-variable"},"_links":{"self":[{"href":"https:\/\/scramblestuff.com\/eu\/fr\/wp-json\/wp\/v2\/product\/70946","targetHints":{"allow":["GET"]}}],"collection":[{"href":"https:\/\/scramblestuff.com\/eu\/fr\/wp-json\/wp\/v2\/product"}],"about":[{"href":"https:\/\/scramblestuff.com\/eu\/fr\/wp-json\/wp\/v2\/types\/product"}],"replies":[{"embeddable":true,"href":"https:\/\/scramblestuff.com\/eu\/fr\/wp-json\/wp\/v2\/comments?post=70946"}],"wp:featuredmedia":[{"embeddable":true,"href":"https:\/\/scramblestuff.com\/eu\/fr\/wp-json\/wp\/v2\/media\/89030"}],"wp:attachment":[{"href":"https:\/\/scramblestuff.com\/eu\/fr\/wp-json\/wp\/v2\/media?parent=70946"}],"wp:term":[{"taxonomy":"product_brand","embeddable":true,"href":"https:\/\/scramblestuff.com\/eu\/fr\/wp-json\/wp\/v2\/product_brand?post=70946"},{"taxonomy":"product_cat","embeddable":true,"href":"https:\/\/scramblestuff.com\/eu\/fr\/wp-json\/wp\/v2\/product_cat?post=70946"},{"taxonomy":"product_tag","embeddable":true,"href":"https:\/\/scramblestuff.com\/eu\/fr\/wp-json\/wp\/v2\/product_tag?post=70946"},{"taxonomy":"giftcard-category","embeddable":true,"href":"https:\/\/scramblestuff.com\/eu\/fr\/wp-json\/wp\/v2\/giftcard-category?post=70946"}],"curies":[{"name":"wp","href":"https:\/\/api.w.org\/{rel}","templated":true}]}}