{"id":71072,"date":"2021-02-10T11:04:49","date_gmt":"2021-02-10T11:04:49","guid":{"rendered":"https:\/\/scramblestuff.com\/eu\/p\/scramble-tanren-v4-bjj-belt-black\/"},"modified":"2026-03-26T14:42:43","modified_gmt":"2026-03-26T14:42:43","slug":"scramble-tanren-v4-bjj-belt-black-2","status":"publish","type":"product","link":"https:\/\/scramblestuff.com\/eu\/fr\/p\/scramble-tanren-v4-bjj-belt-black-2\/","title":{"rendered":"Scramble Tanren v4 BJJ Belt &#8211; Black"},"content":{"rendered":"<p>La 4\u00e8me g\u00e9n\u00e9ration de la ceinture Scramble, est faite d&rsquo;un mat\u00e9riau de premi\u00e8re qualit\u00e9, semblable \u00e0 une ceinture et est longue et venteuse, id\u00e9ale pour attacher votre Gi et montrer aux gens \u00e0 quel point vous \u00eates bon en Jiujitsu&#8230;.Impressionnant. Avec quelques retours en arri\u00e8re dans le design de la ceinture V1 Tanren, comme une jolie broderie de la barre du classement et une \u00e9tiquette fantaisie de type or. (con\u00e7ue pour montrer \u00e0 quel point vos go\u00fbts sont chics et \u00e9l\u00e9gants), cette ceinture est fabriqu\u00e9e avec notre haute qualit\u00e9 habituelle. Elle n&rsquo;est pas recommand\u00e9e pour le Non Gi, car la ceinture doit \u00eatre utilis\u00e9e uniquement dans le vrai Jiu-Jitsu&#8230;.. dans le Gi comme Helio l&rsquo;a pr\u00e9vu. Fait amusant :Le Black Belt en esp\u00e9ranto se traduit par grand \u00e9lan. La longueur de ces ceintures est la suivante, mais vous pouvez en principe, commander en fonction de la taille de votre gi. Si vous avez un doute, ou si vous \u00eates entre deux tailles, vous devriez probablement prendre la taille sup\u00e9rieure et la r\u00e9duire progressivement. A0 &#8211; 225cm A1 &#8211; 255cm A2 &#8211; 290cm A3 &#8211; 305cm A4 &#8211; 320cm<\/p>\n","protected":false},"excerpt":{"rendered":"<p>La 4\u00e8me g\u00e9n\u00e9ration de la ceinture Scramble, est faite d&rsquo;un mat\u00e9riau de premi\u00e8re qualit\u00e9, semblable \u00e0 une ceinture et est longue et venteuse, id\u00e9ale pour attacher votre Gi et montrer aux gens \u00e0 quel point vous \u00eates bon en Jiujitsu&#8230;.Impressionnant. Avec quelques retours en arri\u00e8re dans le design de la ceinture V1 Tanren, comme une<\/p>\n<div><a class=\"btn-filled btn\" href=\"https:\/\/scramblestuff.com\/eu\/fr\/p\/scramble-tanren-v4-bjj-belt-black-2\/\" title=\"Scramble Tanren v4 BJJ Belt &#8211; Black\">Lire la suite<\/a><\/div>\n","protected":false},"featured_media":97109,"comment_status":"open","ping_status":"closed","template":"","meta":{"_editorskit_title_hidden":false,"_editorskit_reading_time":0,"_editorskit_is_block_options_detached":false,"_editorskit_block_options_position":"{}"},"product_brand":[],"product_cat":[216,212,184],"product_tag":[],"giftcard-category":[],"class_list":{"0":"post-71072","1":"product","2":"type-product","3":"status-publish","4":"has-post-thumbnail","6":"product_cat-bjj-ceintures","7":"product_cat-lusure-de-combat","8":"product_cat-tous-les-produits","10":"first","11":"instock","12":"taxable","13":"shipping-taxable","14":"purchasable","15":"product-type-variable"},"_links":{"self":[{"href":"https:\/\/scramblestuff.com\/eu\/fr\/wp-json\/wp\/v2\/product\/71072","targetHints":{"allow":["GET"]}}],"collection":[{"href":"https:\/\/scramblestuff.com\/eu\/fr\/wp-json\/wp\/v2\/product"}],"about":[{"href":"https:\/\/scramblestuff.com\/eu\/fr\/wp-json\/wp\/v2\/types\/product"}],"replies":[{"embeddable":true,"href":"https:\/\/scramblestuff.com\/eu\/fr\/wp-json\/wp\/v2\/comments?post=71072"}],"wp:featuredmedia":[{"embeddable":true,"href":"https:\/\/scramblestuff.com\/eu\/fr\/wp-json\/wp\/v2\/media\/97109"}],"wp:attachment":[{"href":"https:\/\/scramblestuff.com\/eu\/fr\/wp-json\/wp\/v2\/media?parent=71072"}],"wp:term":[{"taxonomy":"product_brand","embeddable":true,"href":"https:\/\/scramblestuff.com\/eu\/fr\/wp-json\/wp\/v2\/product_brand?post=71072"},{"taxonomy":"product_cat","embeddable":true,"href":"https:\/\/scramblestuff.com\/eu\/fr\/wp-json\/wp\/v2\/product_cat?post=71072"},{"taxonomy":"product_tag","embeddable":true,"href":"https:\/\/scramblestuff.com\/eu\/fr\/wp-json\/wp\/v2\/product_tag?post=71072"},{"taxonomy":"giftcard-category","embeddable":true,"href":"https:\/\/scramblestuff.com\/eu\/fr\/wp-json\/wp\/v2\/giftcard-category?post=71072"}],"curies":[{"name":"wp","href":"https:\/\/api.w.org\/{rel}","templated":true}]}}